{"id":8851,"date":"2026-01-01T06:32:52","date_gmt":"2026-01-01T06:32:52","guid":{"rendered":"https:\/\/www.ceramicbasin.com\/?post_type=product&#038;p=8851"},"modified":"2026-01-07T09:19:25","modified_gmt":"2026-01-07T09:19:25","slug":"wholesale-bath-lavatory-sink","status":"publish","type":"product","link":"https:\/\/www.ceramicbasin.com\/pt\/produto\/wholesale-bath-lavatory-sink\/","title":{"rendered":"Lavat\u00f3rio de banho por atacado, Bacias de casa de banho pequenas e personalizadas"},"content":{"rendered":"<div class=\"wp-block-columns is-layout-flex wp-container-core-columns-is-layout-9d6595d7 wp-block-columns-is-layout-flex\">\n<div class=\"wp-block-column is-layout-flow wp-block-column-is-layout-flow\">\n<h2 class=\"wp-block-heading\">Lavat\u00f3rio de banho Premium Wholesale Carater\u00edsticas:<\/h2>\n\n\n\n<ul class=\"wp-block-list\">\n<li><strong>Material de alta qualidade:<\/strong> Este lavat\u00f3rio de banho por atacado \u00e9 feito de materiais cer\u00e2micos de primeira qualidade, cozidos a alta temperatura, resistentes, \u00e0 prova de manchas e riscos. A superf\u00edcie transparente \u00e9 f\u00e1cil de limpar.<\/li>\n\n\n\n<li><strong>Design moderno e minimalista: <\/strong>Este lavat\u00f3rio de banho por atacado tem arestas rectas, limpas e quadradas que criam uma declara\u00e7\u00e3o visual clara e n\u00edtida, adequada para estilos de casa de banho modernos, n\u00f3rdicos, minimalistas e outros.<\/li>\n\n\n\n<li><strong>Design de lavat\u00f3rio \u00fanico de bancada: <\/strong>Este lavat\u00f3rio de banho por atacado apresenta uma estrutura de bancada de vaso \u00fanico que \u00e9 f\u00e1cil de instalar e adequada para v\u00e1rios materiais de bancada, reduzindo a dificuldade de constru\u00e7\u00e3o e os custos de instala\u00e7\u00e3o.<\/li>\n\n\n\n<li><strong>Design de tamanho pequeno: <\/strong>Os nossos lavat\u00f3rios de casa de banho personalizados s\u00e3o especificamente concebidos para casas de banho pequenas, casas de banho de h\u00f3spedes, quartos de hotel e projectos de apartamentos, equilibrando a funcionalidade e a utiliza\u00e7\u00e3o do espa\u00e7o.<\/li>\n\n\n\n<li><strong>Adequado para uma variedade de cen\u00e1rios:<\/strong> Os lavat\u00f3rios de casa de banho personalizados s\u00e3o amplamente utilizados em casas de banho de hot\u00e9is, apartamentos comerciais, escrit\u00f3rios e edif\u00edcios residenciais de luxo; satisfazem tanto as necessidades de compra a granel como as de projeto.<\/li>\n<\/ul>\n<\/div>\n\n\n\n<div class=\"wp-block-column is-layout-flow wp-block-column-is-layout-flow\">\n<figure class=\"wp-block-image size-full\"><img fetchpriority=\"high\" decoding=\"async\" width=\"660\" height=\"936\" src=\"https:\/\/www.ceramicbasin.com\/wp-content\/uploads\/2026\/01\/wholesale-bath-lavatory-sink-small-custom-bathroom-basins-6.webp\" alt=\"lavat\u00f3rio de casa de banho por atacado - lavat\u00f3rio pequeno - bacias de casa de banho personalizadas - 6\" class=\"wp-image-8871\" srcset=\"https:\/\/www.ceramicbasin.com\/wp-content\/uploads\/2026\/01\/wholesale-bath-lavatory-sink-small-custom-bathroom-basins-6.webp 660w, https:\/\/www.ceramicbasin.com\/wp-content\/uploads\/2026\/01\/wholesale-bath-lavatory-sink-small-custom-bathroom-basins-6-212x300.webp 212w, https:\/\/www.ceramicbasin.com\/wp-content\/uploads\/2026\/01\/wholesale-bath-lavatory-sink-small-custom-bathroom-basins-6-8x12.webp 8w, https:\/\/www.ceramicbasin.com\/wp-content\/uploads\/2026\/01\/wholesale-bath-lavatory-sink-small-custom-bathroom-basins-6-285x404.webp 285w, https:\/\/www.ceramicbasin.com\/wp-content\/uploads\/2026\/01\/wholesale-bath-lavatory-sink-small-custom-bathroom-basins-6-465x660.webp 465w, https:\/\/www.ceramicbasin.com\/wp-content\/uploads\/2026\/01\/wholesale-bath-lavatory-sink-small-custom-bathroom-basins-6-106x150.webp 106w\" sizes=\"(max-width: 660px) 100vw, 660px\" \/><\/figure>\n<\/div>\n<\/div>","protected":false},"excerpt":{"rendered":"<div class=\"highlights-border-container\" data-v-944c06bb=\"\">Bem-vindo \u00e0 compra por grosso de lavat\u00f3rio de banho em cer\u00e2mica de alta cozedura, com um esmalte suave, adequado para hot\u00e9is, projectos de engenharia e propriet\u00e1rios de marcas. Este lavat\u00f3rio quadrado de cer\u00e2mica branca com uma superf\u00edcie de esmalte suave e delicada que oferece excelente resist\u00eancia a manchas e arranh\u00f5es, tornando-o f\u00e1cil de limpar e mantendo-o com aspeto novo por muito tempo. Oferecemos pre\u00e7os muito competitivos para satisfazer as suas necessidades de compra de lavat\u00f3rios de casa de banho.<\/div>\n<div class=\"text-stats\" data-v-944c06bb=\"\">\n<div class=\"stats\" data-v-944c06bb=\"\"><span class=\"highlights-note\" data-v-944c06bb=\"\">\u00a0<\/span><\/div>\n<\/div>\n<table style=\"border-collapse: collapse; width: 311.02pt;\" border=\"0\" width=\"311\" cellspacing=\"0\" cellpadding=\"0\">\n<tbody>\n<tr style=\"height: 17.60pt;\">\n<td class=\"et3\" style=\"height: 17.60pt; width: 108.35pt;\" width=\"108\" height=\"17\">Fabricante<\/td>\n<td class=\"et3\" style=\"width: 202.95pt;\" width=\"202\">HanYu<\/td>\n<\/tr>\n<tr style=\"height: 17.60pt;\">\n<td class=\"et3\" style=\"height: 17.60pt;\" height=\"17\">Modelo n.<\/td>\n<td class=\"et4\">HY-8264<\/td>\n<\/tr>\n<tr style=\"height: 17.60pt;\">\n<td class=\"et3\" style=\"height: 17.60pt;\" height=\"17\">Tipo<\/td>\n<td class=\"et3\">Lavat\u00f3rio de bancada<\/td>\n<\/tr>\n<tr style=\"height: 17.60pt;\">\n<td class=\"et3\" style=\"height: 17.60pt;\" height=\"17\">Forma<\/td>\n<td class=\"et3\">Forma retangular<\/td>\n<\/tr>\n<tr style=\"height: 17.60pt;\">\n<td class=\"et4\" style=\"height: 17.60pt;\" height=\"17\">Cor<\/td>\n<td class=\"et3\">Branco<\/td>\n<\/tr>\n<tr style=\"height: 18.00pt;\">\n<td class=\"et3\" style=\"height: 18.00pt;\" height=\"18\">Dimens\u00e3o<\/td>\n<td class=\"et5\" style=\"width: 202.95pt;\" width=\"202\">44*27*12<\/td>\n<\/tr>\n<tr style=\"height: 17.60pt;\">\n<td class=\"et3\" style=\"height: 17.60pt;\" height=\"17\">N.W \/SET<\/td>\n<td class=\"et3\">12 KGS\/PCS<\/td>\n<\/tr>\n<tr style=\"height: 17.60pt;\">\n<td class=\"et3\" style=\"height: 17.60pt;\" height=\"17\">MOQ<\/td>\n<td class=\"et3\">20 unidades<\/td>\n<\/tr>\n<tr style=\"height: 17.60pt;\">\n<td class=\"et3\" style=\"height: 17.60pt;\" height=\"17\">Op\u00e7\u00e3o personalizada<\/td>\n<td class=\"et3\">Cor\/Patente\/Tamanho\/Logotipo\/Embalagem<\/td>\n<\/tr>\n<\/tbody>\n<\/table>","protected":false},"featured_media":8870,"comment_status":"closed","ping_status":"closed","template":"","meta":{"_acf_changed":false},"product_brand":[],"product_cat":[50],"product_tag":[],"class_list":{"0":"post-8851","1":"product","2":"type-product","3":"status-publish","4":"has-post-thumbnail","6":"product_cat-wholesale-countertop-sinks","8":"first","9":"instock","10":"shipping-taxable","11":"product-type-simple"},"acf":[],"_links":{"self":[{"href":"https:\/\/www.ceramicbasin.com\/pt\/wp-json\/wp\/v2\/product\/8851","targetHints":{"allow":["GET"]}}],"collection":[{"href":"https:\/\/www.ceramicbasin.com\/pt\/wp-json\/wp\/v2\/product"}],"about":[{"href":"https:\/\/www.ceramicbasin.com\/pt\/wp-json\/wp\/v2\/types\/product"}],"replies":[{"embeddable":true,"href":"https:\/\/www.ceramicbasin.com\/pt\/wp-json\/wp\/v2\/comments?post=8851"}],"wp:featuredmedia":[{"embeddable":true,"href":"https:\/\/www.ceramicbasin.com\/pt\/wp-json\/wp\/v2\/media\/8870"}],"wp:attachment":[{"href":"https:\/\/www.ceramicbasin.com\/pt\/wp-json\/wp\/v2\/media?parent=8851"}],"wp:term":[{"taxonomy":"product_brand","embeddable":true,"href":"https:\/\/www.ceramicbasin.com\/pt\/wp-json\/wp\/v2\/product_brand?post=8851"},{"taxonomy":"product_cat","embeddable":true,"href":"https:\/\/www.ceramicbasin.com\/pt\/wp-json\/wp\/v2\/product_cat?post=8851"},{"taxonomy":"product_tag","embeddable":true,"href":"https:\/\/www.ceramicbasin.com\/pt\/wp-json\/wp\/v2\/product_tag?post=8851"}],"curies":[{"name":"wp","href":"https:\/\/api.w.org\/{rel}","templated":true}]}}