{"id":8858,"date":"2026-01-01T06:36:16","date_gmt":"2026-01-01T06:36:16","guid":{"rendered":"https:\/\/www.ceramicbasin.com\/?post_type=product&#038;p=8858"},"modified":"2026-01-07T10:01:58","modified_gmt":"2026-01-07T10:01:58","slug":"factory-bulk-bathroom-sinks","status":"publish","type":"product","link":"https:\/\/www.ceramicbasin.com\/pt\/produto\/factory-bulk-bathroom-sinks\/","title":{"rendered":"Pias de casa de banho a granel de f\u00e1brica, bacias de cer\u00e2mica de hotel por atacado"},"content":{"rendered":"<div class=\"wp-block-columns is-layout-flex wp-container-core-columns-is-layout-9d6595d7 wp-block-columns-is-layout-flex\">\n<div class=\"wp-block-column is-layout-flow wp-block-column-is-layout-flow\">\n<h2 class=\"wp-block-heading\">Pias de casa de banho a granel de f\u00e1brica Premium Carater\u00edsticas:<\/h2>\n\n\n\n<ul class=\"wp-block-list\">\n<li><strong>Design requintado: <\/strong>Estes lavat\u00f3rios de casa de banho a granel de f\u00e1brica adoptaram um design aerodin\u00e2mico com um rebordo redondo e uma linha suave, que \u00e9 garantido com um elevado valor est\u00e9tico, acrescentando requinte e eleg\u00e2ncia ao espa\u00e7o de banho.<\/li>\n\n\n\n<li><strong>Cer\u00e2mica de alta qualidade:<\/strong> Estes lavat\u00f3rios de casa de banho a granel de f\u00e1brica s\u00e3o selecionados a partir de mat\u00e9ria-prima cer\u00e2mica de alta qualidade, sinterizada a alta temperatura, tornando o nosso lavat\u00f3rio de cer\u00e2mica por atacado s\u00f3lido em estrutura, delicado e de superf\u00edcie lisa, f\u00e1cil de limpar e durando como novo.<\/li>\n\n\n\n<li><strong>Modo de instala\u00e7\u00e3o de topo:<\/strong> Esta bacia de cer\u00e2mica de hotel por atacado aplica-se \u00e0 forma de instala\u00e7\u00e3o superior, \u00e9 facilmente instalada e funciona de forma est\u00e1vel e fi\u00e1vel. \u00c9 f\u00e1cil de manter e pode economizar espa\u00e7o para o banheiro e melhorar a experi\u00eancia do usu\u00e1rio.<\/li>\n\n\n\n<li><strong>Entrega est\u00e1vel a granel:<\/strong> Estes lavat\u00f3rios de casa de banho a granel da f\u00e1brica de cer\u00e2mica de origem suportam compras de grande volume com ciclos de entrega est\u00e1veis, adequados para uma coopera\u00e7\u00e3o a longo prazo com projectos hoteleiros, projectos imobili\u00e1rios e grossistas.<\/li>\n\n\n\n<li><strong>Pre\u00e7o grossista com competitividade: <\/strong>Como um fabricante de lavat\u00f3rios por atacado, a HanYu fornece um pre\u00e7o muito competitivo para lavat\u00f3rios de cer\u00e2mica por atacado, o que permite desfrutar de um lavat\u00f3rio de cer\u00e2mica de alta qualidade, mantendo os custos sob controlo.<\/li>\n<\/ul>\n<\/div>\n\n\n\n<div class=\"wp-block-column is-layout-flow wp-block-column-is-layout-flow\">\n<figure class=\"wp-block-image size-full\"><img fetchpriority=\"high\" decoding=\"async\" width=\"657\" height=\"936\" src=\"https:\/\/www.ceramicbasin.com\/wp-content\/uploads\/2026\/01\/Rectangle-Art-Basin-Hotel-Integrated-Sink-6.webp\" alt=\"pias de casa de banho a granel para hot\u00e9is - lavat\u00f3rios de cer\u00e2mica - venda por grosso - 6\" class=\"wp-image-8859\" srcset=\"https:\/\/www.ceramicbasin.com\/wp-content\/uploads\/2026\/01\/Rectangle-Art-Basin-Hotel-Integrated-Sink-6.webp 657w, https:\/\/www.ceramicbasin.com\/wp-content\/uploads\/2026\/01\/Rectangle-Art-Basin-Hotel-Integrated-Sink-6-211x300.webp 211w, https:\/\/www.ceramicbasin.com\/wp-content\/uploads\/2026\/01\/Rectangle-Art-Basin-Hotel-Integrated-Sink-6-8x12.webp 8w, https:\/\/www.ceramicbasin.com\/wp-content\/uploads\/2026\/01\/Rectangle-Art-Basin-Hotel-Integrated-Sink-6-285x406.webp 285w, https:\/\/www.ceramicbasin.com\/wp-content\/uploads\/2026\/01\/Rectangle-Art-Basin-Hotel-Integrated-Sink-6-463x660.webp 463w, https:\/\/www.ceramicbasin.com\/wp-content\/uploads\/2026\/01\/Rectangle-Art-Basin-Hotel-Integrated-Sink-6-105x150.webp 105w\" sizes=\"(max-width: 657px) 100vw, 657px\" \/><\/figure>\n<\/div>\n<\/div>\n\n\n\n<p><\/p>","protected":false},"excerpt":{"rendered":"<p>Bem-vindo \u00e0 compra de lavat\u00f3rios de casa de banho a granel de f\u00e1brica para projectos de hot\u00e9is. Os lavat\u00f3rios de bancada de cer\u00e2mica por atacado com queima de alta temperatura dur\u00e1vel, acabamento esmaltado liso, v\u00e1rios tamanhos e personaliza\u00e7\u00e3o OEM \/ ODM. Ideal para compras a granel de hot\u00e9is, comerciais e de engenharia. A compra a granel ter\u00e1 melhor custo-benef\u00edcio.<\/p>\n<table style=\"border-collapse: collapse; width: 311.02pt;\" border=\"0\" width=\"311\" cellspacing=\"0\" cellpadding=\"0\">\n<tbody>\n<tr style=\"height: 17.60pt;\">\n<td class=\"et3\" style=\"height: 17.60pt; width: 108.35pt;\" width=\"108\" height=\"17\">Fabricante<\/td>\n<td class=\"et3\" style=\"width: 202.95pt;\" width=\"202\">HanYu<\/td>\n<\/tr>\n<tr style=\"height: 17.60pt;\">\n<td class=\"et3\" style=\"height: 17.60pt;\" height=\"17\">Modelo n.<\/td>\n<td class=\"et4\">HY-8267<\/td>\n<\/tr>\n<tr style=\"height: 17.60pt;\">\n<td class=\"et3\" style=\"height: 17.60pt;\" height=\"17\">Tipo<\/td>\n<td class=\"et3\">Lavat\u00f3rio de bancada<\/td>\n<\/tr>\n<tr style=\"height: 17.60pt;\">\n<td class=\"et3\" style=\"height: 17.60pt;\" height=\"17\">Forma<\/td>\n<td class=\"et3\">Forma retangular<\/td>\n<\/tr>\n<tr style=\"height: 17.60pt;\">\n<td class=\"et4\" style=\"height: 17.60pt;\" height=\"17\">Cor<\/td>\n<td class=\"et3\">Branco<\/td>\n<\/tr>\n<tr style=\"height: 18.00pt;\">\n<td class=\"et3\" style=\"height: 18.00pt;\" height=\"18\">Dimens\u00e3o<\/td>\n<td class=\"et5\" style=\"width: 202.95pt;\" width=\"202\">31*31*14<\/td>\n<\/tr>\n<tr style=\"height: 17.60pt;\">\n<td class=\"et3\" style=\"height: 17.60pt;\" height=\"17\">N.W \/SET<\/td>\n<td class=\"et3\">11 KGS\/PCS<\/td>\n<\/tr>\n<tr style=\"height: 17.60pt;\">\n<td class=\"et3\" style=\"height: 17.60pt;\" height=\"17\">MOQ<\/td>\n<td class=\"et3\">20 unidades<\/td>\n<\/tr>\n<tr style=\"height: 17.60pt;\">\n<td class=\"et3\" style=\"height: 17.60pt;\" height=\"17\">Op\u00e7\u00e3o personalizada<\/td>\n<td class=\"et3\">Cor\/Patente\/Tamanho\/Logotipo\/Embalagem<\/td>\n<\/tr>\n<\/tbody>\n<\/table>","protected":false},"featured_media":8860,"comment_status":"closed","ping_status":"closed","template":"","meta":{"_acf_changed":false},"product_brand":[],"product_cat":[50],"product_tag":[],"class_list":{"0":"post-8858","1":"product","2":"type-product","3":"status-publish","4":"has-post-thumbnail","6":"product_cat-wholesale-countertop-sinks","8":"first","9":"instock","10":"shipping-taxable","11":"product-type-simple"},"acf":[],"_links":{"self":[{"href":"https:\/\/www.ceramicbasin.com\/pt\/wp-json\/wp\/v2\/product\/8858","targetHints":{"allow":["GET"]}}],"collection":[{"href":"https:\/\/www.ceramicbasin.com\/pt\/wp-json\/wp\/v2\/product"}],"about":[{"href":"https:\/\/www.ceramicbasin.com\/pt\/wp-json\/wp\/v2\/types\/product"}],"replies":[{"embeddable":true,"href":"https:\/\/www.ceramicbasin.com\/pt\/wp-json\/wp\/v2\/comments?post=8858"}],"wp:featuredmedia":[{"embeddable":true,"href":"https:\/\/www.ceramicbasin.com\/pt\/wp-json\/wp\/v2\/media\/8860"}],"wp:attachment":[{"href":"https:\/\/www.ceramicbasin.com\/pt\/wp-json\/wp\/v2\/media?parent=8858"}],"wp:term":[{"taxonomy":"product_brand","embeddable":true,"href":"https:\/\/www.ceramicbasin.com\/pt\/wp-json\/wp\/v2\/product_brand?post=8858"},{"taxonomy":"product_cat","embeddable":true,"href":"https:\/\/www.ceramicbasin.com\/pt\/wp-json\/wp\/v2\/product_cat?post=8858"},{"taxonomy":"product_tag","embeddable":true,"href":"https:\/\/www.ceramicbasin.com\/pt\/wp-json\/wp\/v2\/product_tag?post=8858"}],"curies":[{"name":"wp","href":"https:\/\/api.w.org\/{rel}","templated":true}]}}