{"id":8895,"date":"2026-01-14T03:58:44","date_gmt":"2026-01-14T03:58:44","guid":{"rendered":"https:\/\/www.ceramicbasin.com\/?post_type=product&#038;p=8895"},"modified":"2026-01-14T03:58:47","modified_gmt":"2026-01-14T03:58:47","slug":"wholesale-vessel-bowl-bathroom-sink","status":"publish","type":"product","link":"https:\/\/www.ceramicbasin.com\/pt\/produto\/wholesale-vessel-bowl-bathroom-sink\/","title":{"rendered":"Lavat\u00f3rio de casa de banho de vaso por atacado, bacia de cer\u00e2mica branca ODM"},"content":{"rendered":"<div class=\"wp-block-columns is-layout-flex wp-container-core-columns-is-layout-9d6595d7 wp-block-columns-is-layout-flex\">\n<div class=\"wp-block-column is-layout-flow wp-block-column-is-layout-flow\">\n<h2 class=\"wp-block-heading\">Lavat\u00f3rio de casa de banho de cuba de vaso por atacado Premium Carater\u00edsticas:<\/h2>\n\n\n\n<ul class=\"wp-block-list\">\n<li><strong>Design moderno e de moda:<\/strong>\u00a0O lavat\u00f3rio de casa de banho de vaso por atacado com design moderno, mas simples e elegante em branco brilhante \u00e9 conveniente para aplicar em v\u00e1rios estilos de casa de banho.<\/li>\n\n\n\n<li><strong>Resistente \u00e0 press\u00e3o e dur\u00e1vel:<\/strong>\u00a0O fabrico artesanal de alta qualidade permite que cada lavat\u00f3rio de casa de banho com ta\u00e7a para vasos por atacado tenha uma resist\u00eancia \u00e0 press\u00e3o e uma durabilidade extremamente elevadas, mantendo a estabilidade mesmo com uma utiliza\u00e7\u00e3o frequente.<\/li>\n\n\n\n<li><strong>Forma quadrada:\u00a0<\/strong>O aspeto quadrado, elegante e simples, com arestas arredondadas e chanfradas do lavat\u00f3rio de casa de banho com ta\u00e7a para vasos por atacado melhora a \u00e1rea de lavagem da casa de banho e da sala de estar em geral e \u00e9 bem complementado pela maioria dos estilos de decora\u00e7\u00e3o, como o moderno, o minimalista e o n\u00f3rdico.<\/li>\n\n\n\n<li><strong>Design padr\u00e3o do orif\u00edcio de drenagem: <\/strong>Este lavat\u00f3rio branco de bancada \u00e9 compat\u00edvel, por grosso, com os principais acess\u00f3rios de drenagem existentes no mercado, facilitando a instala\u00e7\u00e3o e reduzindo os custos de aquisi\u00e7\u00e3o e constru\u00e7\u00e3o a granel.<\/li>\n\n\n\n<li><strong>Adequado para muitos fins:<\/strong>\u00a0Esta bacia branca acima do balc\u00e3o por atacado fornece tamanho, cor, logotipo e embalagem personalizados de acordo com as diferentes demandas de fam\u00edlias, hot\u00e9is, apartamentos, salas de lavagem comerciais, etc., o que \u00e9 mais adequado para pedidos por atacado e constru\u00e7\u00e3o de engenharia.<\/li>\n<\/ul>\n<\/div>\n\n\n\n<div class=\"wp-block-column is-layout-flow wp-block-column-is-layout-flow\">\n<figure class=\"wp-block-image size-full is-resized\"><img fetchpriority=\"high\" decoding=\"async\" width=\"827\" height=\"1217\" src=\"https:\/\/www.ceramicbasin.com\/wp-content\/uploads\/2026\/01\/Wholesale-Above-Counter-Vessel-Sinkwhite-color-hand-washing-basin-design-4.webp\" alt=\"lavat\u00f3rio de casa de banho de cuba por atacado - lavat\u00f3rio de cer\u00e2mica branco-odm - 4\" class=\"wp-image-8886\" style=\"aspect-ratio:0.6795447974979631;width:339px;height:auto\" srcset=\"https:\/\/www.ceramicbasin.com\/wp-content\/uploads\/2026\/01\/Wholesale-Above-Counter-Vessel-Sinkwhite-color-hand-washing-basin-design-4.webp 827w, https:\/\/www.ceramicbasin.com\/wp-content\/uploads\/2026\/01\/Wholesale-Above-Counter-Vessel-Sinkwhite-color-hand-washing-basin-design-4-204x300.webp 204w, https:\/\/www.ceramicbasin.com\/wp-content\/uploads\/2026\/01\/Wholesale-Above-Counter-Vessel-Sinkwhite-color-hand-washing-basin-design-4-768x1130.webp 768w, https:\/\/www.ceramicbasin.com\/wp-content\/uploads\/2026\/01\/Wholesale-Above-Counter-Vessel-Sinkwhite-color-hand-washing-basin-design-4-8x12.webp 8w, https:\/\/www.ceramicbasin.com\/wp-content\/uploads\/2026\/01\/Wholesale-Above-Counter-Vessel-Sinkwhite-color-hand-washing-basin-design-4-285x419.webp 285w, https:\/\/www.ceramicbasin.com\/wp-content\/uploads\/2026\/01\/Wholesale-Above-Counter-Vessel-Sinkwhite-color-hand-washing-basin-design-4-448x660.webp 448w, https:\/\/www.ceramicbasin.com\/wp-content\/uploads\/2026\/01\/Wholesale-Above-Counter-Vessel-Sinkwhite-color-hand-washing-basin-design-4-102x150.webp 102w\" sizes=\"(max-width: 827px) 100vw, 827px\" \/><\/figure>\n<\/div>\n<\/div>","protected":false},"excerpt":{"rendered":"<p>Bem-vindo ao comprar o nosso lavat\u00f3rio de casa de banho por atacado com um design quadrado moderno e cantos suavemente arredondados, ideal para projectos de casas de banho comerciais e residenciais. Esta bacia de cer\u00e2mica branca acima do balc\u00e3o com um acabamento vidrado suave oferece durabilidade, f\u00e1cil manuten\u00e7\u00e3o e uma apar\u00eancia refinada. Concebida para fornecimentos, personalizada e aquisi\u00e7\u00e3o baseada em projectos, \u00e9 uma excelente escolha para hot\u00e9is, apartamentos e marcas de casas de banho.<\/p>\n<table style=\"border-collapse: collapse; width: 358.52pt;\" border=\"0\" width=\"478\" cellspacing=\"0\" cellpadding=\"0\">\n<tbody>\n<tr style=\"height: 17.25pt;\">\n<td class=\"et3\" style=\"height: 17.25pt; width: 125.00pt;\" width=\"166\" height=\"23\">Fabricante<\/td>\n<td class=\"et3\" style=\"width: 234.15pt;\" width=\"312\">HanYu<\/td>\n<\/tr>\n<tr style=\"height: 17.25pt;\">\n<td class=\"et3\" style=\"height: 17.25pt;\" height=\"23\">Modelo n.<\/td>\n<td class=\"et4\">HY-8248<\/td>\n<\/tr>\n<tr style=\"height: 17.25pt;\">\n<td class=\"et3\" style=\"height: 17.25pt;\" height=\"23\">Tipo<\/td>\n<td class=\"et5\" style=\"width: 234.15pt;\" width=\"312\">Lava-lou\u00e7as de bancada<\/td>\n<\/tr>\n<tr style=\"height: 18.00pt;\">\n<td class=\"et3\" style=\"height: 18.00pt;\" height=\"24\">Forma<\/td>\n<td class=\"et3\">Forma retangular<\/td>\n<\/tr>\n<tr style=\"height: 34.50pt;\">\n<td class=\"et4\" style=\"height: 34.50pt;\" height=\"46\">Cor<\/td>\n<td class=\"et5\" style=\"width: 234.15pt;\" width=\"312\">preto\/branco\/azul\/cinzento\/rosa\/verde\/castanho\/caqui<\/td>\n<\/tr>\n<tr style=\"height: 18.00pt;\">\n<td class=\"et3\" style=\"height: 18.00pt;\" height=\"24\">Dimens\u00e3o<\/td>\n<td class=\"et5\" style=\"width: 234.15pt;\" width=\"312\">60*40.5*14<\/td>\n<\/tr>\n<tr style=\"height: 17.25pt;\">\n<td class=\"et3\" style=\"height: 17.25pt;\" height=\"23\">N.W \/SET<\/td>\n<td class=\"et3\">10KGS\/PCS<\/td>\n<\/tr>\n<tr style=\"height: 17.25pt;\">\n<td class=\"et3\" style=\"height: 17.25pt;\" height=\"23\">MOQ<\/td>\n<td class=\"et3\">20 unidades<\/td>\n<\/tr>\n<tr style=\"height: 17.25pt;\">\n<td class=\"et3\" style=\"height: 17.25pt;\" height=\"23\">Op\u00e7\u00e3o personalizada<\/td>\n<td class=\"et3\">Cor\/Patente\/Tamanho\/Logotipo\/Embalagem<\/td>\n<\/tr>\n<\/tbody>\n<\/table>","protected":false},"featured_media":8885,"comment_status":"closed","ping_status":"closed","template":"","meta":{"_acf_changed":false},"product_brand":[],"product_cat":[50],"product_tag":[],"class_list":{"0":"post-8895","1":"product","2":"type-product","3":"status-publish","4":"has-post-thumbnail","6":"product_cat-wholesale-countertop-sinks","8":"first","9":"instock","10":"shipping-taxable","11":"product-type-simple"},"acf":[],"_links":{"self":[{"href":"https:\/\/www.ceramicbasin.com\/pt\/wp-json\/wp\/v2\/product\/8895","targetHints":{"allow":["GET"]}}],"collection":[{"href":"https:\/\/www.ceramicbasin.com\/pt\/wp-json\/wp\/v2\/product"}],"about":[{"href":"https:\/\/www.ceramicbasin.com\/pt\/wp-json\/wp\/v2\/types\/product"}],"replies":[{"embeddable":true,"href":"https:\/\/www.ceramicbasin.com\/pt\/wp-json\/wp\/v2\/comments?post=8895"}],"wp:featuredmedia":[{"embeddable":true,"href":"https:\/\/www.ceramicbasin.com\/pt\/wp-json\/wp\/v2\/media\/8885"}],"wp:attachment":[{"href":"https:\/\/www.ceramicbasin.com\/pt\/wp-json\/wp\/v2\/media?parent=8895"}],"wp:term":[{"taxonomy":"product_brand","embeddable":true,"href":"https:\/\/www.ceramicbasin.com\/pt\/wp-json\/wp\/v2\/product_brand?post=8895"},{"taxonomy":"product_cat","embeddable":true,"href":"https:\/\/www.ceramicbasin.com\/pt\/wp-json\/wp\/v2\/product_cat?post=8895"},{"taxonomy":"product_tag","embeddable":true,"href":"https:\/\/www.ceramicbasin.com\/pt\/wp-json\/wp\/v2\/product_tag?post=8895"}],"curies":[{"name":"wp","href":"https:\/\/api.w.org\/{rel}","templated":true}]}}