{"id":8897,"date":"2026-01-14T06:47:53","date_gmt":"2026-01-14T06:47:53","guid":{"rendered":"https:\/\/www.ceramicbasin.com\/?post_type=product&#038;p=8897"},"modified":"2026-01-14T06:47:58","modified_gmt":"2026-01-14T06:47:58","slug":"custom-countertop-washbasin","status":"publish","type":"product","link":"https:\/\/www.ceramicbasin.com\/pt\/produto\/custom-countertop-washbasin\/","title":{"rendered":"Novo lavat\u00f3rio de bancada personalizado, lavat\u00f3rios de casa de banho por atacado"},"content":{"rendered":"<div class=\"wp-block-columns is-layout-flex wp-container-core-columns-is-layout-9d6595d7 wp-block-columns-is-layout-flex\">\n<div class=\"wp-block-column is-layout-flow wp-block-column-is-layout-flow\">\n<h2 class=\"wp-block-heading\">Lavat\u00f3rio de bancada personalizado Premium Carater\u00edsticas:<\/h2>\n\n\n\n<ul class=\"wp-block-list\">\n<li><strong>Design de moda:\u00a0<\/strong>O nosso lavat\u00f3rio de bancada com design personalizado tem um aspeto elegante com linhas suaves, \u00e9 concebido adequadamente para v\u00e1rios estilos de casa de banho e confere beleza e gra\u00e7a a toda a \u00e1rea.<\/li>\n\n\n\n<li><strong>Material cer\u00e2mico de primeira qualidade:\u00a0<\/strong>Os nossos lavat\u00f3rios de bancada personalizados s\u00e3o feitos de vidro de primeira classe com elevada transpar\u00eancia e textura fina, que tem um excelente desempenho visual e um sentido de modernidade, fornecendo a estabilidade e a beleza do produto.<\/li>\n\n\n\n<li><strong>Lava-loi\u00e7a de cuba acima do balc\u00e3o:<\/strong> Este m\u00e9todo de instala\u00e7\u00e3o em bancada dos lavat\u00f3rios de casa de banho por atacado oferece uma forte sensa\u00e7\u00e3o visual de profundidade e \u00e9 adequado para actualiza\u00e7\u00f5es de casas de banho em hot\u00e9is, projectos residenciais e espa\u00e7os comerciais.<\/li>\n\n\n\n<li><strong>Pre\u00e7o por grosso:<\/strong>\u00a0O nosso lavat\u00f3rio de bancada personalizado \u00e9 vendido a um pre\u00e7o grossista direto da f\u00e1brica para obter mais espa\u00e7o de lucro para os clientes. Bem-vindo compradores B2B para compras a granel.<\/li>\n\n\n\n<li><strong>Venda por atacado e com suporte de OEM\/ODM:<\/strong> Fornecemos um fornecimento est\u00e1vel de lavat\u00f3rios de casa de banho por atacado e servi\u00e7os profissionais de personaliza\u00e7\u00e3o a grossistas, empreiteiros de engenharia e propriet\u00e1rios de marcas de casas de banho.<\/li>\n<\/ul>\n<\/div>\n\n\n\n<div class=\"wp-block-column is-layout-flow wp-block-column-is-layout-flow\">\n<figure class=\"wp-block-image size-full\"><img fetchpriority=\"high\" decoding=\"async\" width=\"664\" height=\"938\" src=\"https:\/\/www.ceramicbasin.com\/wp-content\/uploads\/2026\/01\/New-Design-Custom-Basin-sinkscountertop-washbasin-for-cabinet-5.webp\" alt=\"novo-custom-countertop-washbasin-wholesale-bathroom-sinks-5\" class=\"wp-image-8877\" srcset=\"https:\/\/www.ceramicbasin.com\/wp-content\/uploads\/2026\/01\/New-Design-Custom-Basin-sinkscountertop-washbasin-for-cabinet-5.webp 664w, https:\/\/www.ceramicbasin.com\/wp-content\/uploads\/2026\/01\/New-Design-Custom-Basin-sinkscountertop-washbasin-for-cabinet-5-212x300.webp 212w, https:\/\/www.ceramicbasin.com\/wp-content\/uploads\/2026\/01\/New-Design-Custom-Basin-sinkscountertop-washbasin-for-cabinet-5-8x12.webp 8w, https:\/\/www.ceramicbasin.com\/wp-content\/uploads\/2026\/01\/New-Design-Custom-Basin-sinkscountertop-washbasin-for-cabinet-5-285x403.webp 285w, https:\/\/www.ceramicbasin.com\/wp-content\/uploads\/2026\/01\/New-Design-Custom-Basin-sinkscountertop-washbasin-for-cabinet-5-467x660.webp 467w, https:\/\/www.ceramicbasin.com\/wp-content\/uploads\/2026\/01\/New-Design-Custom-Basin-sinkscountertop-washbasin-for-cabinet-5-106x150.webp 106w\" sizes=\"(max-width: 664px) 100vw, 664px\" \/><\/figure>\n<\/div>\n<\/div>","protected":false},"excerpt":{"rendered":"<p>Bem-vindo ao comprar o nosso lavat\u00f3rio de bancada personalizado, fabricado em cer\u00e2mica de alta qualidade com um acabamento esmaltado suave, que oferece durabilidade, f\u00e1cil manuten\u00e7\u00e3o e um aspeto requintado. Com um design personalizado, tem um aspeto elegante com linhas suaves, \u00e9 concebido adequadamente para v\u00e1rios estilos de casa de banho e confere beleza e gra\u00e7a a todo o espa\u00e7o.<\/p>\n<table style=\"border-collapse: collapse; width: 358.52pt;\" border=\"0\" width=\"478\" cellspacing=\"0\" cellpadding=\"0\">\n<tbody>\n<tr style=\"height: 17.25pt;\">\n<td class=\"et3\" style=\"height: 17.25pt; width: 125.00pt;\" width=\"166\" height=\"23\">Fabricante<\/td>\n<td class=\"et3\" style=\"width: 234.15pt;\" width=\"312\">HanYu<\/td>\n<\/tr>\n<tr style=\"height: 17.25pt;\">\n<td class=\"et3\" style=\"height: 17.25pt;\" height=\"23\">Modelo n.<\/td>\n<td class=\"et4\">HY-8254<\/td>\n<\/tr>\n<tr style=\"height: 17.25pt;\">\n<td class=\"et3\" style=\"height: 17.25pt;\" height=\"23\">Tipo<\/td>\n<td class=\"et5\" style=\"width: 234.15pt;\" width=\"312\">Lava-lou\u00e7as de bancada<\/td>\n<\/tr>\n<tr style=\"height: 18.00pt;\">\n<td class=\"et3\" style=\"height: 18.00pt;\" height=\"24\">Forma<\/td>\n<td class=\"et3\">Forma quadrada<\/td>\n<\/tr>\n<tr style=\"height: 34.50pt;\">\n<td class=\"et4\" style=\"height: 34.50pt;\" height=\"46\">Cor<\/td>\n<td class=\"et5\" style=\"width: 234.15pt;\" width=\"312\">preto\/branco\/azul\/cinzento\/rosa\/verde\/castanho\/caqui<\/td>\n<\/tr>\n<tr style=\"height: 18.00pt;\">\n<td class=\"et3\" style=\"height: 18.00pt;\" height=\"24\">Dimens\u00e3o<\/td>\n<td class=\"et5\" style=\"width: 234.15pt;\" width=\"312\">44*44*13.5<\/td>\n<\/tr>\n<tr style=\"height: 17.25pt;\">\n<td class=\"et3\" style=\"height: 17.25pt;\" height=\"23\">N.W \/SET<\/td>\n<td class=\"et3\">7KGS\/PCS<\/td>\n<\/tr>\n<tr style=\"height: 17.25pt;\">\n<td class=\"et3\" style=\"height: 17.25pt;\" height=\"23\">MOQ<\/td>\n<td class=\"et3\">20 unidades<\/td>\n<\/tr>\n<tr style=\"height: 17.25pt;\">\n<td class=\"et3\" style=\"height: 17.25pt;\" height=\"23\">Op\u00e7\u00e3o personalizada<\/td>\n<td class=\"et3\">Cor\/Patente\/Tamanho\/Logotipo\/Embalagem<\/td>\n<\/tr>\n<\/tbody>\n<\/table>","protected":false},"featured_media":8876,"comment_status":"closed","ping_status":"closed","template":"","meta":{"_acf_changed":false},"product_brand":[],"product_cat":[50],"product_tag":[],"class_list":{"0":"post-8897","1":"product","2":"type-product","3":"status-publish","4":"has-post-thumbnail","6":"product_cat-wholesale-countertop-sinks","8":"first","9":"instock","10":"shipping-taxable","11":"product-type-simple"},"acf":[],"_links":{"self":[{"href":"https:\/\/www.ceramicbasin.com\/pt\/wp-json\/wp\/v2\/product\/8897","targetHints":{"allow":["GET"]}}],"collection":[{"href":"https:\/\/www.ceramicbasin.com\/pt\/wp-json\/wp\/v2\/product"}],"about":[{"href":"https:\/\/www.ceramicbasin.com\/pt\/wp-json\/wp\/v2\/types\/product"}],"replies":[{"embeddable":true,"href":"https:\/\/www.ceramicbasin.com\/pt\/wp-json\/wp\/v2\/comments?post=8897"}],"wp:featuredmedia":[{"embeddable":true,"href":"https:\/\/www.ceramicbasin.com\/pt\/wp-json\/wp\/v2\/media\/8876"}],"wp:attachment":[{"href":"https:\/\/www.ceramicbasin.com\/pt\/wp-json\/wp\/v2\/media?parent=8897"}],"wp:term":[{"taxonomy":"product_brand","embeddable":true,"href":"https:\/\/www.ceramicbasin.com\/pt\/wp-json\/wp\/v2\/product_brand?post=8897"},{"taxonomy":"product_cat","embeddable":true,"href":"https:\/\/www.ceramicbasin.com\/pt\/wp-json\/wp\/v2\/product_cat?post=8897"},{"taxonomy":"product_tag","embeddable":true,"href":"https:\/\/www.ceramicbasin.com\/pt\/wp-json\/wp\/v2\/product_tag?post=8897"}],"curies":[{"name":"wp","href":"https:\/\/api.w.org\/{rel}","templated":true}]}}