{"id":8898,"date":"2026-01-14T07:17:20","date_gmt":"2026-01-14T07:17:20","guid":{"rendered":"https:\/\/www.ceramicbasin.com\/?post_type=product&#038;p=8898"},"modified":"2026-01-14T07:17:22","modified_gmt":"2026-01-14T07:17:22","slug":"wholesale-rectangular-countertop-sink","status":"publish","type":"product","link":"https:\/\/www.ceramicbasin.com\/pt\/produto\/wholesale-rectangular-countertop-sink\/","title":{"rendered":"Fornecimento grossista de lavat\u00f3rio retangular de bancada, lavat\u00f3rio de cer\u00e2mica"},"content":{"rendered":"<div class=\"wp-block-columns is-layout-flex wp-container-core-columns-is-layout-9d6595d7 wp-block-columns-is-layout-flex\">\n<div class=\"wp-block-column is-layout-flow wp-block-column-is-layout-flow\">\n<h2 class=\"wp-block-heading\">Carater\u00edsticas do lavat\u00f3rio retangular de bancada Premium Wholesale:<\/h2>\n\n\n\n<ul class=\"wp-block-list\">\n<li><strong>Material cer\u00e2mico de alta qualidade:<\/strong> Este lava-loi\u00e7a retangular de bancada por atacado \u00e9 feito de cer\u00e2mica de primeira qualidade com cozedura a alta temperatura, oferecendo uma excelente durabilidade, dureza e desempenho a longo prazo.<\/li>\n\n\n\n<li><strong>Instala\u00e7\u00e3o f\u00e1cil:<\/strong>\u00a0Este lavat\u00f3rio de bancada retangular por atacado foi concebido para instala\u00e7\u00e3o acima do balc\u00e3o. Estes lavat\u00f3rios de cer\u00e2mica personalizados s\u00e3o f\u00e1ceis de instalar, oferecendo uma solu\u00e7\u00e3o sem complica\u00e7\u00f5es para novas constru\u00e7\u00f5es e remodela\u00e7\u00f5es de casas de banho.<\/li>\n\n\n\n<li><strong>Suave e macio:\u00a0<\/strong>O nosso lava-loi\u00e7a retangular de bancada por atacado oferece um acabamento suave e macio, que \u00e9 f\u00e1cil de limpar e pode suportar a fric\u00e7\u00e3o e as manchas provocadas pelo desgaste di\u00e1rio para permanecer em \u00f3ptimas condi\u00e7\u00f5es durante d\u00e9cadas.<\/li>\n\n\n\n<li><strong>Fornecimento por grosso e para projectos Pronto:<\/strong> O nosso lavat\u00f3rio de cer\u00e2mica fornece uma capacidade de produ\u00e7\u00e3o est\u00e1vel e um controlo de qualidade rigoroso, adequado para grossistas, empreiteiros, promotores e marcas de casas de banho.<\/li>\n\n\n\n<li><strong>Servi\u00e7o de personaliza\u00e7\u00e3o personalizado:<\/strong>\u00a0O nosso fornecimento de lavat\u00f3rio de cer\u00e2mica suporta um design personalizado de v\u00e1rias especifica\u00e7\u00f5es, cores e estilos, satisfazendo plenamente as necessidades personalizadas de diferentes marcas, projectos e clientes.<\/li>\n<\/ul>\n<\/div>\n\n\n\n<div class=\"wp-block-column is-layout-flow wp-block-column-is-layout-flow\">\n<figure class=\"wp-block-image size-full\"><img fetchpriority=\"high\" decoding=\"async\" width=\"827\" height=\"1213\" src=\"https:\/\/www.ceramicbasin.com\/wp-content\/uploads\/2026\/01\/Ceramic-wash-basin-manufacturerhigh-quality-rectanglue-shape-countertop-sinks-5.webp\" alt=\"grossista-retangular-countertop-lava-loi\u00e7a-cer\u00e2mica-lavat\u00f3rio-fornecimento-5\" class=\"wp-image-8882\" srcset=\"https:\/\/www.ceramicbasin.com\/wp-content\/uploads\/2026\/01\/Ceramic-wash-basin-manufacturerhigh-quality-rectanglue-shape-countertop-sinks-5.webp 827w, https:\/\/www.ceramicbasin.com\/wp-content\/uploads\/2026\/01\/Ceramic-wash-basin-manufacturerhigh-quality-rectanglue-shape-countertop-sinks-5-205x300.webp 205w, https:\/\/www.ceramicbasin.com\/wp-content\/uploads\/2026\/01\/Ceramic-wash-basin-manufacturerhigh-quality-rectanglue-shape-countertop-sinks-5-768x1126.webp 768w, https:\/\/www.ceramicbasin.com\/wp-content\/uploads\/2026\/01\/Ceramic-wash-basin-manufacturerhigh-quality-rectanglue-shape-countertop-sinks-5-8x12.webp 8w, https:\/\/www.ceramicbasin.com\/wp-content\/uploads\/2026\/01\/Ceramic-wash-basin-manufacturerhigh-quality-rectanglue-shape-countertop-sinks-5-285x418.webp 285w, https:\/\/www.ceramicbasin.com\/wp-content\/uploads\/2026\/01\/Ceramic-wash-basin-manufacturerhigh-quality-rectanglue-shape-countertop-sinks-5-450x660.webp 450w, https:\/\/www.ceramicbasin.com\/wp-content\/uploads\/2026\/01\/Ceramic-wash-basin-manufacturerhigh-quality-rectanglue-shape-countertop-sinks-5-102x150.webp 102w\" sizes=\"(max-width: 827px) 100vw, 827px\" \/><\/figure>\n<\/div>\n<\/div>","protected":false},"excerpt":{"rendered":"<p>Bem-vindo ao comprar o nosso lavat\u00f3rio retangular de bancada por atacado feito de cer\u00e2mica de alta qualidade, com um design retangular moderno que oferece um acabamento suave e macio e \u00e9 f\u00e1cil de limpar. Este lavat\u00f3rio de cer\u00e2mica foi concebido para instala\u00e7\u00e3o acima do balc\u00e3o. Ideal para fornecimento a granel, projectos hoteleiros, empreendimentos residenciais e marcas de casas de banho que procuram solu\u00e7\u00f5es fi\u00e1veis de lavat\u00f3rio de cer\u00e2mica por atacado.<\/p>\n<table border=\"0\" width=\"478\" cellspacing=\"0\" cellpadding=\"0\">\n<tbody>\n<tr>\n<td width=\"166\" height=\"23\">Fabricante<\/td>\n<td width=\"312\">HanYu<\/td>\n<\/tr>\n<tr>\n<td height=\"23\">Modelo n.<\/td>\n<td>HY-8252<\/td>\n<\/tr>\n<tr>\n<td height=\"23\">Tipo<\/td>\n<td width=\"312\">Lava-lou\u00e7as de bancada<\/td>\n<\/tr>\n<tr>\n<td height=\"24\">Forma<\/td>\n<td>Forma retangular<\/td>\n<\/tr>\n<tr>\n<td height=\"46\">Cor<\/td>\n<td width=\"312\">preto\/branco\/azul\/cinzento\/rosa\/verde\/castanho\/caqui<\/td>\n<\/tr>\n<tr>\n<td height=\"24\">Dimens\u00e3o<\/td>\n<td width=\"312\">41*34*10<\/td>\n<\/tr>\n<tr>\n<td height=\"23\">N.W \/SET<\/td>\n<td>9KGS\/PCS<\/td>\n<\/tr>\n<tr>\n<td height=\"23\">MOQ<\/td>\n<td>20 unidades<\/td>\n<\/tr>\n<tr>\n<td height=\"23\">Op\u00e7\u00e3o personalizada<\/td>\n<td>Cor\/Patente\/Tamanho\/Logotipo\/Embalagem<\/td>\n<\/tr>\n<\/tbody>\n<\/table>","protected":false},"featured_media":8881,"comment_status":"closed","ping_status":"closed","template":"","meta":{"_acf_changed":false},"product_brand":[],"product_cat":[50],"product_tag":[],"class_list":{"0":"post-8898","1":"product","2":"type-product","3":"status-publish","4":"has-post-thumbnail","6":"product_cat-wholesale-countertop-sinks","8":"first","9":"instock","10":"shipping-taxable","11":"product-type-simple"},"acf":[],"_links":{"self":[{"href":"https:\/\/www.ceramicbasin.com\/pt\/wp-json\/wp\/v2\/product\/8898","targetHints":{"allow":["GET"]}}],"collection":[{"href":"https:\/\/www.ceramicbasin.com\/pt\/wp-json\/wp\/v2\/product"}],"about":[{"href":"https:\/\/www.ceramicbasin.com\/pt\/wp-json\/wp\/v2\/types\/product"}],"replies":[{"embeddable":true,"href":"https:\/\/www.ceramicbasin.com\/pt\/wp-json\/wp\/v2\/comments?post=8898"}],"wp:featuredmedia":[{"embeddable":true,"href":"https:\/\/www.ceramicbasin.com\/pt\/wp-json\/wp\/v2\/media\/8881"}],"wp:attachment":[{"href":"https:\/\/www.ceramicbasin.com\/pt\/wp-json\/wp\/v2\/media?parent=8898"}],"wp:term":[{"taxonomy":"product_brand","embeddable":true,"href":"https:\/\/www.ceramicbasin.com\/pt\/wp-json\/wp\/v2\/product_brand?post=8898"},{"taxonomy":"product_cat","embeddable":true,"href":"https:\/\/www.ceramicbasin.com\/pt\/wp-json\/wp\/v2\/product_cat?post=8898"},{"taxonomy":"product_tag","embeddable":true,"href":"https:\/\/www.ceramicbasin.com\/pt\/wp-json\/wp\/v2\/product_tag?post=8898"}],"curies":[{"name":"wp","href":"https:\/\/api.w.org\/{rel}","templated":true}]}}