{"id":8901,"date":"2026-01-13T02:37:16","date_gmt":"2026-01-13T02:37:16","guid":{"rendered":"https:\/\/www.ceramicbasin.com\/?post_type=product&#038;p=8901"},"modified":"2026-01-14T07:46:25","modified_gmt":"2026-01-14T07:46:25","slug":"small-wall-hung-basin-wholesale","status":"publish","type":"product","link":"https:\/\/www.ceramicbasin.com\/pt\/produto\/small-wall-hung-basin-wholesale\/","title":{"rendered":"Bacia pequena pendurada na parede por atacado, pia de vaidade de cer\u00e2mica a granel"},"content":{"rendered":"<div class=\"wp-block-columns is-layout-flex wp-container-core-columns-is-layout-9d6595d7 wp-block-columns-is-layout-flex\">\n<div class=\"wp-block-column is-layout-flow wp-block-column-is-layout-flow\">\n<h2 class=\"wp-block-heading\">Bacia pequena de parede Premium Carater\u00edsticas por atacado:<\/h2>\n\n\n\n<ul class=\"wp-block-list\">\n<li><strong>Design retangular pequeno:<\/strong> Este pequeno lavat\u00f3rio suspenso na parede com estrutura compacta por atacado poupa espa\u00e7o e \u00e9 especialmente adequado para casas de banho pequenas, casas de banho comerciais, quartos de hotel e projectos de apartamentos.<\/li>\n\n\n\n<li><strong>Op\u00e7\u00f5es personaliz\u00e1veis:<\/strong> Este pequeno lavat\u00f3rio suspenso na parede est\u00e1 dispon\u00edvel em v\u00e1rias cores, acabamentos de superf\u00edcie e embalagens personaliz\u00e1veis, permitindo-lhe adaptar o produto \u00e0s necessidades espec\u00edficas da sua marca e do seu mercado.<\/li>\n\n\n\n<li><strong>Vendas a quente:<\/strong> Este pequeno lavat\u00f3rio suspenso na parede \u00e9 bem recebido pelo mercado devido \u00e0 sua durabilidade, cor uniforme, f\u00e1cil limpeza e manuten\u00e7\u00e3o, e desempenho de alto custo.<\/li>\n\n\n\n<li><strong>Tratamento de esmalte f\u00e1cil de limpar:\u00a0<\/strong>A superf\u00edcie deste pequeno lavat\u00f3rio suspenso na parede adopta uma tecnologia especial de esmalte f\u00e1cil de limpar, que \u00e9 suave e delicada, as manchas n\u00e3o s\u00e3o f\u00e1ceis de aderir e s\u00e3o f\u00e1ceis de limpar.<\/li>\n\n\n\n<li><strong>Instala\u00e7\u00e3o na parede:<\/strong> Este lava-loi\u00e7a comercial em cer\u00e2mica poupa espa\u00e7o no ch\u00e3o, cria um aspeto mais limpo e facilita a limpeza do ch\u00e3o, satisfazendo os requisitos de higiene e efici\u00eancia de manuten\u00e7\u00e3o dos espa\u00e7os comerciais.<\/li>\n\n\n\n<li><strong>Vantagem do pre\u00e7o por grosso:<\/strong> Como fabricante de lavat\u00f3rios personalizados, a HanYu oferece pre\u00e7os por grosso muito competitivos e as compras a granel beneficiam de mais descontos, tornando os acess\u00f3rios de casa de banho de alta qualidade a sua escolha ideal sob controlo de custos.<\/li>\n<\/ul>\n<\/div>\n\n\n\n<div class=\"wp-block-column is-layout-flow wp-block-column-is-layout-flow\">\n<figure class=\"wp-block-image size-full\"><img fetchpriority=\"high\" decoding=\"async\" width=\"800\" height=\"800\" src=\"https:\/\/www.ceramicbasin.com\/wp-content\/uploads\/2026\/01\/wall-mount-sink\uff0csmall-wall-mounted-basin\uff0cceramic-sink.webp\" alt=\"lavat\u00f3rio suspenso de parede pequeno-venda a granel-lava-loi\u00e7a de cer\u00e2mica-7\" class=\"wp-image-8905\" srcset=\"https:\/\/www.ceramicbasin.com\/wp-content\/uploads\/2026\/01\/wall-mount-sink\uff0csmall-wall-mounted-basin\uff0cceramic-sink.webp 800w, https:\/\/www.ceramicbasin.com\/wp-content\/uploads\/2026\/01\/wall-mount-sink\uff0csmall-wall-mounted-basin\uff0cceramic-sink-300x300.webp 300w, https:\/\/www.ceramicbasin.com\/wp-content\/uploads\/2026\/01\/wall-mount-sink\uff0csmall-wall-mounted-basin\uff0cceramic-sink-150x150.webp 150w, https:\/\/www.ceramicbasin.com\/wp-content\/uploads\/2026\/01\/wall-mount-sink\uff0csmall-wall-mounted-basin\uff0cceramic-sink-768x768.webp 768w, https:\/\/www.ceramicbasin.com\/wp-content\/uploads\/2026\/01\/wall-mount-sink\uff0csmall-wall-mounted-basin\uff0cceramic-sink-12x12.webp 12w, https:\/\/www.ceramicbasin.com\/wp-content\/uploads\/2026\/01\/wall-mount-sink\uff0csmall-wall-mounted-basin\uff0cceramic-sink-285x285.webp 285w, https:\/\/www.ceramicbasin.com\/wp-content\/uploads\/2026\/01\/wall-mount-sink\uff0csmall-wall-mounted-basin\uff0cceramic-sink-270x270.webp 270w, https:\/\/www.ceramicbasin.com\/wp-content\/uploads\/2026\/01\/wall-mount-sink\uff0csmall-wall-mounted-basin\uff0cceramic-sink-540x540.webp 540w, https:\/\/www.ceramicbasin.com\/wp-content\/uploads\/2026\/01\/wall-mount-sink\uff0csmall-wall-mounted-basin\uff0cceramic-sink-660x660.webp 660w\" sizes=\"(max-width: 800px) 100vw, 800px\" \/><\/figure>\n<\/div>\n<\/div>\n\n\n\n<p><\/p>","protected":false},"excerpt":{"rendered":"<p>Bem-vindo ao comprar o nosso pequeno lavat\u00f3rio suspenso na parede por atacado para projectos comerciais e residenciais. Conservam o espa\u00e7o no ch\u00e3o, mant\u00eam as casas de banho pequenas arrumadas e limpas e tornam a limpeza do ch\u00e3o uma tarefa f\u00e1cil. Destinam-se a pequenos apartamentos, quartos de hotel, casas de banho p\u00fablicas e a qualquer lugar onde tenha um espa\u00e7o pequeno e queira aproveitar o espa\u00e7o da parede.<\/p>\n<table border=\"0\" width=\"478\" cellspacing=\"0\" cellpadding=\"0\">\n<tbody>\n<tr>\n<td width=\"166\" height=\"23\">Fabricante<\/td>\n<td width=\"312\">HanYu<\/td>\n<\/tr>\n<tr>\n<td height=\"23\">Modelo n.<\/td>\n<td>HY-3137L<\/td>\n<\/tr>\n<tr>\n<td height=\"23\">Tipo<\/td>\n<td width=\"312\">Lava-loi\u00e7as de parede<\/td>\n<\/tr>\n<tr>\n<td height=\"24\">Forma<\/td>\n<td>Forma retangular<\/td>\n<\/tr>\n<tr>\n<td height=\"46\">Cor<\/td>\n<td width=\"312\">preto\/branco\/azul\/cinzento\/rosa\/verde\/castanho\/caqui<\/td>\n<\/tr>\n<tr>\n<td height=\"24\">Dimens\u00e3o<\/td>\n<td width=\"312\">50.5*25.5*14<\/td>\n<\/tr>\n<tr>\n<td height=\"23\">N.W \/SET<\/td>\n<td>12KGS\/PCS<\/td>\n<\/tr>\n<tr>\n<td height=\"23\">MOQ<\/td>\n<td>20 unidades<\/td>\n<\/tr>\n<tr>\n<td height=\"23\">Op\u00e7\u00e3o personalizada<\/td>\n<td>Cor\/Patente\/Tamanho\/Logotipo\/Embalagem<\/td>\n<\/tr>\n<\/tbody>\n<\/table>","protected":false},"featured_media":8906,"comment_status":"closed","ping_status":"closed","template":"","meta":{"_acf_changed":false},"product_brand":[],"product_cat":[57],"product_tag":[],"class_list":{"0":"post-8901","1":"product","2":"type-product","3":"status-publish","4":"has-post-thumbnail","6":"product_cat-wholesale-wall-mounted-sinks","8":"first","9":"instock","10":"shipping-taxable","11":"product-type-simple"},"acf":[],"_links":{"self":[{"href":"https:\/\/www.ceramicbasin.com\/pt\/wp-json\/wp\/v2\/product\/8901","targetHints":{"allow":["GET"]}}],"collection":[{"href":"https:\/\/www.ceramicbasin.com\/pt\/wp-json\/wp\/v2\/product"}],"about":[{"href":"https:\/\/www.ceramicbasin.com\/pt\/wp-json\/wp\/v2\/types\/product"}],"replies":[{"embeddable":true,"href":"https:\/\/www.ceramicbasin.com\/pt\/wp-json\/wp\/v2\/comments?post=8901"}],"wp:featuredmedia":[{"embeddable":true,"href":"https:\/\/www.ceramicbasin.com\/pt\/wp-json\/wp\/v2\/media\/8906"}],"wp:attachment":[{"href":"https:\/\/www.ceramicbasin.com\/pt\/wp-json\/wp\/v2\/media?parent=8901"}],"wp:term":[{"taxonomy":"product_brand","embeddable":true,"href":"https:\/\/www.ceramicbasin.com\/pt\/wp-json\/wp\/v2\/product_brand?post=8901"},{"taxonomy":"product_cat","embeddable":true,"href":"https:\/\/www.ceramicbasin.com\/pt\/wp-json\/wp\/v2\/product_cat?post=8901"},{"taxonomy":"product_tag","embeddable":true,"href":"https:\/\/www.ceramicbasin.com\/pt\/wp-json\/wp\/v2\/product_tag?post=8901"}],"curies":[{"name":"wp","href":"https:\/\/api.w.org\/{rel}","templated":true}]}}