{"id":8911,"date":"2026-01-13T07:39:42","date_gmt":"2026-01-13T07:39:42","guid":{"rendered":"https:\/\/www.ceramicbasin.com\/?post_type=product&#038;p=8911"},"modified":"2026-01-14T08:03:41","modified_gmt":"2026-01-14T08:03:41","slug":"ceramic-wall-hung-sink-wholesale","status":"publish","type":"product","link":"https:\/\/www.ceramicbasin.com\/pt\/produto\/ceramic-wall-hung-sink-wholesale\/","title":{"rendered":"Lavat\u00f3rio de cer\u00e2mica suspenso na parede por atacado, lavat\u00f3rio de casa de banho personalizado"},"content":{"rendered":"<div class=\"wp-block-columns is-layout-flex wp-container-core-columns-is-layout-9d6595d7 wp-block-columns-is-layout-flex\">\n<div class=\"wp-block-column is-layout-flow wp-block-column-is-layout-flow\">\n<h2 class=\"wp-block-heading\">Lavat\u00f3rio de cer\u00e2mica de parede premium por atacado Carater\u00edsticas:<\/h2>\n\n\n\n<ul class=\"wp-block-list\">\n<li><strong>Excelente desempenho:<\/strong> Baseamos o nosso lava-loi\u00e7a suspenso em cer\u00e2mica por atacado em materiais cer\u00e2micos de alta qualidade para que o lava-loi\u00e7a tenha uma excelente durabilidade e resist\u00eancia a riscos e possa manter um bom estado mesmo ap\u00f3s um longo per\u00edodo de utiliza\u00e7\u00e3o.<\/li>\n\n\n\n<li><strong>Poupan\u00e7a de custos:<\/strong> O nosso lavat\u00f3rio de cer\u00e2mica suspenso na parede combina uma est\u00e9tica de design simples com uma funcionalidade pr\u00e1tica, uma escolha ideal para casas de banho com estilo. Os lavat\u00f3rios de casa de banho por atacado a pre\u00e7os razo\u00e1veis e entrega r\u00e1pida para satisfazer as grandes encomendas, garantindo ao mesmo tempo a qualidade do produto.<\/li>\n\n\n\n<li><strong>Tratamento de esmalte f\u00e1cil de limpar:<\/strong>\u00a0A superf\u00edcie deste lavat\u00f3rio de cer\u00e2mica suspenso na parede adopta uma tecnologia especial de esmalte f\u00e1cil de limpar, que \u00e9 suave e delicada, as manchas n\u00e3o s\u00e3o f\u00e1ceis de aderir e s\u00e3o f\u00e1ceis de limpar.<\/li>\n\n\n\n<li><strong>Design de montagem na parede: <\/strong>Estes lavat\u00f3rios de casa de banho em cer\u00e2mica personalizados conservam o espa\u00e7o no ch\u00e3o, mant\u00eam as casas de banho pequenas arrumadas e limpas e tornam a limpeza do ch\u00e3o uma tarefa f\u00e1cil. Destinam-se a pequenos apartamentos, quartos de hotel, casas de banho p\u00fablicas e a qualquer lugar onde tenha um espa\u00e7o pequeno e queira aproveitar o espa\u00e7o da parede.<\/li>\n\n\n\n<li><strong>Resist\u00eancia estrutural de n\u00edvel comercial:<\/strong> Estes lavat\u00f3rios de casa de banho em cer\u00e2mica personalizados t\u00eam uma estrutura robusta com uma excelente capacidade de carga, adequada para ambientes de casas de banho p\u00fablicas ou comerciais de elevada frequ\u00eancia.<\/li>\n<\/ul>\n<\/div>\n\n\n\n<div class=\"wp-block-column is-layout-flow wp-block-column-is-layout-flow\">\n<figure class=\"wp-block-image size-full\"><img fetchpriority=\"high\" decoding=\"async\" width=\"800\" height=\"800\" src=\"https:\/\/www.ceramicbasin.com\/wp-content\/uploads\/2026\/01\/vessel-sinks-bathroom\uff0crectangle-sink\uff0cbasin-wall-mount5.webp\" alt=\"lavat\u00f3rio suspenso de cer\u00e2mica - venda por grosso - lavat\u00f3rio de casa de banho - personalizado-5\" class=\"wp-image-8917\" srcset=\"https:\/\/www.ceramicbasin.com\/wp-content\/uploads\/2026\/01\/vessel-sinks-bathroom\uff0crectangle-sink\uff0cbasin-wall-mount5.webp 800w, https:\/\/www.ceramicbasin.com\/wp-content\/uploads\/2026\/01\/vessel-sinks-bathroom\uff0crectangle-sink\uff0cbasin-wall-mount5-300x300.webp 300w, https:\/\/www.ceramicbasin.com\/wp-content\/uploads\/2026\/01\/vessel-sinks-bathroom\uff0crectangle-sink\uff0cbasin-wall-mount5-150x150.webp 150w, https:\/\/www.ceramicbasin.com\/wp-content\/uploads\/2026\/01\/vessel-sinks-bathroom\uff0crectangle-sink\uff0cbasin-wall-mount5-768x768.webp 768w, https:\/\/www.ceramicbasin.com\/wp-content\/uploads\/2026\/01\/vessel-sinks-bathroom\uff0crectangle-sink\uff0cbasin-wall-mount5-12x12.webp 12w, https:\/\/www.ceramicbasin.com\/wp-content\/uploads\/2026\/01\/vessel-sinks-bathroom\uff0crectangle-sink\uff0cbasin-wall-mount5-285x285.webp 285w, https:\/\/www.ceramicbasin.com\/wp-content\/uploads\/2026\/01\/vessel-sinks-bathroom\uff0crectangle-sink\uff0cbasin-wall-mount5-270x270.webp 270w, https:\/\/www.ceramicbasin.com\/wp-content\/uploads\/2026\/01\/vessel-sinks-bathroom\uff0crectangle-sink\uff0cbasin-wall-mount5-540x540.webp 540w, https:\/\/www.ceramicbasin.com\/wp-content\/uploads\/2026\/01\/vessel-sinks-bathroom\uff0crectangle-sink\uff0cbasin-wall-mount5-660x660.webp 660w\" sizes=\"(max-width: 800px) 100vw, 800px\" \/><\/figure>\n<\/div>\n<\/div>\n\n\n\n<p><\/p>","protected":false},"excerpt":{"rendered":"<p>Bem-vindo ao comprar o nosso lavat\u00f3rio de cer\u00e2mica suspenso na parede por atacado, que apresenta um design compacto que poupa espa\u00e7o, cer\u00e2mica dur\u00e1vel cozida a alta temperatura e uma superf\u00edcie vidrada f\u00e1cil de limpar. Ideal para encomendas a granel, \u00e9 amplamente utilizado em hot\u00e9is, apartamentos, escrit\u00f3rios e casas de banho p\u00fablicas, oferecendo qualidade fi\u00e1vel e instala\u00e7\u00e3o eficiente para projectos de grande escala.<\/p>\n<table border=\"0\" width=\"478\" cellspacing=\"0\" cellpadding=\"0\">\n<tbody>\n<tr>\n<td width=\"166\" height=\"23\">Fabricante<\/td>\n<td width=\"312\">HanYu<\/td>\n<\/tr>\n<tr>\n<td height=\"23\">Modelo n.<\/td>\n<td>HY-3137R<\/td>\n<\/tr>\n<tr>\n<td height=\"23\">Tipo<\/td>\n<td width=\"312\">Lava-loi\u00e7as de parede<\/td>\n<\/tr>\n<tr>\n<td height=\"24\">Forma<\/td>\n<td>Forma retangular<\/td>\n<\/tr>\n<tr>\n<td height=\"46\">Cor<\/td>\n<td width=\"312\">preto\/branco\/azul\/cinzento\/rosa\/verde\/castanho\/caqui<\/td>\n<\/tr>\n<tr>\n<td height=\"24\">Dimens\u00e3o<\/td>\n<td width=\"312\">50.5*25.5*14<\/td>\n<\/tr>\n<tr>\n<td height=\"23\">N.W \/SET<\/td>\n<td>12KGS\/PCS<\/td>\n<\/tr>\n<tr>\n<td height=\"23\">MOQ<\/td>\n<td>20 unidades<\/td>\n<\/tr>\n<tr>\n<td height=\"23\">Op\u00e7\u00e3o personalizada<\/td>\n<td>Cor\/Patente\/Tamanho\/Logotipo\/Embalagem<\/td>\n<\/tr>\n<\/tbody>\n<\/table>","protected":false},"featured_media":8915,"comment_status":"closed","ping_status":"closed","template":"","meta":{"_acf_changed":false},"product_brand":[],"product_cat":[57],"product_tag":[],"class_list":{"0":"post-8911","1":"product","2":"type-product","3":"status-publish","4":"has-post-thumbnail","6":"product_cat-wholesale-wall-mounted-sinks","8":"first","9":"instock","10":"shipping-taxable","11":"product-type-simple"},"acf":[],"_links":{"self":[{"href":"https:\/\/www.ceramicbasin.com\/pt\/wp-json\/wp\/v2\/product\/8911","targetHints":{"allow":["GET"]}}],"collection":[{"href":"https:\/\/www.ceramicbasin.com\/pt\/wp-json\/wp\/v2\/product"}],"about":[{"href":"https:\/\/www.ceramicbasin.com\/pt\/wp-json\/wp\/v2\/types\/product"}],"replies":[{"embeddable":true,"href":"https:\/\/www.ceramicbasin.com\/pt\/wp-json\/wp\/v2\/comments?post=8911"}],"wp:featuredmedia":[{"embeddable":true,"href":"https:\/\/www.ceramicbasin.com\/pt\/wp-json\/wp\/v2\/media\/8915"}],"wp:attachment":[{"href":"https:\/\/www.ceramicbasin.com\/pt\/wp-json\/wp\/v2\/media?parent=8911"}],"wp:term":[{"taxonomy":"product_brand","embeddable":true,"href":"https:\/\/www.ceramicbasin.com\/pt\/wp-json\/wp\/v2\/product_brand?post=8911"},{"taxonomy":"product_cat","embeddable":true,"href":"https:\/\/www.ceramicbasin.com\/pt\/wp-json\/wp\/v2\/product_cat?post=8911"},{"taxonomy":"product_tag","embeddable":true,"href":"https:\/\/www.ceramicbasin.com\/pt\/wp-json\/wp\/v2\/product_tag?post=8911"}],"curies":[{"name":"wp","href":"https:\/\/api.w.org\/{rel}","templated":true}]}}