{"id":8918,"date":"2026-01-13T07:58:23","date_gmt":"2026-01-13T07:58:23","guid":{"rendered":"https:\/\/www.ceramicbasin.com\/?post_type=product&#038;p=8918"},"modified":"2026-01-14T08:22:24","modified_gmt":"2026-01-14T08:22:24","slug":"wholesale-square-wall-hung-basin","status":"publish","type":"product","link":"https:\/\/www.ceramicbasin.com\/pt\/produto\/wholesale-square-wall-hung-basin\/","title":{"rendered":"Lavat\u00f3rio quadrado de parede com escorredor para casa de banho"},"content":{"rendered":"<div class=\"wp-block-columns is-layout-flex wp-container-core-columns-is-layout-9d6595d7 wp-block-columns-is-layout-flex\">\n<div class=\"wp-block-column is-layout-flow wp-block-column-is-layout-flow\">\n<h2 class=\"wp-block-heading\">Lavat\u00f3rio quadrado de parede Premium Wholesale Carater\u00edsticas:<\/h2>\n\n\n\n<ul class=\"wp-block-list\">\n<li>Design de escorredor integrado: Este lavat\u00f3rio quadrado suspenso na parede apresenta uma \u00e1rea de drenagem. Este escorredor facilita a coloca\u00e7\u00e3o de produtos de higiene pessoal ou a lavagem de pequenos objectos, aumentando a praticidade e tornando-o especialmente adequado para varandas e \u00e1reas multifuncionais.<\/li>\n\n\n\n<li>Design quadrado de parede: Com uma forma quadrada moderna e minimalista, o nosso lava-loi\u00e7a de cer\u00e2mica por atacado em instala\u00e7\u00e3o de parede poupa espa\u00e7o, adequado para pequenas casas de banho, varandas, \u00e1reas de lavandaria e projectos comerciais.<\/li>\n\n\n\n<li><strong>Conce\u00e7\u00e3o da otimiza\u00e7\u00e3o do espa\u00e7o:<\/strong> Este lavat\u00f3rio quadrado suspenso na parede \u00e9 particularmente adequado para pequenas casas de banho, melhorando a utiliza\u00e7\u00e3o do espa\u00e7o. Adequado para apartamentos, hot\u00e9is e pequenos espa\u00e7os comerciais.<\/li>\n\n\n\n<li><strong>Forte compatibilidade de instala\u00e7\u00e3o:<\/strong> Este lavat\u00f3rio quadrado suspenso na parede tem orif\u00edcios de transbordo e de drenagem padr\u00e3o, suportando drenos pop-up universais. A instala\u00e7\u00e3o na parede \u00e9 est\u00e1vel e compat\u00edvel com a maioria das superf\u00edcies de parede e sistemas de abastecimento de \u00e1gua.<\/li>\n\n\n\n<li><strong>Servi\u00e7os de personaliza\u00e7\u00e3o e de venda por grosso:<\/strong> O nosso lava-loi\u00e7a de cer\u00e2mica por atacado suporta a personaliza\u00e7\u00e3o OEM\/ODM (como o log\u00f3tipo, ajuste de tamanho) e oferece pre\u00e7os por atacado escalonados para satisfazer as necessidades de compra a granel de projectos de engenharia.<\/li>\n<\/ul>\n<\/div>\n\n\n\n<div class=\"wp-block-column is-layout-flow wp-block-column-is-layout-flow\">\n<figure class=\"wp-block-image size-full\"><img fetchpriority=\"high\" decoding=\"async\" width=\"800\" height=\"800\" src=\"https:\/\/www.ceramicbasin.com\/wp-content\/uploads\/2026\/01\/square-wall-mounted-basin\uff0cwall-hung-sink\uff0cvessel-ceramic-sink5.webp\" alt=\"lavat\u00f3rio suspenso de parede quadrada com escorredor para casa de banho-5\" class=\"wp-image-8924\" srcset=\"https:\/\/www.ceramicbasin.com\/wp-content\/uploads\/2026\/01\/square-wall-mounted-basin\uff0cwall-hung-sink\uff0cvessel-ceramic-sink5.webp 800w, https:\/\/www.ceramicbasin.com\/wp-content\/uploads\/2026\/01\/square-wall-mounted-basin\uff0cwall-hung-sink\uff0cvessel-ceramic-sink5-300x300.webp 300w, https:\/\/www.ceramicbasin.com\/wp-content\/uploads\/2026\/01\/square-wall-mounted-basin\uff0cwall-hung-sink\uff0cvessel-ceramic-sink5-150x150.webp 150w, https:\/\/www.ceramicbasin.com\/wp-content\/uploads\/2026\/01\/square-wall-mounted-basin\uff0cwall-hung-sink\uff0cvessel-ceramic-sink5-768x768.webp 768w, https:\/\/www.ceramicbasin.com\/wp-content\/uploads\/2026\/01\/square-wall-mounted-basin\uff0cwall-hung-sink\uff0cvessel-ceramic-sink5-12x12.webp 12w, https:\/\/www.ceramicbasin.com\/wp-content\/uploads\/2026\/01\/square-wall-mounted-basin\uff0cwall-hung-sink\uff0cvessel-ceramic-sink5-285x285.webp 285w, https:\/\/www.ceramicbasin.com\/wp-content\/uploads\/2026\/01\/square-wall-mounted-basin\uff0cwall-hung-sink\uff0cvessel-ceramic-sink5-270x270.webp 270w, https:\/\/www.ceramicbasin.com\/wp-content\/uploads\/2026\/01\/square-wall-mounted-basin\uff0cwall-hung-sink\uff0cvessel-ceramic-sink5-540x540.webp 540w, https:\/\/www.ceramicbasin.com\/wp-content\/uploads\/2026\/01\/square-wall-mounted-basin\uff0cwall-hung-sink\uff0cvessel-ceramic-sink5-660x660.webp 660w\" sizes=\"(max-width: 800px) 100vw, 800px\" \/><\/figure>\n<\/div>\n<\/div>\n\n\n\n<p><\/p>","protected":false},"excerpt":{"rendered":"<p>Bem-vindo ao comprar esta bacia quadrada suspensa na parede por atacado, que apresenta uma estrutura de montagem na parede que economiza espa\u00e7o, escorredor integrado e cer\u00e2mica dur\u00e1vel de alta temperatura com acabamento esmaltado liso. Ideal para venda por atacado a granel, fornecimento de projectos e personaliza\u00e7\u00e3o OEM, \u00e9 amplamente utilizado em projectos de casas de banho residenciais, hoteleiras e comerciais.<\/p>\n<table border=\"0\" width=\"478\" cellspacing=\"0\" cellpadding=\"0\">\n<tbody>\n<tr>\n<td width=\"166\" height=\"23\">Fabricante<\/td>\n<td width=\"312\">HanYu<\/td>\n<\/tr>\n<tr>\n<td height=\"23\">Modelo n.<\/td>\n<td>HY-3139L<\/td>\n<\/tr>\n<tr>\n<td height=\"23\">Tipo<\/td>\n<td width=\"312\">Lava-loi\u00e7as de parede<\/td>\n<\/tr>\n<tr>\n<td height=\"24\">Forma<\/td>\n<td>Forma retangular<\/td>\n<\/tr>\n<tr>\n<td height=\"46\">Cor<\/td>\n<td width=\"312\">preto\/branco\/azul\/cinzento\/rosa\/verde\/castanho\/caqui<\/td>\n<\/tr>\n<tr>\n<td height=\"24\">Dimens\u00e3o<\/td>\n<td width=\"312\">75*48*20<\/td>\n<\/tr>\n<tr>\n<td height=\"23\">N.W \/SET<\/td>\n<td>18KGS\/PCS<\/td>\n<\/tr>\n<tr>\n<td height=\"23\">MOQ<\/td>\n<td>20 unidades<\/td>\n<\/tr>\n<tr>\n<td height=\"23\">Op\u00e7\u00e3o personalizada<\/td>\n<td>Cor\/Patente\/Tamanho\/Logotipo\/Embalagem<\/td>\n<\/tr>\n<\/tbody>\n<\/table>","protected":false},"featured_media":8919,"comment_status":"closed","ping_status":"closed","template":"","meta":{"_acf_changed":false},"product_brand":[],"product_cat":[57],"product_tag":[],"class_list":{"0":"post-8918","1":"product","2":"type-product","3":"status-publish","4":"has-post-thumbnail","6":"product_cat-wholesale-wall-mounted-sinks","8":"first","9":"instock","10":"shipping-taxable","11":"product-type-simple"},"acf":[],"_links":{"self":[{"href":"https:\/\/www.ceramicbasin.com\/pt\/wp-json\/wp\/v2\/product\/8918","targetHints":{"allow":["GET"]}}],"collection":[{"href":"https:\/\/www.ceramicbasin.com\/pt\/wp-json\/wp\/v2\/product"}],"about":[{"href":"https:\/\/www.ceramicbasin.com\/pt\/wp-json\/wp\/v2\/types\/product"}],"replies":[{"embeddable":true,"href":"https:\/\/www.ceramicbasin.com\/pt\/wp-json\/wp\/v2\/comments?post=8918"}],"wp:featuredmedia":[{"embeddable":true,"href":"https:\/\/www.ceramicbasin.com\/pt\/wp-json\/wp\/v2\/media\/8919"}],"wp:attachment":[{"href":"https:\/\/www.ceramicbasin.com\/pt\/wp-json\/wp\/v2\/media?parent=8918"}],"wp:term":[{"taxonomy":"product_brand","embeddable":true,"href":"https:\/\/www.ceramicbasin.com\/pt\/wp-json\/wp\/v2\/product_brand?post=8918"},{"taxonomy":"product_cat","embeddable":true,"href":"https:\/\/www.ceramicbasin.com\/pt\/wp-json\/wp\/v2\/product_cat?post=8918"},{"taxonomy":"product_tag","embeddable":true,"href":"https:\/\/www.ceramicbasin.com\/pt\/wp-json\/wp\/v2\/product_tag?post=8918"}],"curies":[{"name":"wp","href":"https:\/\/api.w.org\/{rel}","templated":true}]}}