{"id":8925,"date":"2026-01-13T08:04:23","date_gmt":"2026-01-13T08:04:23","guid":{"rendered":"https:\/\/www.ceramicbasin.com\/?post_type=product&#038;p=8925"},"modified":"2026-01-14T08:39:57","modified_gmt":"2026-01-14T08:39:57","slug":"wholesale-wash-basin-wall-mounted","status":"publish","type":"product","link":"https:\/\/www.ceramicbasin.com\/pt\/produto\/wholesale-wash-basin-wall-mounted\/","title":{"rendered":"Lavat\u00f3rio de parede por atacado, lavat\u00f3rio de cer\u00e2mica com escorredor"},"content":{"rendered":"<div class=\"wp-block-columns is-layout-flex wp-container-core-columns-is-layout-9d6595d7 wp-block-columns-is-layout-flex\">\n<div class=\"wp-block-column is-layout-flow wp-block-column-is-layout-flow\">\n<h2 class=\"wp-block-heading\">Lavat\u00f3rio Premium Wholesale montado na parede Carater\u00edsticas:<\/h2>\n\n\n\n<ul class=\"wp-block-list\">\n<li><strong>Conce\u00e7\u00e3o da otimiza\u00e7\u00e3o do espa\u00e7o: <\/strong>Este lavat\u00f3rio por atacado montado na parede \u00e9 particularmente adequado para espa\u00e7os de casa de banho pequenos, melhorando a utiliza\u00e7\u00e3o do espa\u00e7o. Adequado para apartamentos, hot\u00e9is e pequenos espa\u00e7os comerciais.<\/li>\n\n\n\n<li><strong>Escorredor incorporado:<\/strong> A estrutura integrada do escorredor do lavat\u00f3rio de parede para venda por grosso permite colocar comodamente artigos de higiene ou de limpeza, melhorando a praticidade e a efici\u00eancia da utiliza\u00e7\u00e3o di\u00e1ria.<\/li>\n\n\n\n<li><strong>Material cer\u00e2mico de alta qualidade:<\/strong>\u00a0Os lavat\u00f3rios de parede da HanYu s\u00e3o fabricados com mat\u00e9rias-primas cer\u00e2micas de alta qualidade, que s\u00e3o cozidas a altas temperaturas, com uma textura s\u00f3lida e uma superf\u00edcie lisa, impedindo eficazmente a ader\u00eancia da sujidade.<\/li>\n\n\n\n<li><strong>Forte compatibilidade de instala\u00e7\u00e3o:<\/strong> Este lava-loi\u00e7a de cer\u00e2mica personalizado tem um transbordo padr\u00e3o e orif\u00edcios de drenagem, suportando drenos pop-up universais. A instala\u00e7\u00e3o na parede \u00e9 est\u00e1vel e compat\u00edvel com a maioria das superf\u00edcies de parede e sistemas de abastecimento de \u00e1gua.<\/li>\n\n\n\n<li><strong>Instala\u00e7\u00e3o na parede:<\/strong> A estrutura deste lava-loi\u00e7a de cer\u00e2mica personalizado \u00e9 razoavelmente concebida, a instala\u00e7\u00e3o \u00e9 firme, reduz o espa\u00e7o ocupado no ch\u00e3o e \u00e9 conveniente limpar o espa\u00e7o, o que satisfaz as necessidades do design moderno dos edif\u00edcios.<\/li>\n\n\n\n<li><strong>Adequado para mercados prontos para projeto e exporta\u00e7\u00e3o:<\/strong> Cumpre as normas internacionais para casas de banho e \u00e9 adequado para compras a granel, coopera\u00e7\u00e3o OEM\/ODM e vendas no estrangeiro.<\/li>\n<\/ul>\n<\/div>\n\n\n\n<div class=\"wp-block-column is-layout-flow wp-block-column-is-layout-flow\">\n<figure class=\"wp-block-image size-full\"><img fetchpriority=\"high\" decoding=\"async\" width=\"800\" height=\"800\" src=\"https:\/\/www.ceramicbasin.com\/wp-content\/uploads\/2026\/01\/white-ceramic-sink\uff0cwashroom-sink\uff0cwall-hung-basin-sink5.webp\" alt=\"lavat\u00f3rio de cer\u00e2mica de parede com escorredor-5\" class=\"wp-image-8931\" srcset=\"https:\/\/www.ceramicbasin.com\/wp-content\/uploads\/2026\/01\/white-ceramic-sink\uff0cwashroom-sink\uff0cwall-hung-basin-sink5.webp 800w, https:\/\/www.ceramicbasin.com\/wp-content\/uploads\/2026\/01\/white-ceramic-sink\uff0cwashroom-sink\uff0cwall-hung-basin-sink5-300x300.webp 300w, https:\/\/www.ceramicbasin.com\/wp-content\/uploads\/2026\/01\/white-ceramic-sink\uff0cwashroom-sink\uff0cwall-hung-basin-sink5-150x150.webp 150w, https:\/\/www.ceramicbasin.com\/wp-content\/uploads\/2026\/01\/white-ceramic-sink\uff0cwashroom-sink\uff0cwall-hung-basin-sink5-768x768.webp 768w, https:\/\/www.ceramicbasin.com\/wp-content\/uploads\/2026\/01\/white-ceramic-sink\uff0cwashroom-sink\uff0cwall-hung-basin-sink5-12x12.webp 12w, https:\/\/www.ceramicbasin.com\/wp-content\/uploads\/2026\/01\/white-ceramic-sink\uff0cwashroom-sink\uff0cwall-hung-basin-sink5-285x285.webp 285w, https:\/\/www.ceramicbasin.com\/wp-content\/uploads\/2026\/01\/white-ceramic-sink\uff0cwashroom-sink\uff0cwall-hung-basin-sink5-270x270.webp 270w, https:\/\/www.ceramicbasin.com\/wp-content\/uploads\/2026\/01\/white-ceramic-sink\uff0cwashroom-sink\uff0cwall-hung-basin-sink5-540x540.webp 540w, https:\/\/www.ceramicbasin.com\/wp-content\/uploads\/2026\/01\/white-ceramic-sink\uff0cwashroom-sink\uff0cwall-hung-basin-sink5-660x660.webp 660w\" sizes=\"(max-width: 800px) 100vw, 800px\" \/><\/figure>\n<\/div>\n<\/div>\n\n\n\n<p><\/p>","protected":false},"excerpt":{"rendered":"<p>Bem-vindo \u00e0 compra O lavat\u00f3rio de parede por atacado da HanYu \u00e9 feito de materiais cer\u00e2micos de alta qualidade, que s\u00e3o queimados a altas temperaturas, com uma textura s\u00f3lida e superf\u00edcie lisa, evitando eficazmente a ader\u00eancia de sujidade. Ideal para atacado a granel, fornecimento de projetos e personaliza\u00e7\u00e3o, \u00e9 amplamente utilizado em projetos de banheiros residenciais, hoteleiros e comerciais.<\/p>\n<table border=\"0\" width=\"478\" cellspacing=\"0\" cellpadding=\"0\">\n<tbody>\n<tr>\n<td width=\"166\" height=\"23\">Fabricante<\/td>\n<td width=\"312\">HanYu<\/td>\n<\/tr>\n<tr>\n<td height=\"23\">Modelo n.<\/td>\n<td>HY-3139R<\/td>\n<\/tr>\n<tr>\n<td height=\"23\">Tipo<\/td>\n<td width=\"312\">Lava-loi\u00e7as de parede<\/td>\n<\/tr>\n<tr>\n<td height=\"24\">Forma<\/td>\n<td>Forma retangular<\/td>\n<\/tr>\n<tr>\n<td height=\"46\">Cor<\/td>\n<td width=\"312\">preto\/branco\/azul\/cinzento\/rosa\/verde\/castanho\/caqui<\/td>\n<\/tr>\n<tr>\n<td height=\"24\">Dimens\u00e3o<\/td>\n<td width=\"312\">75*48*20<\/td>\n<\/tr>\n<tr>\n<td height=\"23\">N.W \/SET<\/td>\n<td>18KGS\/PCS<\/td>\n<\/tr>\n<tr>\n<td height=\"23\">MOQ<\/td>\n<td>20 unidades<\/td>\n<\/tr>\n<tr>\n<td height=\"23\">Op\u00e7\u00e3o personalizada<\/td>\n<td>Cor\/Patente\/Tamanho\/Logotipo\/Embalagem<\/td>\n<\/tr>\n<\/tbody>\n<\/table>","protected":false},"featured_media":8929,"comment_status":"closed","ping_status":"closed","template":"","meta":{"_acf_changed":false},"product_brand":[],"product_cat":[57],"product_tag":[],"class_list":{"0":"post-8925","1":"product","2":"type-product","3":"status-publish","4":"has-post-thumbnail","6":"product_cat-wholesale-wall-mounted-sinks","8":"first","9":"instock","10":"shipping-taxable","11":"product-type-simple"},"acf":[],"_links":{"self":[{"href":"https:\/\/www.ceramicbasin.com\/pt\/wp-json\/wp\/v2\/product\/8925","targetHints":{"allow":["GET"]}}],"collection":[{"href":"https:\/\/www.ceramicbasin.com\/pt\/wp-json\/wp\/v2\/product"}],"about":[{"href":"https:\/\/www.ceramicbasin.com\/pt\/wp-json\/wp\/v2\/types\/product"}],"replies":[{"embeddable":true,"href":"https:\/\/www.ceramicbasin.com\/pt\/wp-json\/wp\/v2\/comments?post=8925"}],"wp:featuredmedia":[{"embeddable":true,"href":"https:\/\/www.ceramicbasin.com\/pt\/wp-json\/wp\/v2\/media\/8929"}],"wp:attachment":[{"href":"https:\/\/www.ceramicbasin.com\/pt\/wp-json\/wp\/v2\/media?parent=8925"}],"wp:term":[{"taxonomy":"product_brand","embeddable":true,"href":"https:\/\/www.ceramicbasin.com\/pt\/wp-json\/wp\/v2\/product_brand?post=8925"},{"taxonomy":"product_cat","embeddable":true,"href":"https:\/\/www.ceramicbasin.com\/pt\/wp-json\/wp\/v2\/product_cat?post=8925"},{"taxonomy":"product_tag","embeddable":true,"href":"https:\/\/www.ceramicbasin.com\/pt\/wp-json\/wp\/v2\/product_tag?post=8925"}],"curies":[{"name":"wp","href":"https:\/\/api.w.org\/{rel}","templated":true}]}}