{"id":8946,"date":"2026-01-26T02:50:20","date_gmt":"2026-01-26T02:50:20","guid":{"rendered":"https:\/\/www.ceramicbasin.com\/?post_type=product&#038;p=8946"},"modified":"2026-01-26T02:50:23","modified_gmt":"2026-01-26T02:50:23","slug":"modern-bathroom-sink-wholesale","status":"publish","type":"product","link":"https:\/\/www.ceramicbasin.com\/pt\/produto\/modern-bathroom-sink-wholesale\/","title":{"rendered":"Lavat\u00f3rio de casa de banho moderno por atacado, branco brilhante com rebordo preto"},"content":{"rendered":"<div class=\"wp-block-columns is-layout-flex wp-container-core-columns-is-layout-9d6595d7 wp-block-columns-is-layout-flex\">\n<div class=\"wp-block-column is-layout-flow wp-block-column-is-layout-flow\">\n<h2 class=\"wp-block-heading\">Lavat\u00f3rio de casa de banho moderno Premium Carater\u00edsticas por atacado:<\/h2>\n\n\n\n<ul class=\"wp-block-list\">\n<li><strong>Design id\u00eantico com bloqueio de cores a preto e branco: <\/strong>Este lavat\u00f3rio de casa de banho moderno por atacado apresenta uma bacia de cer\u00e2mica branca de alto brilho com um rebordo preto mate ultrafino de 1,5 mm. As linhas limpas e marcantes tornam-no um ponto focal visual sem a necessidade de decora\u00e7\u00f5es complexas, melhorando o estilo geral da casa de banho.<\/li>\n\n\n\n<li><strong>Dimens\u00f5es ergon\u00f3micas:<\/strong> Este lavat\u00f3rio de cer\u00e2mica por atacado oferece um amplo espa\u00e7o de lavagem com um comprimento de 500 mm, uma largura de 385 mm para se adaptar \u00e0 maioria dos lavat\u00f3rios de casa de banho padr\u00e3o e uma profundidade de 130 mm para uma preven\u00e7\u00e3o eficaz de salpicos, equilibrando o conforto e a utiliza\u00e7\u00e3o do espa\u00e7o.<\/li>\n\n\n\n<li><strong>Adaptabilidade em v\u00e1rias cenas: <\/strong>O nosso lavat\u00f3rio de casa de banho moderno por atacado pode ser combinado de forma flex\u00edvel com espelhos redondos inteligentes, torneiras pretas minimalistas e bancadas de pedra cinzenta, criando facilmente cenas de casa de banho modernas e minimalistas de luxo para hot\u00e9is, showrooms e resid\u00eancias de luxo.<\/li>\n\n\n\n<li><strong>Material dur\u00e1vel e f\u00e1cil de limpar: <\/strong>Os nossos lavat\u00f3rios de cer\u00e2mica por atacado s\u00e3o feitos de esmalte cer\u00e2mico de alta temperatura cozido numa s\u00f3 pe\u00e7a, com uma superf\u00edcie densa e brilhante que \u00e9 altamente resistente a manchas. A borda preta \u00e9 feita com um processo de cor de esmalte resistente ao desgaste, que n\u00e3o \u00e9 f\u00e1cil de desbotar ou desgastar durante o uso a longo prazo. A limpeza di\u00e1ria \u00e9 t\u00e3o simples como passar um pano.<\/li>\n<\/ul>\n<\/div>\n\n\n\n<div class=\"wp-block-column is-layout-flow wp-block-column-is-layout-flow\">\n<figure class=\"wp-block-image size-full\"><img fetchpriority=\"high\" decoding=\"async\" width=\"1024\" height=\"1024\" src=\"https:\/\/www.ceramicbasin.com\/wp-content\/uploads\/2026\/01\/Modern-Style-Bathroom-Sink-Glossy-White-Black-Edge-Art-White-Table-Top-Rectangular-Wash-Basin-5.webp\" alt=\"Lavat\u00f3rio de casa de banho de estilo moderno, lavat\u00f3rio de mesa retangular branco brilhante com rebordo preto Art White\" class=\"wp-image-8951\" srcset=\"https:\/\/www.ceramicbasin.com\/wp-content\/uploads\/2026\/01\/Modern-Style-Bathroom-Sink-Glossy-White-Black-Edge-Art-White-Table-Top-Rectangular-Wash-Basin-5.webp 1024w, https:\/\/www.ceramicbasin.com\/wp-content\/uploads\/2026\/01\/Modern-Style-Bathroom-Sink-Glossy-White-Black-Edge-Art-White-Table-Top-Rectangular-Wash-Basin-5-300x300.webp 300w, https:\/\/www.ceramicbasin.com\/wp-content\/uploads\/2026\/01\/Modern-Style-Bathroom-Sink-Glossy-White-Black-Edge-Art-White-Table-Top-Rectangular-Wash-Basin-5-150x150.webp 150w, https:\/\/www.ceramicbasin.com\/wp-content\/uploads\/2026\/01\/Modern-Style-Bathroom-Sink-Glossy-White-Black-Edge-Art-White-Table-Top-Rectangular-Wash-Basin-5-768x768.webp 768w, https:\/\/www.ceramicbasin.com\/wp-content\/uploads\/2026\/01\/Modern-Style-Bathroom-Sink-Glossy-White-Black-Edge-Art-White-Table-Top-Rectangular-Wash-Basin-5-12x12.webp 12w, https:\/\/www.ceramicbasin.com\/wp-content\/uploads\/2026\/01\/Modern-Style-Bathroom-Sink-Glossy-White-Black-Edge-Art-White-Table-Top-Rectangular-Wash-Basin-5-285x285.webp 285w, https:\/\/www.ceramicbasin.com\/wp-content\/uploads\/2026\/01\/Modern-Style-Bathroom-Sink-Glossy-White-Black-Edge-Art-White-Table-Top-Rectangular-Wash-Basin-5-270x270.webp 270w, https:\/\/www.ceramicbasin.com\/wp-content\/uploads\/2026\/01\/Modern-Style-Bathroom-Sink-Glossy-White-Black-Edge-Art-White-Table-Top-Rectangular-Wash-Basin-5-540x540.webp 540w, https:\/\/www.ceramicbasin.com\/wp-content\/uploads\/2026\/01\/Modern-Style-Bathroom-Sink-Glossy-White-Black-Edge-Art-White-Table-Top-Rectangular-Wash-Basin-5-660x660.webp 660w\" sizes=\"(max-width: 1024px) 100vw, 1024px\" \/><\/figure>\n<\/div>\n<\/div>","protected":false},"excerpt":{"rendered":"<p>Bem-vindo \u00e0 compra de lavat\u00f3rios de cer\u00e2mica. Este lavat\u00f3rio de casa de banho moderno por atacado apresenta um esquema de cores preto e branco cl\u00e1ssico, criando uma forte sensa\u00e7\u00e3o visual de profundidade e complementando perfeitamente os estilos de casa de banho de luxo modernos e minimalistas.<\/p>\n<table style=\"border-collapse: collapse; width: 311.02pt;\" border=\"0\" width=\"311\" cellspacing=\"0\" cellpadding=\"0\">\n<tbody>\n<tr style=\"height: 17.60pt;\">\n<td class=\"et3\" style=\"height: 17.60pt; width: 108.35pt;\" width=\"108\" height=\"17\">Fabricante<\/td>\n<td class=\"et3\" style=\"width: 202.95pt;\" width=\"202\">HanYu<\/td>\n<\/tr>\n<tr style=\"height: 17.60pt;\">\n<td class=\"et3\" style=\"height: 17.60pt;\" height=\"17\">Modelo n.<\/td>\n<td class=\"et4\">HY-8024BC<\/td>\n<\/tr>\n<tr style=\"height: 17.60pt;\">\n<td class=\"et3\" style=\"height: 17.60pt;\" height=\"17\">Tipo<\/td>\n<td class=\"et3\">Lavat\u00f3rio de bancada<\/td>\n<\/tr>\n<tr style=\"height: 17.60pt;\">\n<td class=\"et3\" style=\"height: 17.60pt;\" height=\"17\">Forma<\/td>\n<td class=\"et3\">Forma retangular<\/td>\n<\/tr>\n<tr style=\"height: 17.60pt;\">\n<td class=\"et4\" style=\"height: 17.60pt;\" height=\"17\">Cor<\/td>\n<td class=\"et3\">branco com linha preta mate<\/td>\n<\/tr>\n<tr style=\"height: 18.00pt;\">\n<td class=\"et3\" style=\"height: 18.00pt;\" height=\"18\">Dimens\u00e3o<\/td>\n<td class=\"et5\" style=\"width: 202.95pt;\" width=\"202\">50*38.5*13<\/td>\n<\/tr>\n<tr style=\"height: 17.60pt;\">\n<td class=\"et3\" style=\"height: 17.60pt;\" height=\"17\">N.W \/SET<\/td>\n<td class=\"et3\">10.5KGS\/PCS<\/td>\n<\/tr>\n<tr style=\"height: 17.60pt;\">\n<td class=\"et3\" style=\"height: 17.60pt;\" height=\"17\">MOQ<\/td>\n<td class=\"et3\">20 unidades<\/td>\n<\/tr>\n<tr style=\"height: 17.60pt;\">\n<td class=\"et3\" style=\"height: 17.60pt;\" height=\"17\">Op\u00e7\u00e3o personalizada<\/td>\n<td class=\"et3\">Cor\/Patente\/Tamanho\/Logotipo\/Embalagem<\/td>\n<\/tr>\n<\/tbody>\n<\/table>","protected":false},"featured_media":8947,"comment_status":"closed","ping_status":"closed","template":"","meta":{"_acf_changed":false},"product_brand":[],"product_cat":[50,55],"product_tag":[],"class_list":{"0":"post-8946","1":"product","2":"type-product","3":"status-publish","4":"has-post-thumbnail","6":"product_cat-wholesale-countertop-sinks","7":"product_cat-wholesale-matte-sinks","9":"first","10":"instock","11":"shipping-taxable","12":"product-type-simple"},"acf":[],"_links":{"self":[{"href":"https:\/\/www.ceramicbasin.com\/pt\/wp-json\/wp\/v2\/product\/8946","targetHints":{"allow":["GET"]}}],"collection":[{"href":"https:\/\/www.ceramicbasin.com\/pt\/wp-json\/wp\/v2\/product"}],"about":[{"href":"https:\/\/www.ceramicbasin.com\/pt\/wp-json\/wp\/v2\/types\/product"}],"replies":[{"embeddable":true,"href":"https:\/\/www.ceramicbasin.com\/pt\/wp-json\/wp\/v2\/comments?post=8946"}],"wp:featuredmedia":[{"embeddable":true,"href":"https:\/\/www.ceramicbasin.com\/pt\/wp-json\/wp\/v2\/media\/8947"}],"wp:attachment":[{"href":"https:\/\/www.ceramicbasin.com\/pt\/wp-json\/wp\/v2\/media?parent=8946"}],"wp:term":[{"taxonomy":"product_brand","embeddable":true,"href":"https:\/\/www.ceramicbasin.com\/pt\/wp-json\/wp\/v2\/product_brand?post=8946"},{"taxonomy":"product_cat","embeddable":true,"href":"https:\/\/www.ceramicbasin.com\/pt\/wp-json\/wp\/v2\/product_cat?post=8946"},{"taxonomy":"product_tag","embeddable":true,"href":"https:\/\/www.ceramicbasin.com\/pt\/wp-json\/wp\/v2\/product_tag?post=8946"}],"curies":[{"name":"wp","href":"https:\/\/api.w.org\/{rel}","templated":true}]}}