{"id":8953,"date":"2026-01-26T02:28:57","date_gmt":"2026-01-26T02:28:57","guid":{"rendered":"https:\/\/www.ceramicbasin.com\/?post_type=product&#038;p=8953"},"modified":"2026-01-26T02:29:00","modified_gmt":"2026-01-26T02:29:00","slug":"wholesale-rectangle-basin","status":"publish","type":"product","link":"https:\/\/www.ceramicbasin.com\/pt\/produto\/wholesale-rectangle-basin\/","title":{"rendered":"Lavat\u00f3rio retangular por atacado, lavat\u00f3rios de toucador em preto mate"},"content":{"rendered":"<div class=\"wp-block-columns is-layout-flex wp-container-core-columns-is-layout-9d6595d7 wp-block-columns-is-layout-flex\">\n<div class=\"wp-block-column is-layout-flow wp-block-column-is-layout-flow\">\n<div class=\"wp-block-columns is-layout-flex wp-container-core-columns-is-layout-9d6595d7 wp-block-columns-is-layout-flex\">\n<div class=\"wp-block-column is-layout-flow wp-block-column-is-layout-flow\">\n<h2 class=\"wp-block-heading\">Bacia retangular Premium Wholesale Carater\u00edsticas:<\/h2>\n\n\n\n<ul class=\"wp-block-list\">\n<li><strong>Design cl\u00e1ssico quadrado: <\/strong>Este lavat\u00f3rio retangular por atacado utiliza um tamanho quadrado padr\u00e3o de 385 mm com cantos arredondados para seguran\u00e7a e para evitar choques. A forma quadrada combina bem com os principais designs modernos, como os designs minimalistas e os designs industriais, e complementar\u00e1 a est\u00e9tica de um espa\u00e7o.<\/li>\n\n\n\n<li><strong>Acabamento mate duradouro: <\/strong>Os nossos lavat\u00f3rios de cer\u00e2mica para casa de banho por atacado s\u00e3o fabricados a partir de cer\u00e2mica de alta temperatura, pelo que s\u00e3o um produto forte que durar\u00e1 muito tempo. O acabamento em esmalte preto mate n\u00e3o deixa ver manchas ou sujidade e \u00e9 tamb\u00e9m f\u00e1cil de limpar. N\u00e3o ver\u00e1 quaisquer marcas de \u00e1gua ou impress\u00f5es digitais, e a manuten\u00e7\u00e3o regular \u00e9 muito f\u00e1cil, pelo que continuar\u00e3o a ser um produto topo de gama mesmo ap\u00f3s anos de utiliza\u00e7\u00e3o.<\/li>\n\n\n\n<li><strong>Detalhes de f\u00e1cil utiliza\u00e7\u00e3o:<\/strong> A profundidade cientificamente concebida de 135 mm deste lavat\u00f3rio retangular por atacado garante o m\u00ednimo de salpicos de \u00e1gua durante a lavagem, e o orif\u00edcio de drenagem circular central garante uma drenagem suave. \u00c9 compat\u00edvel com a maioria dos espa\u00e7amentos de furos de torneira padr\u00e3o, tornando a instala\u00e7\u00e3o flex\u00edvel e simples.<\/li>\n\n\n\n<li><strong>Aplica\u00e7\u00f5es vers\u00e1teis:<\/strong> Os nossos lavat\u00f3rios de casa de banho de cer\u00e2mica por atacado podem ser amplamente utilizados em projectos que v\u00e3o desde casas de banho principais e casas de banho de h\u00f3spedes em casas a hot\u00e9is boutique e showrooms comerciais. Oferecemos qualidade de n\u00edvel grossista e um fornecimento est\u00e1vel, e apoiamos solu\u00e7\u00f5es personalizadas.<\/li>\n<\/ul>\n<\/div>\n\n\n\n<div class=\"wp-block-column is-layout-flow wp-block-column-is-layout-flow\">\n<figure class=\"wp-block-image size-full\"><img fetchpriority=\"high\" decoding=\"async\" width=\"1024\" height=\"1024\" src=\"https:\/\/www.ceramicbasin.com\/wp-content\/uploads\/2026\/01\/Above-Counter-Wash-Hand-Basin-Black-Vanity-Wholesale-Square-Ceramic-Matte-Basins-5.webp\" alt=\"Lavat\u00f3rio acima do balc\u00e3o, lavat\u00f3rios quadrados de cer\u00e2mica mate\" class=\"wp-image-8958\" srcset=\"https:\/\/www.ceramicbasin.com\/wp-content\/uploads\/2026\/01\/Above-Counter-Wash-Hand-Basin-Black-Vanity-Wholesale-Square-Ceramic-Matte-Basins-5.webp 1024w, https:\/\/www.ceramicbasin.com\/wp-content\/uploads\/2026\/01\/Above-Counter-Wash-Hand-Basin-Black-Vanity-Wholesale-Square-Ceramic-Matte-Basins-5-300x300.webp 300w, https:\/\/www.ceramicbasin.com\/wp-content\/uploads\/2026\/01\/Above-Counter-Wash-Hand-Basin-Black-Vanity-Wholesale-Square-Ceramic-Matte-Basins-5-150x150.webp 150w, https:\/\/www.ceramicbasin.com\/wp-content\/uploads\/2026\/01\/Above-Counter-Wash-Hand-Basin-Black-Vanity-Wholesale-Square-Ceramic-Matte-Basins-5-768x768.webp 768w, https:\/\/www.ceramicbasin.com\/wp-content\/uploads\/2026\/01\/Above-Counter-Wash-Hand-Basin-Black-Vanity-Wholesale-Square-Ceramic-Matte-Basins-5-12x12.webp 12w, https:\/\/www.ceramicbasin.com\/wp-content\/uploads\/2026\/01\/Above-Counter-Wash-Hand-Basin-Black-Vanity-Wholesale-Square-Ceramic-Matte-Basins-5-285x285.webp 285w, https:\/\/www.ceramicbasin.com\/wp-content\/uploads\/2026\/01\/Above-Counter-Wash-Hand-Basin-Black-Vanity-Wholesale-Square-Ceramic-Matte-Basins-5-270x270.webp 270w, https:\/\/www.ceramicbasin.com\/wp-content\/uploads\/2026\/01\/Above-Counter-Wash-Hand-Basin-Black-Vanity-Wholesale-Square-Ceramic-Matte-Basins-5-540x540.webp 540w, https:\/\/www.ceramicbasin.com\/wp-content\/uploads\/2026\/01\/Above-Counter-Wash-Hand-Basin-Black-Vanity-Wholesale-Square-Ceramic-Matte-Basins-5-660x660.webp 660w\" sizes=\"(max-width: 1024px) 100vw, 1024px\" \/><\/figure>\n<\/div>\n<\/div>\n<\/div>\n<\/div>","protected":false},"excerpt":{"rendered":"<p>Bem-vindo ao comprar lavat\u00f3rios de cer\u00e2mica para casa de banho. Este lavat\u00f3rio retangular por atacado apresenta um design moderno e minimalista com um esmalte preto mate suave, complementando perfeitamente v\u00e1rias bancadas, como o m\u00e1rmore cinzento.<\/p>\n<table style=\"border-collapse: collapse; width: 311.02pt;\" border=\"0\" width=\"311\" cellspacing=\"0\" cellpadding=\"0\">\n<tbody>\n<tr style=\"height: 17.60pt;\">\n<td class=\"et3\" style=\"height: 17.60pt; width: 108.35pt;\" width=\"108\" height=\"17\">Fabricante<\/td>\n<td class=\"et3\" style=\"width: 202.95pt;\" width=\"202\">HanYu<\/td>\n<\/tr>\n<tr style=\"height: 17.60pt;\">\n<td class=\"et3\" style=\"height: 17.60pt;\" height=\"17\">Modelo n.<\/td>\n<td class=\"et4\">HY-8025MB<\/td>\n<\/tr>\n<tr style=\"height: 17.60pt;\">\n<td class=\"et3\" style=\"height: 17.60pt;\" height=\"17\">Tipo<\/td>\n<td class=\"et3\">Lavat\u00f3rio de bancada<\/td>\n<\/tr>\n<tr style=\"height: 17.60pt;\">\n<td class=\"et3\" style=\"height: 17.60pt;\" height=\"17\">Forma<\/td>\n<td class=\"et3\">Forma quadrada<\/td>\n<\/tr>\n<tr style=\"height: 17.60pt;\">\n<td class=\"et4\" style=\"height: 17.60pt;\" height=\"17\">Cor<\/td>\n<td class=\"et3\">Preto mate<\/td>\n<\/tr>\n<tr style=\"height: 18.00pt;\">\n<td class=\"et3\" style=\"height: 18.00pt;\" height=\"18\">Dimens\u00e3o<\/td>\n<td class=\"et5\" style=\"width: 202.95pt;\" width=\"202\">38.5*38.5*13.5<\/td>\n<\/tr>\n<tr style=\"height: 17.60pt;\">\n<td class=\"et3\" style=\"height: 17.60pt;\" height=\"17\">N.W \/SET<\/td>\n<td class=\"et3\">7KGS\/PCS<\/td>\n<\/tr>\n<tr style=\"height: 17.60pt;\">\n<td class=\"et3\" style=\"height: 17.60pt;\" height=\"17\">MOQ<\/td>\n<td class=\"et3\">20 unidades<\/td>\n<\/tr>\n<tr style=\"height: 17.60pt;\">\n<td class=\"et3\" style=\"height: 17.60pt;\" height=\"17\">Op\u00e7\u00e3o personalizada<\/td>\n<td class=\"et3\">Cor\/Patente\/Tamanho\/Logotipo\/Embalagem<\/td>\n<\/tr>\n<\/tbody>\n<\/table>","protected":false},"featured_media":8955,"comment_status":"closed","ping_status":"closed","template":"","meta":{"_acf_changed":false},"product_brand":[],"product_cat":[50,55],"product_tag":[],"class_list":{"0":"post-8953","1":"product","2":"type-product","3":"status-publish","4":"has-post-thumbnail","6":"product_cat-wholesale-countertop-sinks","7":"product_cat-wholesale-matte-sinks","9":"first","10":"instock","11":"shipping-taxable","12":"product-type-simple"},"acf":[],"_links":{"self":[{"href":"https:\/\/www.ceramicbasin.com\/pt\/wp-json\/wp\/v2\/product\/8953","targetHints":{"allow":["GET"]}}],"collection":[{"href":"https:\/\/www.ceramicbasin.com\/pt\/wp-json\/wp\/v2\/product"}],"about":[{"href":"https:\/\/www.ceramicbasin.com\/pt\/wp-json\/wp\/v2\/types\/product"}],"replies":[{"embeddable":true,"href":"https:\/\/www.ceramicbasin.com\/pt\/wp-json\/wp\/v2\/comments?post=8953"}],"wp:featuredmedia":[{"embeddable":true,"href":"https:\/\/www.ceramicbasin.com\/pt\/wp-json\/wp\/v2\/media\/8955"}],"wp:attachment":[{"href":"https:\/\/www.ceramicbasin.com\/pt\/wp-json\/wp\/v2\/media?parent=8953"}],"wp:term":[{"taxonomy":"product_brand","embeddable":true,"href":"https:\/\/www.ceramicbasin.com\/pt\/wp-json\/wp\/v2\/product_brand?post=8953"},{"taxonomy":"product_cat","embeddable":true,"href":"https:\/\/www.ceramicbasin.com\/pt\/wp-json\/wp\/v2\/product_cat?post=8953"},{"taxonomy":"product_tag","embeddable":true,"href":"https:\/\/www.ceramicbasin.com\/pt\/wp-json\/wp\/v2\/product_tag?post=8953"}],"curies":[{"name":"wp","href":"https:\/\/api.w.org\/{rel}","templated":true}]}}