{"id":8959,"date":"2026-01-26T02:12:18","date_gmt":"2026-01-26T02:12:18","guid":{"rendered":"https:\/\/www.ceramicbasin.com\/?post_type=product&#038;p=8959"},"modified":"2026-01-26T02:12:20","modified_gmt":"2026-01-26T02:12:20","slug":"ceramic-vessel-sinks-wholesale-2","status":"publish","type":"product","link":"https:\/\/www.ceramicbasin.com\/pt\/produto\/ceramic-vessel-sinks-wholesale-2\/","title":{"rendered":"Pias de cer\u00e2mica para vasos por atacado, bacias de banheiro rosa moderno"},"content":{"rendered":"<div class=\"wp-block-columns is-layout-flex wp-container-core-columns-is-layout-9d6595d7 wp-block-columns-is-layout-flex\">\n<div class=\"wp-block-column is-layout-flow wp-block-column-is-layout-flow\">\n<h2 class=\"wp-block-heading\">Pias para vasos de cer\u00e2mica Premium Carater\u00edsticas por atacado:<\/h2>\n\n\n\n<ul class=\"wp-block-list\">\n<li><strong>Est\u00e9tica suave Esquema de cores:<\/strong> Os nossos lava-loi\u00e7as de cer\u00e2mica por atacado utilizam um esmalte rosa mate de formula\u00e7\u00e3o exclusiva, uma cor suave, sofisticada e n\u00e3o ofuscante que complementa facilmente v\u00e1rios materiais, como o metal e o m\u00e1rmore, criando uma atmosfera de casa de banho quente e relaxante.<\/li>\n\n\n\n<li><strong>Material cer\u00e2mico selecionado: <\/strong>As nossas bacias de cer\u00e2mica por atacado s\u00e3o feitas de cer\u00e2mica cozida a alta temperatura, resultando num esmalte denso, suave e f\u00e1cil de limpar. O acabamento mate evita a acumula\u00e7\u00e3o de calc\u00e1rio e mant\u00e9m um brilho quente mesmo ap\u00f3s uma utiliza\u00e7\u00e3o prolongada.<\/li>\n\n\n\n<li><strong>Adaptabilidade em v\u00e1rias cenas:<\/strong> Estes lava-lou\u00e7as de cer\u00e2mica por atacado, com o seu tamanho moderado de 365 mm, s\u00e3o perfeitos para dar um toque de eleg\u00e2ncia \u00e0 vaidade de uma casa de banho principal, bem como a casas de banho e vesti\u00e1rios de h\u00f3spedes, satisfazendo as necessidades personalizadas de hot\u00e9is boutique, espa\u00e7os tem\u00e1ticos femininos e outros projectos comerciais.<\/li>\n\n\n\n<li><strong>Aquisi\u00e7\u00f5es flex\u00edveis por grosso: <\/strong>Os nossos lavat\u00f3rios de cer\u00e2mica por atacado oferecem pacotes completos por atacado, desde lavat\u00f3rios individuais a conjuntos que incluem uma torneira e um ralo com tema cor-de-rosa, reduzindo os custos globais de aquisi\u00e7\u00e3o e garantindo a consist\u00eancia do estilo.<\/li>\n<\/ul>\n<\/div>\n\n\n\n<div class=\"wp-block-column is-layout-flow wp-block-column-is-layout-flow\">\n<figure class=\"wp-block-image size-full\"><img fetchpriority=\"high\" decoding=\"async\" width=\"1024\" height=\"1024\" src=\"https:\/\/www.ceramicbasin.com\/wp-content\/uploads\/2026\/01\/Hot-Sales-Bathroom-Above-Counter-Sink-Modern-Design-Sanitary-Ware-Round-Sinks-Ceramic-Wash-Hand-Basin-5.webp\" alt=\"Vendas quentes de lavat\u00f3rio de casa de banho acima do balc\u00e3o, lavat\u00f3rios redondos de lou\u00e7a sanit\u00e1ria de design moderno, lavat\u00f3rio de cer\u00e2mica\" class=\"wp-image-8964\" srcset=\"https:\/\/www.ceramicbasin.com\/wp-content\/uploads\/2026\/01\/Hot-Sales-Bathroom-Above-Counter-Sink-Modern-Design-Sanitary-Ware-Round-Sinks-Ceramic-Wash-Hand-Basin-5.webp 1024w, https:\/\/www.ceramicbasin.com\/wp-content\/uploads\/2026\/01\/Hot-Sales-Bathroom-Above-Counter-Sink-Modern-Design-Sanitary-Ware-Round-Sinks-Ceramic-Wash-Hand-Basin-5-300x300.webp 300w, https:\/\/www.ceramicbasin.com\/wp-content\/uploads\/2026\/01\/Hot-Sales-Bathroom-Above-Counter-Sink-Modern-Design-Sanitary-Ware-Round-Sinks-Ceramic-Wash-Hand-Basin-5-150x150.webp 150w, https:\/\/www.ceramicbasin.com\/wp-content\/uploads\/2026\/01\/Hot-Sales-Bathroom-Above-Counter-Sink-Modern-Design-Sanitary-Ware-Round-Sinks-Ceramic-Wash-Hand-Basin-5-768x768.webp 768w, https:\/\/www.ceramicbasin.com\/wp-content\/uploads\/2026\/01\/Hot-Sales-Bathroom-Above-Counter-Sink-Modern-Design-Sanitary-Ware-Round-Sinks-Ceramic-Wash-Hand-Basin-5-12x12.webp 12w, https:\/\/www.ceramicbasin.com\/wp-content\/uploads\/2026\/01\/Hot-Sales-Bathroom-Above-Counter-Sink-Modern-Design-Sanitary-Ware-Round-Sinks-Ceramic-Wash-Hand-Basin-5-285x285.webp 285w, https:\/\/www.ceramicbasin.com\/wp-content\/uploads\/2026\/01\/Hot-Sales-Bathroom-Above-Counter-Sink-Modern-Design-Sanitary-Ware-Round-Sinks-Ceramic-Wash-Hand-Basin-5-270x270.webp 270w, https:\/\/www.ceramicbasin.com\/wp-content\/uploads\/2026\/01\/Hot-Sales-Bathroom-Above-Counter-Sink-Modern-Design-Sanitary-Ware-Round-Sinks-Ceramic-Wash-Hand-Basin-5-540x540.webp 540w, https:\/\/www.ceramicbasin.com\/wp-content\/uploads\/2026\/01\/Hot-Sales-Bathroom-Above-Counter-Sink-Modern-Design-Sanitary-Ware-Round-Sinks-Ceramic-Wash-Hand-Basin-5-660x660.webp 660w\" sizes=\"(max-width: 1024px) 100vw, 1024px\" \/><\/figure>\n<\/div>\n<\/div>","protected":false},"excerpt":{"rendered":"<p>Bem-vindo ao comprar bacias de cer\u00e2mica. Os nossos lavat\u00f3rios de cer\u00e2mica rosa mate por grosso apresentam um design moderno e minimalista. O esmalte rosa mate suave emparelhado com uma forma de tigela lisa infunde a casa de banho com uma sensa\u00e7\u00e3o suave e elegante.<\/p>\n<table style=\"border-collapse: collapse; width: 311.02pt;\" border=\"0\" width=\"311\" cellspacing=\"0\" cellpadding=\"0\">\n<tbody>\n<tr style=\"height: 17.60pt;\">\n<td class=\"et3\" style=\"height: 17.60pt; width: 108.35pt;\" width=\"108\" height=\"17\">Fabricante<\/td>\n<td class=\"et3\" style=\"width: 202.95pt;\" width=\"202\">HanYu<\/td>\n<\/tr>\n<tr style=\"height: 17.60pt;\">\n<td class=\"et3\" style=\"height: 17.60pt;\" height=\"17\">Modelo n.<\/td>\n<td class=\"et4\">HY-8070YF1<\/td>\n<\/tr>\n<tr style=\"height: 17.60pt;\">\n<td class=\"et3\" style=\"height: 17.60pt;\" height=\"17\">Tipo<\/td>\n<td class=\"et3\">Lavat\u00f3rio de bancada<\/td>\n<\/tr>\n<tr style=\"height: 17.60pt;\">\n<td class=\"et3\" style=\"height: 17.60pt;\" height=\"17\">Forma<\/td>\n<td class=\"et3\">Forma redonda<\/td>\n<\/tr>\n<tr style=\"height: 17.60pt;\">\n<td class=\"et4\" style=\"height: 17.60pt;\" height=\"17\">Cor<\/td>\n<td class=\"et3\">Cor-de-rosa<\/td>\n<\/tr>\n<tr style=\"height: 18.00pt;\">\n<td class=\"et3\" style=\"height: 18.00pt;\" height=\"18\">Dimens\u00e3o<\/td>\n<td class=\"et5\" style=\"width: 202.95pt;\" width=\"202\">36.5*36.5*12.5<\/td>\n<\/tr>\n<tr style=\"height: 17.60pt;\">\n<td class=\"et3\" style=\"height: 17.60pt;\" height=\"17\">N.W \/SET<\/td>\n<td class=\"et3\">7KGS\/PCS<\/td>\n<\/tr>\n<tr style=\"height: 17.60pt;\">\n<td class=\"et3\" style=\"height: 17.60pt;\" height=\"17\">MOQ<\/td>\n<td class=\"et3\">20 unidades<\/td>\n<\/tr>\n<tr style=\"height: 17.60pt;\">\n<td class=\"et3\" style=\"height: 17.60pt;\" height=\"17\">Op\u00e7\u00e3o personalizada<\/td>\n<td class=\"et3\">Cor\/Patente\/Tamanho\/Logotipo\/Embalagem<\/td>\n<\/tr>\n<\/tbody>\n<\/table>","protected":false},"featured_media":8963,"comment_status":"closed","ping_status":"closed","template":"","meta":{"_acf_changed":false},"product_brand":[],"product_cat":[50,55],"product_tag":[],"class_list":{"0":"post-8959","1":"product","2":"type-product","3":"status-publish","4":"has-post-thumbnail","6":"product_cat-wholesale-countertop-sinks","7":"product_cat-wholesale-matte-sinks","9":"first","10":"instock","11":"shipping-taxable","12":"product-type-simple"},"acf":[],"_links":{"self":[{"href":"https:\/\/www.ceramicbasin.com\/pt\/wp-json\/wp\/v2\/product\/8959","targetHints":{"allow":["GET"]}}],"collection":[{"href":"https:\/\/www.ceramicbasin.com\/pt\/wp-json\/wp\/v2\/product"}],"about":[{"href":"https:\/\/www.ceramicbasin.com\/pt\/wp-json\/wp\/v2\/types\/product"}],"replies":[{"embeddable":true,"href":"https:\/\/www.ceramicbasin.com\/pt\/wp-json\/wp\/v2\/comments?post=8959"}],"wp:featuredmedia":[{"embeddable":true,"href":"https:\/\/www.ceramicbasin.com\/pt\/wp-json\/wp\/v2\/media\/8963"}],"wp:attachment":[{"href":"https:\/\/www.ceramicbasin.com\/pt\/wp-json\/wp\/v2\/media?parent=8959"}],"wp:term":[{"taxonomy":"product_brand","embeddable":true,"href":"https:\/\/www.ceramicbasin.com\/pt\/wp-json\/wp\/v2\/product_brand?post=8959"},{"taxonomy":"product_cat","embeddable":true,"href":"https:\/\/www.ceramicbasin.com\/pt\/wp-json\/wp\/v2\/product_cat?post=8959"},{"taxonomy":"product_tag","embeddable":true,"href":"https:\/\/www.ceramicbasin.com\/pt\/wp-json\/wp\/v2\/product_tag?post=8959"}],"curies":[{"name":"wp","href":"https:\/\/api.w.org\/{rel}","templated":true}]}}