{"id":8965,"date":"2026-01-26T02:02:22","date_gmt":"2026-01-26T02:02:22","guid":{"rendered":"https:\/\/www.ceramicbasin.com\/?post_type=product&#038;p=8965"},"modified":"2026-01-26T02:02:24","modified_gmt":"2026-01-26T02:02:24","slug":"wholesale-matte-black-bathroom-basin","status":"publish","type":"product","link":"https:\/\/www.ceramicbasin.com\/pt\/produto\/wholesale-matte-black-bathroom-basin\/","title":{"rendered":"Lavat\u00f3rio de casa de banho preto mate por atacado, lavat\u00f3rios de forma redonda OEM"},"content":{"rendered":"<div class=\"wp-block-columns is-layout-flex wp-container-core-columns-is-layout-9d6595d7 wp-block-columns-is-layout-flex\">\n<div class=\"wp-block-column is-layout-flow wp-block-column-is-layout-flow\">\n<h2 class=\"wp-block-heading\">Lavat\u00f3rio de casa de banho preto mate Premium Wholesale Carater\u00edsticas:<\/h2>\n\n\n\n<ul class=\"wp-block-list\">\n<li><strong>Acabamento mate texturado:<\/strong> Este lavat\u00f3rio preto mate para casa de banho tem uma superf\u00edcie resistente a impress\u00f5es digitais e a manchas de \u00e1gua. O design ondulado vertical melhora o aspeto visual e a experi\u00eancia t\u00e1til.<\/li>\n\n\n\n<li><strong>Design comest\u00edvel:<\/strong> Este lavat\u00f3rio de casa de banho em cer\u00e2mica tem uma profundidade razo\u00e1vel de 180 mm e um orif\u00edcio de drenagem central para uma drenagem r\u00e1pida sem salpicos. O seu tamanho compacto de 410 mm adapta-se a v\u00e1rios espa\u00e7os de casa de banho.<\/li>\n\n\n\n<li><strong>Vantagens da correspond\u00eancia de conjuntos:<\/strong> A nossa bacia de casa de banho preta mate por atacado pode ser combinada com uma torneira curva preta e um dispensador de sab\u00e3o para formar um conjunto de casa de banho unificado, reduzindo os custos globais de aquisi\u00e7\u00e3o.<\/li>\n\n\n\n<li><strong>Qualidade de n\u00edvel comercial:<\/strong> Este lavat\u00f3rio de casa de banho de cer\u00e2mica por atacado apresenta uma estrutura de bacia espessa e materiais resistentes a riscos, satisfazendo as necessidades de utiliza\u00e7\u00e3o com elevada frequ\u00eancia de espa\u00e7os comerciais, como hot\u00e9is e apartamentos. A manuten\u00e7\u00e3o \u00e9 simples.<\/li>\n<\/ul>\n<\/div>\n\n\n\n<div class=\"wp-block-column is-layout-flow wp-block-column-is-layout-flow\">\n<figure class=\"wp-block-image size-full\"><img fetchpriority=\"high\" decoding=\"async\" width=\"1024\" height=\"1024\" src=\"https:\/\/www.ceramicbasin.com\/wp-content\/uploads\/2026\/01\/Sanitary-Ware-Matt-Black-Round-Shape-Basin-Ceramic-Wash-Hand-Lavatory-Counter-Top-basin-5.webp\" alt=\"Lou\u00e7a sanit\u00e1ria Lavat\u00f3rio redondo preto mate, lavat\u00f3rio de cer\u00e2mica para m\u00e3os Lavat\u00f3rio de bancada\" class=\"wp-image-8970\" srcset=\"https:\/\/www.ceramicbasin.com\/wp-content\/uploads\/2026\/01\/Sanitary-Ware-Matt-Black-Round-Shape-Basin-Ceramic-Wash-Hand-Lavatory-Counter-Top-basin-5.webp 1024w, https:\/\/www.ceramicbasin.com\/wp-content\/uploads\/2026\/01\/Sanitary-Ware-Matt-Black-Round-Shape-Basin-Ceramic-Wash-Hand-Lavatory-Counter-Top-basin-5-300x300.webp 300w, https:\/\/www.ceramicbasin.com\/wp-content\/uploads\/2026\/01\/Sanitary-Ware-Matt-Black-Round-Shape-Basin-Ceramic-Wash-Hand-Lavatory-Counter-Top-basin-5-150x150.webp 150w, https:\/\/www.ceramicbasin.com\/wp-content\/uploads\/2026\/01\/Sanitary-Ware-Matt-Black-Round-Shape-Basin-Ceramic-Wash-Hand-Lavatory-Counter-Top-basin-5-768x768.webp 768w, https:\/\/www.ceramicbasin.com\/wp-content\/uploads\/2026\/01\/Sanitary-Ware-Matt-Black-Round-Shape-Basin-Ceramic-Wash-Hand-Lavatory-Counter-Top-basin-5-12x12.webp 12w, https:\/\/www.ceramicbasin.com\/wp-content\/uploads\/2026\/01\/Sanitary-Ware-Matt-Black-Round-Shape-Basin-Ceramic-Wash-Hand-Lavatory-Counter-Top-basin-5-285x285.webp 285w, https:\/\/www.ceramicbasin.com\/wp-content\/uploads\/2026\/01\/Sanitary-Ware-Matt-Black-Round-Shape-Basin-Ceramic-Wash-Hand-Lavatory-Counter-Top-basin-5-270x270.webp 270w, https:\/\/www.ceramicbasin.com\/wp-content\/uploads\/2026\/01\/Sanitary-Ware-Matt-Black-Round-Shape-Basin-Ceramic-Wash-Hand-Lavatory-Counter-Top-basin-5-540x540.webp 540w, https:\/\/www.ceramicbasin.com\/wp-content\/uploads\/2026\/01\/Sanitary-Ware-Matt-Black-Round-Shape-Basin-Ceramic-Wash-Hand-Lavatory-Counter-Top-basin-5-660x660.webp 660w\" sizes=\"(max-width: 1024px) 100vw, 1024px\" \/><\/figure>\n<\/div>\n<\/div>","protected":false},"excerpt":{"rendered":"<p>Bem-vindo \u00e0 compra de lavat\u00f3rios de cer\u00e2mica para casa de banho. O nosso lavat\u00f3rio de casa de banho preto mate por atacado apresenta um design moderno e minimalista, com uma bacia redonda e uma textura de onda vertical \u00fanica, criando um espa\u00e7o de casa de banho sofisticado.<\/p>\n<table style=\"border-collapse: collapse; width: 311.02pt;\" border=\"0\" width=\"311\" cellspacing=\"0\" cellpadding=\"0\">\n<tbody>\n<tr style=\"height: 17.60pt;\">\n<td class=\"et3\" style=\"height: 17.60pt; width: 108.35pt;\" width=\"108\" height=\"17\">Fabricante<\/td>\n<td class=\"et3\" style=\"width: 202.95pt;\" width=\"202\">HanYu<\/td>\n<\/tr>\n<tr style=\"height: 17.60pt;\">\n<td class=\"et3\" style=\"height: 17.60pt;\" height=\"17\">Modelo n.<\/td>\n<td class=\"et4\">HY-8077MB<\/td>\n<\/tr>\n<tr style=\"height: 17.60pt;\">\n<td class=\"et3\" style=\"height: 17.60pt;\" height=\"17\">Tipo<\/td>\n<td class=\"et3\">Lavat\u00f3rio de bancada<\/td>\n<\/tr>\n<tr style=\"height: 17.60pt;\">\n<td class=\"et3\" style=\"height: 17.60pt;\" height=\"17\">Forma<\/td>\n<td class=\"et3\">Forma redonda<\/td>\n<\/tr>\n<tr style=\"height: 17.60pt;\">\n<td class=\"et4\" style=\"height: 17.60pt;\" height=\"17\">Cor<\/td>\n<td class=\"et3\">Preto mate<\/td>\n<\/tr>\n<tr style=\"height: 18.00pt;\">\n<td class=\"et3\" style=\"height: 18.00pt;\" height=\"18\">Dimens\u00e3o<\/td>\n<td class=\"et5\" style=\"width: 202.95pt;\" width=\"202\">41*41*18<\/td>\n<\/tr>\n<tr style=\"height: 17.60pt;\">\n<td class=\"et3\" style=\"height: 17.60pt;\" height=\"17\">N.W \/SET<\/td>\n<td class=\"et3\">10KGS\/PCS<\/td>\n<\/tr>\n<tr style=\"height: 17.60pt;\">\n<td class=\"et3\" style=\"height: 17.60pt;\" height=\"17\">MOQ<\/td>\n<td class=\"et3\">20 unidades<\/td>\n<\/tr>\n<tr style=\"height: 17.60pt;\">\n<td class=\"et3\" style=\"height: 17.60pt;\" height=\"17\">Op\u00e7\u00e3o personalizada<\/td>\n<td class=\"et3\">Cor\/Patente\/Tamanho\/Logotipo\/Embalagem<\/td>\n<\/tr>\n<\/tbody>\n<\/table>","protected":false},"featured_media":8969,"comment_status":"closed","ping_status":"closed","template":"","meta":{"_acf_changed":false},"product_brand":[],"product_cat":[50,55],"product_tag":[],"class_list":{"0":"post-8965","1":"product","2":"type-product","3":"status-publish","4":"has-post-thumbnail","6":"product_cat-wholesale-countertop-sinks","7":"product_cat-wholesale-matte-sinks","9":"first","10":"instock","11":"shipping-taxable","12":"product-type-simple"},"acf":[],"_links":{"self":[{"href":"https:\/\/www.ceramicbasin.com\/pt\/wp-json\/wp\/v2\/product\/8965","targetHints":{"allow":["GET"]}}],"collection":[{"href":"https:\/\/www.ceramicbasin.com\/pt\/wp-json\/wp\/v2\/product"}],"about":[{"href":"https:\/\/www.ceramicbasin.com\/pt\/wp-json\/wp\/v2\/types\/product"}],"replies":[{"embeddable":true,"href":"https:\/\/www.ceramicbasin.com\/pt\/wp-json\/wp\/v2\/comments?post=8965"}],"wp:featuredmedia":[{"embeddable":true,"href":"https:\/\/www.ceramicbasin.com\/pt\/wp-json\/wp\/v2\/media\/8969"}],"wp:attachment":[{"href":"https:\/\/www.ceramicbasin.com\/pt\/wp-json\/wp\/v2\/media?parent=8965"}],"wp:term":[{"taxonomy":"product_brand","embeddable":true,"href":"https:\/\/www.ceramicbasin.com\/pt\/wp-json\/wp\/v2\/product_brand?post=8965"},{"taxonomy":"product_cat","embeddable":true,"href":"https:\/\/www.ceramicbasin.com\/pt\/wp-json\/wp\/v2\/product_cat?post=8965"},{"taxonomy":"product_tag","embeddable":true,"href":"https:\/\/www.ceramicbasin.com\/pt\/wp-json\/wp\/v2\/product_tag?post=8965"}],"curies":[{"name":"wp","href":"https:\/\/api.w.org\/{rel}","templated":true}]}}