{"id":9001,"date":"2026-01-30T06:16:48","date_gmt":"2026-01-30T06:16:48","guid":{"rendered":"https:\/\/www.ceramicbasin.com\/?post_type=product&#038;p=9001"},"modified":"2026-02-10T10:12:03","modified_gmt":"2026-02-10T10:12:03","slug":"wholesale-ceramic-table-top-basin","status":"publish","type":"product","link":"https:\/\/www.ceramicbasin.com\/pt\/produto\/wholesale-ceramic-table-top-basin\/","title":{"rendered":"Lavat\u00f3rio de mesa de cer\u00e2mica por atacado, lavat\u00f3rios de banho quadrados personalizados"},"content":{"rendered":"<div class=\"wp-block-columns is-layout-flex wp-container-core-columns-is-layout-9d6595d7 wp-block-columns-is-layout-flex\">\n<div class=\"wp-block-column is-layout-flow wp-block-column-is-layout-flow\">\n<h2 class=\"wp-block-heading\">Bacia de mesa de cer\u00e2mica Premium Wholesale Carater\u00edsticas:<\/h2>\n\n\n\n<ul class=\"wp-block-list\">\n<li><strong>Design moderno de bancada quadrada:<\/strong> O lavat\u00f3rio de mesa em cer\u00e2mica para venda por grosso apresenta linhas geom\u00e9tricas simples e uma est\u00e9tica contempor\u00e2nea. Assenta elegantemente por cima do toucador, melhorando as camadas visuais e tornando-o uma escolha popular para hot\u00e9is, apartamentos, moradias e empreendimentos residenciais de luxo.<\/li>\n\n\n\n<li><strong>Esmalte liso e de f\u00e1cil manuten\u00e7\u00e3o:<\/strong> O lavat\u00f3rio de mesa de cer\u00e2mica por atacado tem um esmalte f\u00e1cil de limpar, a superf\u00edcie \u00e9 lisa e anti-incrustante. Resiste a riscos, calc\u00e1rio e descolora\u00e7\u00e3o, mantendo um aspeto brilhante mesmo com uma utiliza\u00e7\u00e3o frequente.<\/li>\n\n\n\n<li><strong>Fornecimento a granel e produ\u00e7\u00e3o est\u00e1vel:<\/strong> O nosso lavat\u00f3rio quadrado personalizado para casa de banho \u00e9 um produto grossista de fornecimento de f\u00e1brica com capacidade de produ\u00e7\u00e3o est\u00e1vel, inspe\u00e7\u00e3o QC rigorosa e embalagem de exporta\u00e7\u00e3o segura para suportar encomendas de grande volume.<\/li>\n\n\n\n<li><strong>Vers\u00e1til:<\/strong>\u00a0Estes lavat\u00f3rios de casa de banho de bancada de f\u00e1brica s\u00e3o adequados para lavabos de casa de banho, hot\u00e9is, casas de banho comerciais e renova\u00e7\u00f5es residenciais, proporcionando est\u00e9tica e praticidade.<\/li>\n<\/ul>\n<\/div>\n\n\n\n<div class=\"wp-block-column is-layout-flow wp-block-column-is-layout-flow\">\n<figure class=\"wp-block-image size-full\"><img fetchpriority=\"high\" decoding=\"async\" width=\"649\" height=\"897\" src=\"https:\/\/www.ceramicbasin.com\/wp-content\/uploads\/2026\/01\/Vanity-Tops-Table-Tops-Ceramic-Basin-6.webp\" alt=\"grossista-cer\u00e2mica-mesa-bacia-bacia-custom-square-bath-sinks-6\" class=\"wp-image-9003\" srcset=\"https:\/\/www.ceramicbasin.com\/wp-content\/uploads\/2026\/01\/Vanity-Tops-Table-Tops-Ceramic-Basin-6.webp 649w, https:\/\/www.ceramicbasin.com\/wp-content\/uploads\/2026\/01\/Vanity-Tops-Table-Tops-Ceramic-Basin-6-217x300.webp 217w, https:\/\/www.ceramicbasin.com\/wp-content\/uploads\/2026\/01\/Vanity-Tops-Table-Tops-Ceramic-Basin-6-9x12.webp 9w, https:\/\/www.ceramicbasin.com\/wp-content\/uploads\/2026\/01\/Vanity-Tops-Table-Tops-Ceramic-Basin-6-285x394.webp 285w, https:\/\/www.ceramicbasin.com\/wp-content\/uploads\/2026\/01\/Vanity-Tops-Table-Tops-Ceramic-Basin-6-478x660.webp 478w, https:\/\/www.ceramicbasin.com\/wp-content\/uploads\/2026\/01\/Vanity-Tops-Table-Tops-Ceramic-Basin-6-109x150.webp 109w\" sizes=\"(max-width: 649px) 100vw, 649px\" \/><\/figure>\n<\/div>\n<\/div>","protected":false},"excerpt":{"rendered":"<p>Bem-vindo ao pedido de nossa bacia de mesa de cer\u00e2mica por atacado com um design quadrado moderno, constru\u00e7\u00e3o de cer\u00e2mica dur\u00e1vel de alta queima e um acabamento de esmalte suave e f\u00e1cil de limpar. O nosso lavat\u00f3rio de casa de banho de bancada direto da f\u00e1brica apresenta um design retangular simples e elegante com linhas suaves e car\u00e1cter moderno. Ideal para hot\u00e9is, projectos residenciais e distribuidores de artigos sanit\u00e1rios.<\/p>\n<table style=\"border-collapse: collapse; width: 358.52pt;\" border=\"0\" width=\"478\" cellspacing=\"0\" cellpadding=\"0\">\n<tbody>\n<tr style=\"height: 17.25pt;\">\n<td class=\"et3\" style=\"height: 17.25pt; width: 125.00pt;\" width=\"166\" height=\"23\">Fabricante<\/td>\n<td class=\"et3\" style=\"width: 234.15pt;\" width=\"312\">HanYu<\/td>\n<\/tr>\n<tr style=\"height: 17.25pt;\">\n<td class=\"et3\" style=\"height: 17.25pt;\" height=\"23\">Modelo n.<\/td>\n<td class=\"et4\">HY-8035<\/td>\n<\/tr>\n<tr style=\"height: 17.25pt;\">\n<td class=\"et3\" style=\"height: 17.25pt;\" height=\"23\">Tipo<\/td>\n<td class=\"et5\" style=\"width: 234.15pt;\" width=\"312\">Lava-lou\u00e7as de bancada<\/td>\n<\/tr>\n<tr style=\"height: 18.00pt;\">\n<td class=\"et3\" style=\"height: 18.00pt;\" height=\"24\">Forma<\/td>\n<td class=\"et3\">Forma retangular<\/td>\n<\/tr>\n<tr style=\"height: 34.50pt;\">\n<td class=\"et4\" style=\"height: 34.50pt;\" height=\"46\">Cor<\/td>\n<td class=\"et5\" style=\"width: 234.15pt;\" width=\"312\">preto\/branco\/azul\/cinzento\/rosa\/verde\/castanho\/caqui<\/td>\n<\/tr>\n<tr style=\"height: 18.00pt;\">\n<td class=\"et3\" style=\"height: 18.00pt;\" height=\"24\">Dimens\u00e3o<\/td>\n<td class=\"et5\" style=\"width: 234.15pt;\" width=\"312\">40.3*40.3*12<\/td>\n<\/tr>\n<tr style=\"height: 17.25pt;\">\n<td class=\"et3\" style=\"height: 17.25pt;\" height=\"23\">N.W \/SET<\/td>\n<td class=\"et3\">10KGS\/PCS<\/td>\n<\/tr>\n<tr style=\"height: 17.25pt;\">\n<td class=\"et3\" style=\"height: 17.25pt;\" height=\"23\">MOQ<\/td>\n<td class=\"et3\">20 unidades<\/td>\n<\/tr>\n<tr style=\"height: 17.25pt;\">\n<td class=\"et3\" style=\"height: 17.25pt;\" height=\"23\">Op\u00e7\u00e3o personalizada<\/td>\n<td class=\"et3\">Cor\/Patente\/Tamanho\/Logotipo\/Embalagem<\/td>\n<\/tr>\n<\/tbody>\n<\/table>","protected":false},"featured_media":9004,"comment_status":"closed","ping_status":"closed","template":"","meta":{"_acf_changed":false},"product_brand":[],"product_cat":[50],"product_tag":[],"class_list":{"0":"post-9001","1":"product","2":"type-product","3":"status-publish","4":"has-post-thumbnail","6":"product_cat-wholesale-countertop-sinks","8":"first","9":"instock","10":"shipping-taxable","11":"product-type-simple"},"acf":[],"_links":{"self":[{"href":"https:\/\/www.ceramicbasin.com\/pt\/wp-json\/wp\/v2\/product\/9001","targetHints":{"allow":["GET"]}}],"collection":[{"href":"https:\/\/www.ceramicbasin.com\/pt\/wp-json\/wp\/v2\/product"}],"about":[{"href":"https:\/\/www.ceramicbasin.com\/pt\/wp-json\/wp\/v2\/types\/product"}],"replies":[{"embeddable":true,"href":"https:\/\/www.ceramicbasin.com\/pt\/wp-json\/wp\/v2\/comments?post=9001"}],"wp:featuredmedia":[{"embeddable":true,"href":"https:\/\/www.ceramicbasin.com\/pt\/wp-json\/wp\/v2\/media\/9004"}],"wp:attachment":[{"href":"https:\/\/www.ceramicbasin.com\/pt\/wp-json\/wp\/v2\/media?parent=9001"}],"wp:term":[{"taxonomy":"product_brand","embeddable":true,"href":"https:\/\/www.ceramicbasin.com\/pt\/wp-json\/wp\/v2\/product_brand?post=9001"},{"taxonomy":"product_cat","embeddable":true,"href":"https:\/\/www.ceramicbasin.com\/pt\/wp-json\/wp\/v2\/product_cat?post=9001"},{"taxonomy":"product_tag","embeddable":true,"href":"https:\/\/www.ceramicbasin.com\/pt\/wp-json\/wp\/v2\/product_tag?post=9001"}],"curies":[{"name":"wp","href":"https:\/\/api.w.org\/{rel}","templated":true}]}}