{"id":9009,"date":"2026-01-30T06:22:20","date_gmt":"2026-01-30T06:22:20","guid":{"rendered":"https:\/\/www.ceramicbasin.com\/?post_type=product&#038;p=9009"},"modified":"2026-02-10T10:33:39","modified_gmt":"2026-02-10T10:33:39","slug":"wholesale-hotel-bathroom-sink","status":"publish","type":"product","link":"https:\/\/www.ceramicbasin.com\/pt\/produto\/wholesale-hotel-bathroom-sink\/","title":{"rendered":"Lavat\u00f3rio de casa de banho de hotel por atacado, bacia de bancada em cer\u00e2mica ODM"},"content":{"rendered":"<div class=\"wp-block-columns is-layout-flex wp-container-core-columns-is-layout-9d6595d7 wp-block-columns-is-layout-flex\">\n<div class=\"wp-block-column is-layout-flow wp-block-column-is-layout-flow\">\n<h2 class=\"wp-block-heading\">Lavat\u00f3rio de casa de banho de hotel por atacado Premium Carater\u00edsticas:<\/h2>\n\n\n\n<ul class=\"wp-block-list\">\n<li><strong>Est\u00e9tica geom\u00e9trica hexagonal:<\/strong> O lavat\u00f3rio de casa de banho de hotel por atacado com uma silhueta geom\u00e9trica octogonal altamente moderna e linhas de parede interior com corte de diamante, este lavat\u00f3rio art\u00edstico distinto \u00e9 ideal para a decora\u00e7\u00e3o de casas de banho em hot\u00e9is de gama m\u00e9dia a alta, pens\u00f5es boutique e espa\u00e7os de escrit\u00f3rios modernos.<\/li>\n\n\n\n<li><strong>Dimens\u00f5es eficientes em termos de espa\u00e7o:<\/strong> A profundidade moderada do lavat\u00f3rio de casa de banho de hotel por atacado evita eficazmente os salpicos de \u00e1gua, enquanto o seu design compacto acomoda v\u00e1rios tamanhos de bancada.<\/li>\n\n\n\n<li><strong>Cer\u00e2mica de alta densidade de qualidade superior:<\/strong> O lavat\u00f3rio de casa de banho de hotel por atacado \u00e9 feito de cer\u00e2mica de alta qualidade cuidadosamente selecionada com uma estrutura densa. Possui excelente resist\u00eancia ao impacto, resist\u00eancia a \u00e1cidos e \u00e1lcalis e excelente resist\u00eancia ao calor e ao frio, garantindo uma vida \u00fatil excecionalmente longa em ambientes comerciais de alta frequ\u00eancia.<\/li>\n\n\n\n<li><strong>Esmalte polido autolimpante: <\/strong>A superf\u00edcie do lavat\u00f3rio de bancada em cer\u00e2mica apresenta um esmalte branco puro de alto brilho de n\u00edvel nano que \u00e9 liso, plano e tem uma absor\u00e7\u00e3o de \u00e1gua extremamente baixa. As manchas e as bact\u00e9rias n\u00e3o conseguem aderir a esta superf\u00edcie, que pode ser mantida brilhante e nova com uma simples passagem de pano, o que reduz consideravelmente os custos de manuten\u00e7\u00e3o di\u00e1ria dos hot\u00e9is e locais p\u00fablicos.<\/li>\n\n\n\n<li><strong>Desconto para compras em massa:\u00a0<\/strong>Oferecemos descontos por grosso para pequenos lavat\u00f3rios de casa de banho personalizados para satisfazer as necessidades de projectos comerciais ou de decora\u00e7\u00e3o residencial em grande escala.<\/li>\n<\/ul>\n<\/div>\n\n\n\n<div class=\"wp-block-column is-layout-flow wp-block-column-is-layout-flow\">\n<figure class=\"wp-block-image size-full\"><img fetchpriority=\"high\" decoding=\"async\" width=\"683\" height=\"875\" src=\"https:\/\/www.ceramicbasin.com\/wp-content\/uploads\/2026\/01\/High-Quality-Bathroom-Sink-6.webp\" alt=\"lavat\u00f3rio de casa de banho de hotel por atacado - lavat\u00f3rio de bancada de cer\u00e2mica ODM - 6\" class=\"wp-image-9010\" srcset=\"https:\/\/www.ceramicbasin.com\/wp-content\/uploads\/2026\/01\/High-Quality-Bathroom-Sink-6.webp 683w, https:\/\/www.ceramicbasin.com\/wp-content\/uploads\/2026\/01\/High-Quality-Bathroom-Sink-6-234x300.webp 234w, https:\/\/www.ceramicbasin.com\/wp-content\/uploads\/2026\/01\/High-Quality-Bathroom-Sink-6-9x12.webp 9w, https:\/\/www.ceramicbasin.com\/wp-content\/uploads\/2026\/01\/High-Quality-Bathroom-Sink-6-285x365.webp 285w, https:\/\/www.ceramicbasin.com\/wp-content\/uploads\/2026\/01\/High-Quality-Bathroom-Sink-6-515x660.webp 515w, https:\/\/www.ceramicbasin.com\/wp-content\/uploads\/2026\/01\/High-Quality-Bathroom-Sink-6-117x150.webp 117w\" sizes=\"(max-width: 683px) 100vw, 683px\" \/><\/figure>\n<\/div>\n<\/div>","protected":false},"excerpt":{"rendered":"<p>Bem-vindo ao comprar nossa pia de banheiro de hotel por atacado para atualizar seus projetos de banheiro comercial. Esta bacia de bancada de cer\u00e2mica branca polida por atacado apresenta um design geom\u00e9trico hexagonal \u00fanico, perfeito para hot\u00e9is de luxo, escrit\u00f3rios modernos e renova\u00e7\u00f5es residenciais de alta qualidade. Oferecemos personaliza\u00e7\u00e3o flex\u00edvel e fornecimento confi\u00e1vel a granel, al\u00e9m de servi\u00e7os de entrega r\u00e1pida para atender \u00e0s necessidades de distribuidores e projetos globais.<\/p>\n<table style=\"border-collapse: collapse; width: 311.02pt;\" border=\"0\" width=\"311\" cellspacing=\"0\" cellpadding=\"0\">\n<tbody>\n<tr style=\"height: 17.60pt;\">\n<td class=\"et3\" style=\"height: 17.60pt; width: 108.35pt;\" width=\"108\" height=\"17\">Fabricante<\/td>\n<td class=\"et3\" style=\"width: 202.95pt;\" width=\"202\">HanYu<\/td>\n<\/tr>\n<tr style=\"height: 17.60pt;\">\n<td class=\"et3\" style=\"height: 17.60pt;\" height=\"17\">Modelo n.<\/td>\n<td class=\"et4\">HY-8055<\/td>\n<\/tr>\n<tr style=\"height: 17.60pt;\">\n<td class=\"et3\" style=\"height: 17.60pt;\" height=\"17\">Tipo<\/td>\n<td class=\"et3\">Lavat\u00f3rio de bancada<\/td>\n<\/tr>\n<tr style=\"height: 17.60pt;\">\n<td class=\"et3\" style=\"height: 17.60pt;\" height=\"17\">Forma<\/td>\n<td class=\"et3\">Forma irregular<\/td>\n<\/tr>\n<tr style=\"height: 17.60pt;\">\n<td class=\"et4\" style=\"height: 17.60pt;\" height=\"17\">Cor<\/td>\n<td class=\"et3\">Branco<\/td>\n<\/tr>\n<tr style=\"height: 18.00pt;\">\n<td class=\"et3\" style=\"height: 18.00pt;\" height=\"18\">Dimens\u00e3o<\/td>\n<td class=\"et5\" style=\"width: 202.95pt;\" width=\"202\">49*40*13.5<\/td>\n<\/tr>\n<tr style=\"height: 17.60pt;\">\n<td class=\"et3\" style=\"height: 17.60pt;\" height=\"17\">N.W \/SET<\/td>\n<td class=\"et3\">10 KGS\/PCS<\/td>\n<\/tr>\n<tr style=\"height: 17.60pt;\">\n<td class=\"et3\" style=\"height: 17.60pt;\" height=\"17\">MOQ<\/td>\n<td class=\"et3\">20 unidades<\/td>\n<\/tr>\n<tr style=\"height: 17.60pt;\">\n<td class=\"et3\" style=\"height: 17.60pt;\" height=\"17\">Op\u00e7\u00e3o personalizada<\/td>\n<td class=\"et3\">Cor\/Patente\/Tamanho\/Logotipo\/Embalagem<\/td>\n<\/tr>\n<\/tbody>\n<\/table>","protected":false},"featured_media":9011,"comment_status":"closed","ping_status":"closed","template":"","meta":{"_acf_changed":false},"product_brand":[],"product_cat":[50],"product_tag":[],"class_list":{"0":"post-9009","1":"product","2":"type-product","3":"status-publish","4":"has-post-thumbnail","6":"product_cat-wholesale-countertop-sinks","8":"first","9":"instock","10":"shipping-taxable","11":"product-type-simple"},"acf":[],"_links":{"self":[{"href":"https:\/\/www.ceramicbasin.com\/pt\/wp-json\/wp\/v2\/product\/9009","targetHints":{"allow":["GET"]}}],"collection":[{"href":"https:\/\/www.ceramicbasin.com\/pt\/wp-json\/wp\/v2\/product"}],"about":[{"href":"https:\/\/www.ceramicbasin.com\/pt\/wp-json\/wp\/v2\/types\/product"}],"replies":[{"embeddable":true,"href":"https:\/\/www.ceramicbasin.com\/pt\/wp-json\/wp\/v2\/comments?post=9009"}],"wp:featuredmedia":[{"embeddable":true,"href":"https:\/\/www.ceramicbasin.com\/pt\/wp-json\/wp\/v2\/media\/9011"}],"wp:attachment":[{"href":"https:\/\/www.ceramicbasin.com\/pt\/wp-json\/wp\/v2\/media?parent=9009"}],"wp:term":[{"taxonomy":"product_brand","embeddable":true,"href":"https:\/\/www.ceramicbasin.com\/pt\/wp-json\/wp\/v2\/product_brand?post=9009"},{"taxonomy":"product_cat","embeddable":true,"href":"https:\/\/www.ceramicbasin.com\/pt\/wp-json\/wp\/v2\/product_cat?post=9009"},{"taxonomy":"product_tag","embeddable":true,"href":"https:\/\/www.ceramicbasin.com\/pt\/wp-json\/wp\/v2\/product_tag?post=9009"}],"curies":[{"name":"wp","href":"https:\/\/api.w.org\/{rel}","templated":true}]}}