{"id":9017,"date":"2026-01-30T07:22:13","date_gmt":"2026-01-30T07:22:13","guid":{"rendered":"https:\/\/www.ceramicbasin.com\/?post_type=product&#038;p=9017"},"modified":"2026-02-10T10:48:46","modified_gmt":"2026-02-10T10:48:46","slug":"wholesale-bathroom-lavatory-sinks","status":"publish","type":"product","link":"https:\/\/www.ceramicbasin.com\/pt\/produto\/wholesale-bathroom-lavatory-sinks\/","title":{"rendered":"Fornecimento por atacado de lavat\u00f3rios de casa de banho, lavat\u00f3rio oval"},"content":{"rendered":"<div class=\"wp-block-columns is-layout-flex wp-container-core-columns-is-layout-9d6595d7 wp-block-columns-is-layout-flex\">\n<div class=\"wp-block-column is-layout-flow wp-block-column-is-layout-flow\">\n<h2 class=\"wp-block-heading\">Pias de lavat\u00f3rio de casa de banho por atacado Premium Carater\u00edsticas:<\/h2>\n\n\n\n<ul class=\"wp-block-list\">\n<li><strong>Design cl\u00e1ssico de lavat\u00f3rio oval:<\/strong> Os lavat\u00f3rios de casa de banho por atacado t\u00eam uma forma oval ergon\u00f3mica que proporciona uma \u00e1rea de lavagem espa\u00e7osa, reduzindo os salpicos de \u00e1gua. O seu design intemporal complementa os interiores modernos, contempor\u00e2neos e tradicionais das casas de banho.<\/li>\n\n\n\n<li><strong>Design de tamanho generoso:<\/strong>\u00a0O lavat\u00f3rio de casa de banho de bancada de f\u00e1brica com um lavat\u00f3rio de vasos de tamanho generoso responde \u00e0 necessidade de espa\u00e7o num lavat\u00f3rio. N\u00e3o s\u00f3 \u00e9 pr\u00e1tico, como tamb\u00e9m pode melhorar a qualidade geral e o conforto da casa de banho. \u00c9 adequado para casas e hot\u00e9is de luxo.<\/li>\n\n\n\n<li><strong>Compatibilidade de instala\u00e7\u00e3o universal:<\/strong> Os lavat\u00f3rios de casa de banho por atacado foram concebidos para se adaptarem \u00e0 maioria dos tampos de vaidade e sistemas de drenagem padr\u00e3o em todo o mundo, simplificando a instala\u00e7\u00e3o para empreiteiros e compradores de projectos.<\/li>\n\n\n\n<li><strong>Superf\u00edcie lisa de vidro branco:<\/strong> Com um acabamento em esmalte branco brilhante multicamadas, o lavat\u00f3rio oval para venda por grosso apresenta uma superf\u00edcie n\u00e3o porosa e resistente a manchas, que \u00e9 f\u00e1cil de limpar e mant\u00e9m o seu aspeto brilhante mesmo com uma utiliza\u00e7\u00e3o di\u00e1ria intensa.<\/li>\n\n\n\n<li><strong>Stock a granel:<\/strong>\u00a0Os lavat\u00f3rios de casa de banho por grosso suportam a aquisi\u00e7\u00e3o por grosso e por projeto, satisfazendo as necessidades de entrega r\u00e1pida de retalhistas, distribuidores e clientes de projectos.<\/li>\n<\/ul>\n<\/div>\n\n\n\n<div class=\"wp-block-column is-layout-flow wp-block-column-is-layout-flow\">\n<figure class=\"wp-block-image size-full\"><img fetchpriority=\"high\" decoding=\"async\" width=\"683\" height=\"861\" src=\"https:\/\/www.ceramicbasin.com\/wp-content\/uploads\/2026\/01\/Elegant-Shape-Oval-Hand-Wash-Basin-6.webp\" alt=\"grossista-banheiro-lavat\u00f3rio-pias-oval-lavat\u00f3rio-fornecimento-6\" class=\"wp-image-9018\" srcset=\"https:\/\/www.ceramicbasin.com\/wp-content\/uploads\/2026\/01\/Elegant-Shape-Oval-Hand-Wash-Basin-6.webp 683w, https:\/\/www.ceramicbasin.com\/wp-content\/uploads\/2026\/01\/Elegant-Shape-Oval-Hand-Wash-Basin-6-238x300.webp 238w, https:\/\/www.ceramicbasin.com\/wp-content\/uploads\/2026\/01\/Elegant-Shape-Oval-Hand-Wash-Basin-6-10x12.webp 10w, https:\/\/www.ceramicbasin.com\/wp-content\/uploads\/2026\/01\/Elegant-Shape-Oval-Hand-Wash-Basin-6-285x359.webp 285w, https:\/\/www.ceramicbasin.com\/wp-content\/uploads\/2026\/01\/Elegant-Shape-Oval-Hand-Wash-Basin-6-524x660.webp 524w, https:\/\/www.ceramicbasin.com\/wp-content\/uploads\/2026\/01\/Elegant-Shape-Oval-Hand-Wash-Basin-6-119x150.webp 119w\" sizes=\"(max-width: 683px) 100vw, 683px\" \/><\/figure>\n<\/div>\n<\/div>","protected":false},"excerpt":{"rendered":"<p>Bem-vindo a encomendar o nosso fornecimento de lavat\u00f3rios de casa de banho por atacado em tamanho normal, designs ovais em vidro branco, durabilidade e desempenho duradouro. Com um acabamento suave resistente a manchas e compatibilidade de instala\u00e7\u00e3o universal, os nossos lavat\u00f3rios ovais s\u00e3o ideais para projectos de casas de banho comerciais. Com pre\u00e7os diretos de f\u00e1brica, capacidade de fornecimento a granel e servi\u00e7os completos de personaliza\u00e7\u00e3o OEM\/ODM, ajudamos os importadores globais e os distribuidores de lou\u00e7a sanit\u00e1ria a garantir solu\u00e7\u00f5es fi\u00e1veis de lavat\u00f3rios de cer\u00e2mica.<\/p>\n<table style=\"border-collapse: collapse; width: 358.52pt;\" border=\"0\" width=\"478\" cellspacing=\"0\" cellpadding=\"0\">\n<tbody>\n<tr style=\"height: 17.25pt;\">\n<td class=\"et3\" style=\"height: 17.25pt; width: 125.00pt;\" width=\"166\" height=\"23\">Fabricante<\/td>\n<td class=\"et3\" style=\"width: 234.15pt;\" width=\"312\">HanYu<\/td>\n<\/tr>\n<tr style=\"height: 17.25pt;\">\n<td class=\"et3\" style=\"height: 17.25pt;\" height=\"23\">Modelo n.<\/td>\n<td class=\"et4\">HY-8061<\/td>\n<\/tr>\n<tr style=\"height: 17.25pt;\">\n<td class=\"et3\" style=\"height: 17.25pt;\" height=\"23\">Tipo<\/td>\n<td class=\"et5\" style=\"width: 234.15pt;\" width=\"312\">Lava-lou\u00e7as de bancada<\/td>\n<\/tr>\n<tr style=\"height: 18.00pt;\">\n<td class=\"et3\" style=\"height: 18.00pt;\" height=\"24\">Forma<\/td>\n<td class=\"et3\">Forma oval<\/td>\n<\/tr>\n<tr style=\"height: 34.50pt;\">\n<td class=\"et4\" style=\"height: 34.50pt;\" height=\"46\">Cor<\/td>\n<td class=\"et5\" style=\"width: 234.15pt;\" width=\"312\">preto\/branco\/azul\/cinzento\/rosa\/verde\/castanho\/caqui<\/td>\n<\/tr>\n<tr style=\"height: 18.00pt;\">\n<td class=\"et3\" style=\"height: 18.00pt;\" height=\"24\">Dimens\u00e3o<\/td>\n<td class=\"et5\" style=\"width: 234.15pt;\" width=\"312\">59.5*41.5*11<\/td>\n<\/tr>\n<tr style=\"height: 17.25pt;\">\n<td class=\"et3\" style=\"height: 17.25pt;\" height=\"23\">N.W \/SET<\/td>\n<td class=\"et3\">13KGS\/PCS<\/td>\n<\/tr>\n<tr style=\"height: 17.25pt;\">\n<td class=\"et3\" style=\"height: 17.25pt;\" height=\"23\">MOQ<\/td>\n<td class=\"et3\">20 unidades<\/td>\n<\/tr>\n<tr style=\"height: 17.25pt;\">\n<td class=\"et3\" style=\"height: 17.25pt;\" height=\"23\">Op\u00e7\u00e3o personalizada<\/td>\n<td class=\"et3\">Cor\/Patente\/Tamanho\/Logotipo\/Embalagem<\/td>\n<\/tr>\n<\/tbody>\n<\/table>","protected":false},"featured_media":9019,"comment_status":"closed","ping_status":"closed","template":"","meta":{"_acf_changed":false},"product_brand":[],"product_cat":[50],"product_tag":[],"class_list":{"0":"post-9017","1":"product","2":"type-product","3":"status-publish","4":"has-post-thumbnail","6":"product_cat-wholesale-countertop-sinks","8":"first","9":"instock","10":"shipping-taxable","11":"product-type-simple"},"acf":[],"_links":{"self":[{"href":"https:\/\/www.ceramicbasin.com\/pt\/wp-json\/wp\/v2\/product\/9017","targetHints":{"allow":["GET"]}}],"collection":[{"href":"https:\/\/www.ceramicbasin.com\/pt\/wp-json\/wp\/v2\/product"}],"about":[{"href":"https:\/\/www.ceramicbasin.com\/pt\/wp-json\/wp\/v2\/types\/product"}],"replies":[{"embeddable":true,"href":"https:\/\/www.ceramicbasin.com\/pt\/wp-json\/wp\/v2\/comments?post=9017"}],"wp:featuredmedia":[{"embeddable":true,"href":"https:\/\/www.ceramicbasin.com\/pt\/wp-json\/wp\/v2\/media\/9019"}],"wp:attachment":[{"href":"https:\/\/www.ceramicbasin.com\/pt\/wp-json\/wp\/v2\/media?parent=9017"}],"wp:term":[{"taxonomy":"product_brand","embeddable":true,"href":"https:\/\/www.ceramicbasin.com\/pt\/wp-json\/wp\/v2\/product_brand?post=9017"},{"taxonomy":"product_cat","embeddable":true,"href":"https:\/\/www.ceramicbasin.com\/pt\/wp-json\/wp\/v2\/product_cat?post=9017"},{"taxonomy":"product_tag","embeddable":true,"href":"https:\/\/www.ceramicbasin.com\/pt\/wp-json\/wp\/v2\/product_tag?post=9017"}],"curies":[{"name":"wp","href":"https:\/\/api.w.org\/{rel}","templated":true}]}}