{"id":9061,"date":"2026-02-10T10:58:55","date_gmt":"2026-02-10T10:58:55","guid":{"rendered":"https:\/\/www.ceramicbasin.com\/?post_type=product&#038;p=9061"},"modified":"2026-02-10T10:59:00","modified_gmt":"2026-02-10T10:59:00","slug":"custom-glass-vessel-sinks","status":"publish","type":"product","link":"https:\/\/www.ceramicbasin.com\/pt\/produto\/custom-glass-vessel-sinks\/","title":{"rendered":"Lavat\u00f3rios de vidro personalizados, lavat\u00f3rios de bancada a granel para arm\u00e1rios"},"content":{"rendered":"<div class=\"wp-block-columns is-layout-flex wp-container-core-columns-is-layout-9d6595d7 wp-block-columns-is-layout-flex\">\n<div class=\"wp-block-column is-layout-flow wp-block-column-is-layout-flow\">\n<h2 class=\"wp-block-heading\">Pias de vaso de vidro personalizadas Premium Carater\u00edsticas:<\/h2>\n\n\n\n<ul class=\"wp-block-list\">\n<li><strong>Material requintado:\u00a0<\/strong>Estes lava-loi\u00e7as de vidro personalizados s\u00e3o fabricados com material de vidro de alta qualidade, com elevada transpar\u00eancia e brilho, o que confere um efeito visual \u00fanico e um toque moderno.<\/li>\n\n\n\n<li><strong>V\u00e1rias op\u00e7\u00f5es de cores:<\/strong>\u00a0Os nossos lava-loi\u00e7as de vidro personalizados oferecem uma variedade de cores que podem complementar e combinar com a maioria das decora\u00e7\u00f5es e estilos de interiores, juntamente com as prefer\u00eancias de gosto pessoal, trazendo vibra\u00e7\u00e3o e identidade a uma casa de banho.<\/li>\n\n\n\n<li><strong>F\u00e1cil de limpar:<\/strong>\u00a0Com uma superf\u00edcie de vidro lisa, estes lava-lou\u00e7as de vidro personalizados s\u00e3o resistentes a quaisquer manchas ou bolor, f\u00e1ceis de limpar e manter, garantindo higiene e arruma\u00e7\u00e3o na utiliza\u00e7\u00e3o di\u00e1ria.<\/li>\n\n\n\n<li><strong>Design requintado:\u00a0<\/strong>Este lava-loi\u00e7a de vidro por atacado foi concebido num estilo moderno, com linhas bonitas e adequado a todos os tipos de disposi\u00e7\u00f5es de casa de banho, promovendo a beleza do espa\u00e7o como um todo.<\/li>\n\n\n\n<li><strong>Fornecimento a granel e produ\u00e7\u00e3o est\u00e1vel:<\/strong> Fornecimento direto da f\u00e1brica por atacado com capacidade de produ\u00e7\u00e3o est\u00e1vel, inspe\u00e7\u00e3o QC rigorosa e embalagem de exporta\u00e7\u00e3o segura para suportar encomendas de grande volume.<\/li>\n<\/ul>\n<\/div>\n\n\n\n<div class=\"wp-block-column is-layout-flow wp-block-column-is-layout-flow\">\n<figure class=\"wp-block-image size-full\"><img fetchpriority=\"high\" decoding=\"async\" width=\"800\" height=\"800\" src=\"https:\/\/www.ceramicbasin.com\/wp-content\/uploads\/2026\/02\/Fashion-design-counter-top-glass-vessle-sinks-bowl-for-cabinet-1.webp\" alt=\"lava-loi\u00e7as de vidro personalizado-lava-loi\u00e7as de balc\u00e3o a granel para arm\u00e1rio-1\" class=\"wp-image-9053\" srcset=\"https:\/\/www.ceramicbasin.com\/wp-content\/uploads\/2026\/02\/Fashion-design-counter-top-glass-vessle-sinks-bowl-for-cabinet-1.webp 800w, https:\/\/www.ceramicbasin.com\/wp-content\/uploads\/2026\/02\/Fashion-design-counter-top-glass-vessle-sinks-bowl-for-cabinet-1-300x300.webp 300w, https:\/\/www.ceramicbasin.com\/wp-content\/uploads\/2026\/02\/Fashion-design-counter-top-glass-vessle-sinks-bowl-for-cabinet-1-150x150.webp 150w, https:\/\/www.ceramicbasin.com\/wp-content\/uploads\/2026\/02\/Fashion-design-counter-top-glass-vessle-sinks-bowl-for-cabinet-1-768x768.webp 768w, https:\/\/www.ceramicbasin.com\/wp-content\/uploads\/2026\/02\/Fashion-design-counter-top-glass-vessle-sinks-bowl-for-cabinet-1-12x12.webp 12w, https:\/\/www.ceramicbasin.com\/wp-content\/uploads\/2026\/02\/Fashion-design-counter-top-glass-vessle-sinks-bowl-for-cabinet-1-285x285.webp 285w, https:\/\/www.ceramicbasin.com\/wp-content\/uploads\/2026\/02\/Fashion-design-counter-top-glass-vessle-sinks-bowl-for-cabinet-1-270x270.webp 270w, https:\/\/www.ceramicbasin.com\/wp-content\/uploads\/2026\/02\/Fashion-design-counter-top-glass-vessle-sinks-bowl-for-cabinet-1-540x540.webp 540w, https:\/\/www.ceramicbasin.com\/wp-content\/uploads\/2026\/02\/Fashion-design-counter-top-glass-vessle-sinks-bowl-for-cabinet-1-660x660.webp 660w\" sizes=\"(max-width: 800px) 100vw, 800px\" \/><\/figure>\n<\/div>\n<\/div>","protected":false},"excerpt":{"rendered":"<p>Bem-vindo \u00e0 compra dos nossos lavat\u00f3rios de vidro personalizados, que s\u00e3o uma escolha de excel\u00eancia para projectos modernos de arm\u00e1rios de casa de banho, combinando design art\u00edstico com constru\u00e7\u00e3o em vidro dur\u00e1vel. Com pre\u00e7os diretos de f\u00e1brica, fornecimento est\u00e1vel a granel e embalagem de exporta\u00e7\u00e3o, os nossos lavat\u00f3rios de bancada a granel s\u00e3o ideais para grossistas, distribuidores de artigos sanit\u00e1rios, empreiteiros e compradores de projectos de hotelaria.<\/p>\n<table style=\"border-collapse: collapse; width: 358.52pt;\" border=\"0\" width=\"478\" cellspacing=\"0\" cellpadding=\"0\">\n<tbody>\n<tr style=\"height: 17.25pt;\">\n<td class=\"et3\" style=\"height: 17.25pt; width: 125.00pt;\" width=\"166\" height=\"23\">Fabricante<\/td>\n<td class=\"et3\" style=\"width: 234.15pt;\" width=\"312\">HanYu<\/td>\n<\/tr>\n<tr style=\"height: 17.25pt;\">\n<td class=\"et3\" style=\"height: 17.25pt;\" height=\"23\">Modelo n.<\/td>\n<td class=\"et4\">HY-GL49<\/td>\n<\/tr>\n<tr style=\"height: 17.25pt;\">\n<td class=\"et3\" style=\"height: 17.25pt;\" height=\"23\">Tipo<\/td>\n<td class=\"et5\" style=\"width: 234.15pt;\" width=\"312\">Lavat\u00f3rio de vidro<\/td>\n<\/tr>\n<tr style=\"height: 18.00pt;\">\n<td class=\"et3\" style=\"height: 18.00pt;\" height=\"24\">Forma<\/td>\n<td class=\"et3\">Forma oval<\/td>\n<\/tr>\n<tr style=\"height: 34.50pt;\">\n<td class=\"et4\" style=\"height: 34.50pt;\" height=\"46\">Cor<\/td>\n<td class=\"et5\" style=\"width: 234.15pt;\" width=\"312\">preto\/branco\/azul\/cinzento\/rosa\/verde\/castanho\/caqui<\/td>\n<\/tr>\n<tr style=\"height: 18.00pt;\">\n<td class=\"et3\" style=\"height: 18.00pt;\" height=\"24\">Dimens\u00e3o<\/td>\n<td class=\"et5\" style=\"width: 234.15pt;\" width=\"312\">51*35*15<\/td>\n<\/tr>\n<tr style=\"height: 17.25pt;\">\n<td class=\"et3\" style=\"height: 17.25pt;\" height=\"23\">N.W \/SET<\/td>\n<td class=\"et3\">8KGS\/PCS<\/td>\n<\/tr>\n<tr style=\"height: 17.25pt;\">\n<td class=\"et3\" style=\"height: 17.25pt;\" height=\"23\">MOQ<\/td>\n<td class=\"et3\">20 unidades<\/td>\n<\/tr>\n<tr style=\"height: 17.25pt;\">\n<td class=\"et3\" style=\"height: 17.25pt;\" height=\"23\">Op\u00e7\u00e3o personalizada<\/td>\n<td class=\"et3\">Cor\/Patente\/Tamanho\/Logotipo\/Embalagem<\/td>\n<\/tr>\n<\/tbody>\n<\/table>","protected":false},"featured_media":9057,"comment_status":"closed","ping_status":"closed","template":"","meta":{"_acf_changed":false},"product_brand":[],"product_cat":[52],"product_tag":[],"class_list":{"0":"post-9061","1":"product","2":"type-product","3":"status-publish","4":"has-post-thumbnail","6":"product_cat-wholesale-glass-vessel-sinks","8":"first","9":"instock","10":"shipping-taxable","11":"product-type-simple"},"acf":[],"_links":{"self":[{"href":"https:\/\/www.ceramicbasin.com\/pt\/wp-json\/wp\/v2\/product\/9061","targetHints":{"allow":["GET"]}}],"collection":[{"href":"https:\/\/www.ceramicbasin.com\/pt\/wp-json\/wp\/v2\/product"}],"about":[{"href":"https:\/\/www.ceramicbasin.com\/pt\/wp-json\/wp\/v2\/types\/product"}],"replies":[{"embeddable":true,"href":"https:\/\/www.ceramicbasin.com\/pt\/wp-json\/wp\/v2\/comments?post=9061"}],"wp:featuredmedia":[{"embeddable":true,"href":"https:\/\/www.ceramicbasin.com\/pt\/wp-json\/wp\/v2\/media\/9057"}],"wp:attachment":[{"href":"https:\/\/www.ceramicbasin.com\/pt\/wp-json\/wp\/v2\/media?parent=9061"}],"wp:term":[{"taxonomy":"product_brand","embeddable":true,"href":"https:\/\/www.ceramicbasin.com\/pt\/wp-json\/wp\/v2\/product_brand?post=9061"},{"taxonomy":"product_cat","embeddable":true,"href":"https:\/\/www.ceramicbasin.com\/pt\/wp-json\/wp\/v2\/product_cat?post=9061"},{"taxonomy":"product_tag","embeddable":true,"href":"https:\/\/www.ceramicbasin.com\/pt\/wp-json\/wp\/v2\/product_tag?post=9061"}],"curies":[{"name":"wp","href":"https:\/\/api.w.org\/{rel}","templated":true}]}}