{"id":9072,"date":"2026-02-10T11:10:10","date_gmt":"2026-02-10T11:10:10","guid":{"rendered":"https:\/\/www.ceramicbasin.com\/?post_type=product&#038;p=9072"},"modified":"2026-02-10T11:10:12","modified_gmt":"2026-02-10T11:10:12","slug":"wholesale-semi-recessed-sinks","status":"publish","type":"product","link":"https:\/\/www.ceramicbasin.com\/pt\/produto\/wholesale-semi-recessed-sinks\/","title":{"rendered":"Lavat\u00f3rios semi-encastrados por atacado, lavat\u00f3rio de cer\u00e2mica para casa de banho personalizado"},"content":{"rendered":"<div class=\"wp-block-columns is-layout-flex wp-container-core-columns-is-layout-9d6595d7 wp-block-columns-is-layout-flex\">\n<div class=\"wp-block-column is-layout-flow wp-block-column-is-layout-flow\">\n<h2 class=\"wp-block-heading\">Pias semi-encastradas Premium Wholesale Carater\u00edsticas:<\/h2>\n\n\n\n<ul class=\"wp-block-list\">\n<li><strong>Grande capacidade de produ\u00e7\u00e3o:<\/strong> O nosso grande armaz\u00e9m cont\u00e9m v\u00e1rios tipos de lavat\u00f3rios semi-encastrados por atacado. Escolha os itens que est\u00e3o em produ\u00e7\u00e3o, e o tempo de envio seria mais curto.<\/li>\n\n\n\n<li><strong>Venda direta da f\u00e1brica:<\/strong>\u00a0Os lavat\u00f3rios semi-encastrados por atacado da HanYu s\u00e3o vendidos diretamente pela f\u00e1brica, eliminando a diferen\u00e7a de pre\u00e7os dos intermedi\u00e1rios, e a compra a granel de lavat\u00f3rios de casa de banho garante a compra de lavat\u00f3rios de casa de banho de alta qualidade a granel ao menor custo.<\/li>\n\n\n\n<li><strong>Material cer\u00e2mico de alta qualidade:\u00a0<\/strong>Estes lavat\u00f3rios de casa de banho personalizados a granel s\u00e3o feitos de vidro de alta qualidade, com elevada transpar\u00eancia e textura delicada, que tem excelentes efeitos visuais e um sentido moderno, garantindo a durabilidade e a beleza do produto.<\/li>\n\n\n\n<li><strong>Design de instala\u00e7\u00e3o semi-encastrado:<\/strong> A estrutura semi-encastrada permite que o lavat\u00f3rio de cer\u00e2mica personalizado seja parcialmente embutido na bancada, poupando espa\u00e7o e mantendo um efeito visual elegante. Ideal para casas de banho pequenas, projectos de hot\u00e9is e casas de banho comerciais.<\/li>\n\n\n\n<li><strong>Superf\u00edcie vidrada lisa:<\/strong> Os nossos lava-loi\u00e7as semi-encastrados por atacado s\u00e3o acabados com um esmalte nano ou de alto brilho que \u00e9 resistente \u00e0s manchas, aos riscos e f\u00e1cil de limpar, garantindo brilho e higiene a longo prazo.<\/li>\n<\/ul>\n<\/div>\n\n\n\n<div class=\"wp-block-column is-layout-flow wp-block-column-is-layout-flow\">\n<figure class=\"wp-block-image size-full\"><img fetchpriority=\"high\" decoding=\"async\" width=\"1024\" height=\"1024\" src=\"https:\/\/www.ceramicbasin.com\/wp-content\/uploads\/2026\/02\/Wholesale-Bathroom-Ceramic-Basin-Square-Shape-Semi-Recessed-wash-sink-2.webp\" alt=\"wholesale-semi-recessed-sinks-custom-bathroom-ceramic-basin-2\" class=\"wp-image-9074\" srcset=\"https:\/\/www.ceramicbasin.com\/wp-content\/uploads\/2026\/02\/Wholesale-Bathroom-Ceramic-Basin-Square-Shape-Semi-Recessed-wash-sink-2.webp 1024w, https:\/\/www.ceramicbasin.com\/wp-content\/uploads\/2026\/02\/Wholesale-Bathroom-Ceramic-Basin-Square-Shape-Semi-Recessed-wash-sink-2-300x300.webp 300w, https:\/\/www.ceramicbasin.com\/wp-content\/uploads\/2026\/02\/Wholesale-Bathroom-Ceramic-Basin-Square-Shape-Semi-Recessed-wash-sink-2-150x150.webp 150w, https:\/\/www.ceramicbasin.com\/wp-content\/uploads\/2026\/02\/Wholesale-Bathroom-Ceramic-Basin-Square-Shape-Semi-Recessed-wash-sink-2-768x768.webp 768w, https:\/\/www.ceramicbasin.com\/wp-content\/uploads\/2026\/02\/Wholesale-Bathroom-Ceramic-Basin-Square-Shape-Semi-Recessed-wash-sink-2-12x12.webp 12w, https:\/\/www.ceramicbasin.com\/wp-content\/uploads\/2026\/02\/Wholesale-Bathroom-Ceramic-Basin-Square-Shape-Semi-Recessed-wash-sink-2-285x285.webp 285w, https:\/\/www.ceramicbasin.com\/wp-content\/uploads\/2026\/02\/Wholesale-Bathroom-Ceramic-Basin-Square-Shape-Semi-Recessed-wash-sink-2-270x270.webp 270w, https:\/\/www.ceramicbasin.com\/wp-content\/uploads\/2026\/02\/Wholesale-Bathroom-Ceramic-Basin-Square-Shape-Semi-Recessed-wash-sink-2-540x540.webp 540w, https:\/\/www.ceramicbasin.com\/wp-content\/uploads\/2026\/02\/Wholesale-Bathroom-Ceramic-Basin-Square-Shape-Semi-Recessed-wash-sink-2-660x660.webp 660w\" sizes=\"(max-width: 1024px) 100vw, 1024px\" \/><\/figure>\n<\/div>\n<\/div>","protected":false},"excerpt":{"rendered":"<p>Bem-vindo ao comprar os nossos lavat\u00f3rios semi-encastrados por atacado com design moderno de bacia quadrada em cer\u00e2mica, feitos de cer\u00e2mica de alta qualidade para durabilidade e f\u00e1cil manuten\u00e7\u00e3o. Ideal para projectos de hot\u00e9is, empreendimentos residenciais e distribuidores de lou\u00e7a sanit\u00e1ria. O fornecimento direto da f\u00e1brica garante pre\u00e7os competitivos, produ\u00e7\u00e3o a granel est\u00e1vel e entrega global r\u00e1pida.<\/p>\n<table border=\"0\" width=\"478\" cellspacing=\"0\" cellpadding=\"0\">\n<tbody>\n<tr>\n<td width=\"166\" height=\"23\">Fabricante<\/td>\n<td width=\"312\">HanYu<\/td>\n<\/tr>\n<tr>\n<td height=\"23\">Modelo n.<\/td>\n<td>HY-5008<\/td>\n<\/tr>\n<tr>\n<td height=\"23\">Tipo<\/td>\n<td width=\"312\">Lava-lou\u00e7as semi-embutidos<\/td>\n<\/tr>\n<tr>\n<td height=\"24\">Forma<\/td>\n<td>Forma quadrada<\/td>\n<\/tr>\n<tr>\n<td height=\"46\">Cor<\/td>\n<td width=\"312\">preto\/branco\/azul\/cinzento\/rosa\/verde\/castanho\/caqui<\/td>\n<\/tr>\n<tr>\n<td height=\"24\">Dimens\u00e3o<\/td>\n<td width=\"312\">47.5*47.5*14<\/td>\n<\/tr>\n<tr>\n<td height=\"23\">N.W \/SET<\/td>\n<td>15 KGS\/PCS<\/td>\n<\/tr>\n<tr>\n<td height=\"23\">MOQ<\/td>\n<td>20 unidades<\/td>\n<\/tr>\n<tr>\n<td height=\"23\">Op\u00e7\u00e3o personalizada<\/td>\n<td>Cor\/Patente\/Tamanho\/Logotipo\/Embalagem<\/td>\n<\/tr>\n<\/tbody>\n<\/table>","protected":false},"featured_media":9078,"comment_status":"closed","ping_status":"closed","template":"","meta":{"_acf_changed":false},"product_brand":[],"product_cat":[58],"product_tag":[],"class_list":{"0":"post-9072","1":"product","2":"type-product","3":"status-publish","4":"has-post-thumbnail","6":"product_cat-wholesale-semi-recessed-sinks","8":"first","9":"instock","10":"shipping-taxable","11":"product-type-simple"},"acf":[],"_links":{"self":[{"href":"https:\/\/www.ceramicbasin.com\/pt\/wp-json\/wp\/v2\/product\/9072","targetHints":{"allow":["GET"]}}],"collection":[{"href":"https:\/\/www.ceramicbasin.com\/pt\/wp-json\/wp\/v2\/product"}],"about":[{"href":"https:\/\/www.ceramicbasin.com\/pt\/wp-json\/wp\/v2\/types\/product"}],"replies":[{"embeddable":true,"href":"https:\/\/www.ceramicbasin.com\/pt\/wp-json\/wp\/v2\/comments?post=9072"}],"wp:featuredmedia":[{"embeddable":true,"href":"https:\/\/www.ceramicbasin.com\/pt\/wp-json\/wp\/v2\/media\/9078"}],"wp:attachment":[{"href":"https:\/\/www.ceramicbasin.com\/pt\/wp-json\/wp\/v2\/media?parent=9072"}],"wp:term":[{"taxonomy":"product_brand","embeddable":true,"href":"https:\/\/www.ceramicbasin.com\/pt\/wp-json\/wp\/v2\/product_brand?post=9072"},{"taxonomy":"product_cat","embeddable":true,"href":"https:\/\/www.ceramicbasin.com\/pt\/wp-json\/wp\/v2\/product_cat?post=9072"},{"taxonomy":"product_tag","embeddable":true,"href":"https:\/\/www.ceramicbasin.com\/pt\/wp-json\/wp\/v2\/product_tag?post=9072"}],"curies":[{"name":"wp","href":"https:\/\/api.w.org\/{rel}","templated":true}]}}