{"id":9102,"date":"2026-02-09T02:20:49","date_gmt":"2026-02-09T02:20:49","guid":{"rendered":"https:\/\/www.ceramicbasin.com\/?post_type=product&#038;p=9102"},"modified":"2026-02-09T09:04:48","modified_gmt":"2026-02-09T09:04:48","slug":"wholesale-wall-hung-basins","status":"publish","type":"product","link":"https:\/\/www.ceramicbasin.com\/pt\/produto\/wholesale-wall-hung-basins\/","title":{"rendered":"Lavat\u00f3rios suspensos por atacado elegantes, dur\u00e1veis e que poupam espa\u00e7o"},"content":{"rendered":"<div class=\"wp-block-columns is-layout-flex wp-container-core-columns-is-layout-9d6595d7 wp-block-columns-is-layout-flex\">\n<div class=\"wp-block-column is-layout-flow wp-block-column-is-layout-flow\">\n<h2 class=\"wp-block-heading\">Bacias suspensas por atacado de qualidade superior Carater\u00edsticas:<\/h2>\n\n\n\n<ul class=\"wp-block-list\">\n<li><strong>Cer\u00e2mica de alta qualidade para maior durabilidade: <\/strong>As nossas bacias suspensas por atacado s\u00e3o feitas de esmalte cer\u00e2mico de alta qualidade, com uma textura densa, resistente a manchas e \u00e0 corros\u00e3o. S\u00e3o dur\u00e1veis e resistentes a fissuras e ao desgaste, mesmo com uma utiliza\u00e7\u00e3o prolongada.<\/li>\n\n\n\n<li><strong>O design de montagem na parede poupa espa\u00e7o: <\/strong>A instala\u00e7\u00e3o mural deste lavat\u00f3rio moderno por atacado n\u00e3o ocupa espa\u00e7o no ch\u00e3o, facilitando a limpeza e poupando e optimizando eficazmente o espa\u00e7o em casas de banho mais pequenas, criando uma sensa\u00e7\u00e3o de maior amplitude.<\/li>\n\n\n\n<li><strong>Design moderno para uma ampla compatibilidade: <\/strong>Os nossos lavat\u00f3rios suspensos por atacado apresentam um design simples e elegante com op\u00e7\u00f5es de cores cl\u00e1ssicas a preto e branco, integrando-se facilmente em v\u00e1rios estilos de decora\u00e7\u00e3o, como o moderno e o n\u00f3rdico, melhorando o apelo est\u00e9tico do espa\u00e7o.<\/li>\n\n\n\n<li><strong>Instala\u00e7\u00e3o f\u00e1cil e drenagem eficaz: <\/strong>O nosso lavat\u00f3rio moderno suspenso na parede foi concebido tendo em mente a facilidade de instala\u00e7\u00e3o e \u00e9 fornecido com instru\u00e7\u00f5es de instala\u00e7\u00e3o claras; a forma cientificamente concebida do lavat\u00f3rio e o orif\u00edcio de drenagem garantem uma drenagem r\u00e1pida e suave, reduzindo a acumula\u00e7\u00e3o de \u00e1gua.<\/li>\n<\/ul>\n<\/div>\n\n\n\n<div class=\"wp-block-column is-layout-flow wp-block-column-is-layout-flow\">\n<figure class=\"wp-block-image size-full\"><img fetchpriority=\"high\" decoding=\"async\" width=\"800\" height=\"800\" src=\"https:\/\/www.ceramicbasin.com\/wp-content\/uploads\/2026\/02\/wall-mount-bathroom-sink\uff0cwall-hung-basin-sink\uff0csinks-bathroom5.webp\" alt=\"\" class=\"wp-image-9108\" srcset=\"https:\/\/www.ceramicbasin.com\/wp-content\/uploads\/2026\/02\/wall-mount-bathroom-sink\uff0cwall-hung-basin-sink\uff0csinks-bathroom5.webp 800w, https:\/\/www.ceramicbasin.com\/wp-content\/uploads\/2026\/02\/wall-mount-bathroom-sink\uff0cwall-hung-basin-sink\uff0csinks-bathroom5-300x300.webp 300w, https:\/\/www.ceramicbasin.com\/wp-content\/uploads\/2026\/02\/wall-mount-bathroom-sink\uff0cwall-hung-basin-sink\uff0csinks-bathroom5-150x150.webp 150w, https:\/\/www.ceramicbasin.com\/wp-content\/uploads\/2026\/02\/wall-mount-bathroom-sink\uff0cwall-hung-basin-sink\uff0csinks-bathroom5-768x768.webp 768w, https:\/\/www.ceramicbasin.com\/wp-content\/uploads\/2026\/02\/wall-mount-bathroom-sink\uff0cwall-hung-basin-sink\uff0csinks-bathroom5-12x12.webp 12w, https:\/\/www.ceramicbasin.com\/wp-content\/uploads\/2026\/02\/wall-mount-bathroom-sink\uff0cwall-hung-basin-sink\uff0csinks-bathroom5-285x285.webp 285w, https:\/\/www.ceramicbasin.com\/wp-content\/uploads\/2026\/02\/wall-mount-bathroom-sink\uff0cwall-hung-basin-sink\uff0csinks-bathroom5-270x270.webp 270w, https:\/\/www.ceramicbasin.com\/wp-content\/uploads\/2026\/02\/wall-mount-bathroom-sink\uff0cwall-hung-basin-sink\uff0csinks-bathroom5-540x540.webp 540w, https:\/\/www.ceramicbasin.com\/wp-content\/uploads\/2026\/02\/wall-mount-bathroom-sink\uff0cwall-hung-basin-sink\uff0csinks-bathroom5-660x660.webp 660w\" sizes=\"(max-width: 800px) 100vw, 800px\" \/><\/figure>\n<\/div>\n<\/div>\n\n\n\n<p><\/p>","protected":false},"excerpt":{"rendered":"<p>Bem-vindo \u00e0 compra de bacias suspensas por atacado. Esta bacia moderna suspensa na parede combina um design de f\u00e1cil utiliza\u00e7\u00e3o com um sistema de drenagem suave, adequado para v\u00e1rios espa\u00e7os de casa de banho, proporcionando uma solu\u00e7\u00e3o robusta, dur\u00e1vel e que poupa espa\u00e7o.<\/p>\n<table style=\"border-collapse: collapse; width: 358.52pt;\" border=\"0\" width=\"478\" cellspacing=\"0\" cellpadding=\"0\">\n<tbody>\n<tr style=\"height: 17.25pt;\">\n<td class=\"et3\" style=\"height: 17.25pt; width: 125.00pt;\" width=\"166\" height=\"23\">Fabricante<\/td>\n<td class=\"et3\" style=\"width: 234.15pt;\" width=\"312\">HanYu<\/td>\n<\/tr>\n<tr style=\"height: 17.25pt;\">\n<td class=\"et3\" style=\"height: 17.25pt;\" height=\"23\">Modelo n.<\/td>\n<td class=\"et4\">HY-3140<\/td>\n<\/tr>\n<tr style=\"height: 17.25pt;\">\n<td class=\"et3\" style=\"height: 17.25pt;\" height=\"23\">Tipo<\/td>\n<td class=\"et5\" style=\"width: 234.15pt;\" width=\"312\">Lava-loi\u00e7as de parede<\/td>\n<\/tr>\n<tr style=\"height: 18.00pt;\">\n<td class=\"et3\" style=\"height: 18.00pt;\" height=\"24\">Forma<\/td>\n<td class=\"et3\">Forma retangular<\/td>\n<\/tr>\n<tr style=\"height: 34.50pt;\">\n<td class=\"et4\" style=\"height: 34.50pt;\" height=\"46\">Cor<\/td>\n<td class=\"et5\" style=\"width: 234.15pt;\" width=\"312\">preto\/branco\/azul\/cinzento\/rosa\/verde\/castanho\/caqui<\/td>\n<\/tr>\n<tr style=\"height: 18.00pt;\">\n<td class=\"et3\" style=\"height: 18.00pt;\" height=\"24\">Dimens\u00e3o<\/td>\n<td class=\"et5\" style=\"width: 234.15pt;\" width=\"312\">62*48*20<\/td>\n<\/tr>\n<tr style=\"height: 17.25pt;\">\n<td class=\"et3\" style=\"height: 17.25pt;\" height=\"23\">N.W \/SET<\/td>\n<td class=\"et3\">15 KGS\/PCS<\/td>\n<\/tr>\n<tr style=\"height: 17.25pt;\">\n<td class=\"et3\" style=\"height: 17.25pt;\" height=\"23\">MOQ<\/td>\n<td class=\"et3\">20 unidades<\/td>\n<\/tr>\n<tr style=\"height: 17.25pt;\">\n<td class=\"et3\" style=\"height: 17.25pt;\" height=\"23\">Op\u00e7\u00e3o personalizada<\/td>\n<td class=\"et3\">Cor\/Patente\/Tamanho\/Logotipo\/Embalagem<\/td>\n<\/tr>\n<\/tbody>\n<\/table>","protected":false},"featured_media":9103,"comment_status":"closed","ping_status":"closed","template":"","meta":{"_acf_changed":false},"product_brand":[],"product_cat":[57],"product_tag":[],"class_list":{"0":"post-9102","1":"product","2":"type-product","3":"status-publish","4":"has-post-thumbnail","6":"product_cat-wholesale-wall-mounted-sinks","8":"first","9":"instock","10":"shipping-taxable","11":"product-type-simple"},"acf":[],"_links":{"self":[{"href":"https:\/\/www.ceramicbasin.com\/pt\/wp-json\/wp\/v2\/product\/9102","targetHints":{"allow":["GET"]}}],"collection":[{"href":"https:\/\/www.ceramicbasin.com\/pt\/wp-json\/wp\/v2\/product"}],"about":[{"href":"https:\/\/www.ceramicbasin.com\/pt\/wp-json\/wp\/v2\/types\/product"}],"replies":[{"embeddable":true,"href":"https:\/\/www.ceramicbasin.com\/pt\/wp-json\/wp\/v2\/comments?post=9102"}],"wp:featuredmedia":[{"embeddable":true,"href":"https:\/\/www.ceramicbasin.com\/pt\/wp-json\/wp\/v2\/media\/9103"}],"wp:attachment":[{"href":"https:\/\/www.ceramicbasin.com\/pt\/wp-json\/wp\/v2\/media?parent=9102"}],"wp:term":[{"taxonomy":"product_brand","embeddable":true,"href":"https:\/\/www.ceramicbasin.com\/pt\/wp-json\/wp\/v2\/product_brand?post=9102"},{"taxonomy":"product_cat","embeddable":true,"href":"https:\/\/www.ceramicbasin.com\/pt\/wp-json\/wp\/v2\/product_cat?post=9102"},{"taxonomy":"product_tag","embeddable":true,"href":"https:\/\/www.ceramicbasin.com\/pt\/wp-json\/wp\/v2\/product_tag?post=9102"}],"curies":[{"name":"wp","href":"https:\/\/api.w.org\/{rel}","templated":true}]}}