{"id":9123,"date":"2026-02-09T05:24:01","date_gmt":"2026-02-09T05:24:01","guid":{"rendered":"https:\/\/www.ceramicbasin.com\/?post_type=product&#038;p=9123"},"modified":"2026-02-09T08:37:47","modified_gmt":"2026-02-09T08:37:47","slug":"wholesale-small-wall-hung-sinks","status":"publish","type":"product","link":"https:\/\/www.ceramicbasin.com\/pt\/produto\/wholesale-small-wall-hung-sinks\/","title":{"rendered":"F\u00e1brica de pias pequenas de parede para apartamento por atacado direto"},"content":{"rendered":"<div class=\"wp-block-columns is-layout-flex wp-container-core-columns-is-layout-9d6595d7 wp-block-columns-is-layout-flex\">\n<div class=\"wp-block-column is-layout-flow wp-block-column-is-layout-flow\">\n<h2 class=\"wp-block-heading\">Pias pequenas de parede por atacado Premium Carater\u00edsticas:<\/h2>\n\n\n\n<ul class=\"wp-block-list\">\n<li><strong>Vendas a quente: <\/strong>Este pequeno lavat\u00f3rio de parede por atacado \u00e9 bem recebido pelo mercado devido \u00e0 sua durabilidade, cor uniforme, f\u00e1cil limpeza e manuten\u00e7\u00e3o, e desempenho de alto custo.<\/li>\n\n\n\n<li><strong>Suave e delicado: <\/strong>Os nossos lavat\u00f3rios de casa de banho pequenos por atacado t\u00eam uma superf\u00edcie suave e delicada que \u00e9 f\u00e1cil de limpar e pode resistir ao desgaste e \u00e0s manchas do uso di\u00e1rio, mantendo-os como novos durante muito tempo.<\/li>\n\n\n\n<li><strong>Grande capacidade de produ\u00e7\u00e3o: <\/strong>O nosso grande armaz\u00e9m cont\u00e9m v\u00e1rios tipos de pequenos lavat\u00f3rios suspensos na parede por atacado. Escolha os itens que est\u00e3o em produ\u00e7\u00e3o, temos bacias brancas suficientes para fazer bacias de cor de m\u00e1rmore, o tempo de envio seria muito mais curto.<\/li>\n\n\n\n<li><strong>Design de montagem na parede:<\/strong> Estes pequenos lavat\u00f3rios de casa de banho personalizados conservam o espa\u00e7o no ch\u00e3o, mant\u00eam as casas de banho pequenas arrumadas e limpas e tornam a limpeza do ch\u00e3o uma tarefa f\u00e1cil. Destinam-se a pequenos apartamentos, quartos de hotel, casas de banho p\u00fablicas e a qualquer lugar onde tenha um espa\u00e7o pequeno e queira aproveitar o espa\u00e7o da parede.<\/li>\n\n\n\n<li><strong>Resist\u00eancia estrutural de n\u00edvel comercial: <\/strong>Estes pequenos lavat\u00f3rios suspensos na parede por atacado t\u00eam uma estrutura robusta com uma excelente capacidade de carga, adequada para ambientes de casas de banho p\u00fablicas ou comerciais de elevada frequ\u00eancia.<\/li>\n<\/ul>\n<\/div>\n\n\n\n<div class=\"wp-block-column is-layout-flow wp-block-column-is-layout-flow\">\n<figure class=\"wp-block-image size-full\"><img fetchpriority=\"high\" decoding=\"async\" width=\"800\" height=\"800\" src=\"https:\/\/www.ceramicbasin.com\/wp-content\/uploads\/2026\/02\/porcelain-bathroom-sink\uff0cceramic-bathroom-sink\uff0cwall-hung-bathroom-sink5.webp\" alt=\"\" class=\"wp-image-9129\" srcset=\"https:\/\/www.ceramicbasin.com\/wp-content\/uploads\/2026\/02\/porcelain-bathroom-sink\uff0cceramic-bathroom-sink\uff0cwall-hung-bathroom-sink5.webp 800w, https:\/\/www.ceramicbasin.com\/wp-content\/uploads\/2026\/02\/porcelain-bathroom-sink\uff0cceramic-bathroom-sink\uff0cwall-hung-bathroom-sink5-300x300.webp 300w, https:\/\/www.ceramicbasin.com\/wp-content\/uploads\/2026\/02\/porcelain-bathroom-sink\uff0cceramic-bathroom-sink\uff0cwall-hung-bathroom-sink5-150x150.webp 150w, https:\/\/www.ceramicbasin.com\/wp-content\/uploads\/2026\/02\/porcelain-bathroom-sink\uff0cceramic-bathroom-sink\uff0cwall-hung-bathroom-sink5-768x768.webp 768w, https:\/\/www.ceramicbasin.com\/wp-content\/uploads\/2026\/02\/porcelain-bathroom-sink\uff0cceramic-bathroom-sink\uff0cwall-hung-bathroom-sink5-12x12.webp 12w, https:\/\/www.ceramicbasin.com\/wp-content\/uploads\/2026\/02\/porcelain-bathroom-sink\uff0cceramic-bathroom-sink\uff0cwall-hung-bathroom-sink5-285x285.webp 285w, https:\/\/www.ceramicbasin.com\/wp-content\/uploads\/2026\/02\/porcelain-bathroom-sink\uff0cceramic-bathroom-sink\uff0cwall-hung-bathroom-sink5-270x270.webp 270w, https:\/\/www.ceramicbasin.com\/wp-content\/uploads\/2026\/02\/porcelain-bathroom-sink\uff0cceramic-bathroom-sink\uff0cwall-hung-bathroom-sink5-540x540.webp 540w, https:\/\/www.ceramicbasin.com\/wp-content\/uploads\/2026\/02\/porcelain-bathroom-sink\uff0cceramic-bathroom-sink\uff0cwall-hung-bathroom-sink5-660x660.webp 660w\" sizes=\"(max-width: 800px) 100vw, 800px\" \/><\/figure>\n<\/div>\n<\/div>\n\n\n\n<p><\/p>","protected":false},"excerpt":{"rendered":"<p>Bem-vindo \u00e0 compra de pequenos lavat\u00f3rios de casa de banho. Os nossos pequenos lavat\u00f3rios de parede por atacado t\u00eam uma superf\u00edcie lisa e delicada que \u00e9 f\u00e1cil de limpar e pode resistir ao desgaste e \u00e0s manchas do uso di\u00e1rio, mantendo-os como novos durante muito tempo.<\/p>\n<table border=\"0\" width=\"478\" cellspacing=\"0\" cellpadding=\"0\">\n<tbody>\n<tr>\n<td width=\"166\" height=\"23\">Fabricante<\/td>\n<td width=\"312\">HanYu<\/td>\n<\/tr>\n<tr>\n<td height=\"23\">Modelo n.<\/td>\n<td>HY-3142R<\/td>\n<\/tr>\n<tr>\n<td height=\"23\">Tipo<\/td>\n<td width=\"312\">Lava-loi\u00e7as de parede<\/td>\n<\/tr>\n<tr>\n<td height=\"24\">Forma<\/td>\n<td>Forma retangular<\/td>\n<\/tr>\n<tr>\n<td height=\"46\">Cor<\/td>\n<td width=\"312\">preto\/branco\/azul\/cinzento\/rosa\/verde\/castanho\/caqui<\/td>\n<\/tr>\n<tr>\n<td height=\"24\">Dimens\u00e3o<\/td>\n<td width=\"312\">43*27*14.5<\/td>\n<\/tr>\n<tr>\n<td height=\"23\">N.W \/SET<\/td>\n<td>15KGS\/PCS<\/td>\n<\/tr>\n<tr>\n<td height=\"23\">MOQ<\/td>\n<td>20 unidades<\/td>\n<\/tr>\n<tr>\n<td height=\"23\">Op\u00e7\u00e3o personalizada<\/td>\n<td>Cor\/Patente\/Tamanho\/Logotipo\/Embalagem<\/td>\n<\/tr>\n<\/tbody>\n<\/table>","protected":false},"featured_media":9127,"comment_status":"closed","ping_status":"closed","template":"","meta":{"_acf_changed":false},"product_brand":[],"product_cat":[57,56],"product_tag":[],"class_list":{"0":"post-9123","1":"product","2":"type-product","3":"status-publish","4":"has-post-thumbnail","6":"product_cat-wholesale-wall-mounted-sinks","7":"product_cat-wholesale-small-bathroom-sinks","9":"first","10":"instock","11":"shipping-taxable","12":"product-type-simple"},"acf":[],"_links":{"self":[{"href":"https:\/\/www.ceramicbasin.com\/pt\/wp-json\/wp\/v2\/product\/9123","targetHints":{"allow":["GET"]}}],"collection":[{"href":"https:\/\/www.ceramicbasin.com\/pt\/wp-json\/wp\/v2\/product"}],"about":[{"href":"https:\/\/www.ceramicbasin.com\/pt\/wp-json\/wp\/v2\/types\/product"}],"replies":[{"embeddable":true,"href":"https:\/\/www.ceramicbasin.com\/pt\/wp-json\/wp\/v2\/comments?post=9123"}],"wp:featuredmedia":[{"embeddable":true,"href":"https:\/\/www.ceramicbasin.com\/pt\/wp-json\/wp\/v2\/media\/9127"}],"wp:attachment":[{"href":"https:\/\/www.ceramicbasin.com\/pt\/wp-json\/wp\/v2\/media?parent=9123"}],"wp:term":[{"taxonomy":"product_brand","embeddable":true,"href":"https:\/\/www.ceramicbasin.com\/pt\/wp-json\/wp\/v2\/product_brand?post=9123"},{"taxonomy":"product_cat","embeddable":true,"href":"https:\/\/www.ceramicbasin.com\/pt\/wp-json\/wp\/v2\/product_cat?post=9123"},{"taxonomy":"product_tag","embeddable":true,"href":"https:\/\/www.ceramicbasin.com\/pt\/wp-json\/wp\/v2\/product_tag?post=9123"}],"curies":[{"name":"wp","href":"https:\/\/api.w.org\/{rel}","templated":true}]}}