{"id":9152,"date":"2026-03-03T03:17:56","date_gmt":"2026-03-03T03:17:56","guid":{"rendered":"https:\/\/www.ceramicbasin.com\/?post_type=product&#038;p=9152"},"modified":"2026-03-06T02:06:09","modified_gmt":"2026-03-06T02:06:09","slug":"wholesale-modern-bathroom-sink","status":"publish","type":"product","link":"https:\/\/www.ceramicbasin.com\/pt\/produto\/wholesale-modern-bathroom-sink\/","title":{"rendered":"Lavat\u00f3rio de casa de banho moderno por atacado, lavat\u00f3rio de cer\u00e2mica quadrado personalizado"},"content":{"rendered":"<div class=\"wp-block-columns is-layout-flex wp-container-core-columns-is-layout-9d6595d7 wp-block-columns-is-layout-flex\">\n<div class=\"wp-block-column is-layout-flow wp-block-column-is-layout-flow\">\n<h2 class=\"wp-block-heading\">Carater\u00edsticas do lavat\u00f3rio de casa de banho moderno por atacado Premium:<\/h2>\n\n\n\n<ul class=\"wp-block-list\">\n<li><strong>Design moderno assim\u00e9trico quadrado:<\/strong> Este lavat\u00f3rio de casa de banho moderno por atacado tem um design retangular com uma tigela interior oval suave, que combina forma minimalista com conforto funcional. Serve como um ponto focal moderno para interiores de casas de banho modernas.<\/li>\n\n\n\n<li><strong>Constru\u00e7\u00e3o em cer\u00e2mica de alta qualidade:<\/strong> Este lavat\u00f3rio de casa de banho moderno por atacado \u00e9 feito de cer\u00e2mica de alta qualidade, que \u00e9 cozida a alta temperatura, e a bacia \u00e9 muito dur\u00e1vel. A superf\u00edcie vidrada \u00e9 lisa e ajuda a evitar manchas, facilitando a limpeza.<\/li>\n\n\n\n<li><strong>Instala\u00e7\u00e3o de bancadas:<\/strong> O nosso lavat\u00f3rio de casa de banho moderno por atacado tem um design acima do balc\u00e3o que permite uma instala\u00e7\u00e3o flex\u00edvel, melhora a profundidade visual e simplifica a substitui\u00e7\u00e3o para projectos de renova\u00e7\u00e3o.<\/li>\n\n\n\n<li><strong>Invent\u00e1rio grossista:<\/strong> Estes lavat\u00f3rios quadrados de cer\u00e2mica personalizados funcionam com compras por grosso e por projeto, adequados para clientes retalhistas, distribuidores e clientes de projectos que exigem uma entrega r\u00e1pida.<\/li>\n\n\n\n<li><strong>Vers\u00e1til:<\/strong> O lavat\u00f3rio de casa de banho por atacado direto da f\u00e1brica \u00e9 adequado para casas de banho, hot\u00e9is, casas de banho comerciais e renova\u00e7\u00f5es residenciais, proporcionando est\u00e9tica e praticidade.<\/li>\n<\/ul>\n<\/div>\n\n\n\n<div class=\"wp-block-column is-layout-flow wp-block-column-is-layout-flow\">\n<figure class=\"wp-block-image size-full\"><img fetchpriority=\"high\" decoding=\"async\" width=\"680\" height=\"912\" src=\"https:\/\/www.ceramicbasin.com\/wp-content\/uploads\/2026\/03\/Table-Top-Hand-Wash-Basin-6.webp\" alt=\"lavat\u00f3rio de casa de banho moderno por atacado - lavat\u00f3rio de cer\u00e2mica quadrado personalizado - 6\" class=\"wp-image-9153\" srcset=\"https:\/\/www.ceramicbasin.com\/wp-content\/uploads\/2026\/03\/Table-Top-Hand-Wash-Basin-6.webp 680w, https:\/\/www.ceramicbasin.com\/wp-content\/uploads\/2026\/03\/Table-Top-Hand-Wash-Basin-6-224x300.webp 224w, https:\/\/www.ceramicbasin.com\/wp-content\/uploads\/2026\/03\/Table-Top-Hand-Wash-Basin-6-9x12.webp 9w, https:\/\/www.ceramicbasin.com\/wp-content\/uploads\/2026\/03\/Table-Top-Hand-Wash-Basin-6-285x382.webp 285w, https:\/\/www.ceramicbasin.com\/wp-content\/uploads\/2026\/03\/Table-Top-Hand-Wash-Basin-6-492x660.webp 492w, https:\/\/www.ceramicbasin.com\/wp-content\/uploads\/2026\/03\/Table-Top-Hand-Wash-Basin-6-112x150.webp 112w\" sizes=\"(max-width: 680px) 100vw, 680px\" \/><\/figure>\n<\/div>\n<\/div>","protected":false},"excerpt":{"rendered":"<p>Bem-vindo ao comprar o nosso lavat\u00f3rio de casa de banho moderno por atacado para instala\u00e7\u00e3o em bancada com controlo de qualidade est\u00e1vel, tempo de espera est\u00e1vel e boa embalagem para o mercado de exporta\u00e7\u00e3o. Este lavat\u00f3rio de cer\u00e2mica quadrado personalizado oferece personaliza\u00e7\u00e3o OEM\/ODM. Produto perfeito para vendedores grossistas de lavat\u00f3rios de casa de banho, revendedores de lou\u00e7a sanit\u00e1ria e projectos de hot\u00e9is ou casas.<\/p>\n<table border=\"0\" width=\"478\" cellspacing=\"0\" cellpadding=\"0\">\n<tbody>\n<tr>\n<td width=\"166\" height=\"23\">Fabricante<\/td>\n<td width=\"312\">HanYu<\/td>\n<\/tr>\n<tr>\n<td height=\"23\">Modelo n.<\/td>\n<td>HY-8261A<\/td>\n<\/tr>\n<tr>\n<td height=\"23\">Tipo<\/td>\n<td width=\"312\">Lava-lou\u00e7as de bancada<\/td>\n<\/tr>\n<tr>\n<td height=\"24\">Forma<\/td>\n<td>Forma irregular<\/td>\n<\/tr>\n<tr>\n<td height=\"46\">Cor<\/td>\n<td width=\"312\">preto\/branco\/azul\/cinzento\/rosa\/verde\/castanho\/caqui<\/td>\n<\/tr>\n<tr>\n<td height=\"24\">Dimens\u00e3o<\/td>\n<td width=\"312\">64*36*12.5<\/td>\n<\/tr>\n<tr>\n<td height=\"23\">N.W \/SET<\/td>\n<td>13 KGS\/PCS<\/td>\n<\/tr>\n<tr>\n<td height=\"23\">MOQ<\/td>\n<td>20 unidades<\/td>\n<\/tr>\n<tr>\n<td height=\"23\">Op\u00e7\u00e3o personalizada<\/td>\n<td>Cor\/Patente\/Tamanho\/Logotipo\/Embalagem<\/td>\n<\/tr>\n<\/tbody>\n<\/table>\n<p>&nbsp;<\/p>","protected":false},"featured_media":9154,"comment_status":"closed","ping_status":"closed","template":"","meta":{"_acf_changed":false},"product_brand":[],"product_cat":[50],"product_tag":[],"class_list":{"0":"post-9152","1":"product","2":"type-product","3":"status-publish","4":"has-post-thumbnail","6":"product_cat-wholesale-countertop-sinks","8":"first","9":"instock","10":"shipping-taxable","11":"product-type-simple"},"acf":[],"_links":{"self":[{"href":"https:\/\/www.ceramicbasin.com\/pt\/wp-json\/wp\/v2\/product\/9152","targetHints":{"allow":["GET"]}}],"collection":[{"href":"https:\/\/www.ceramicbasin.com\/pt\/wp-json\/wp\/v2\/product"}],"about":[{"href":"https:\/\/www.ceramicbasin.com\/pt\/wp-json\/wp\/v2\/types\/product"}],"replies":[{"embeddable":true,"href":"https:\/\/www.ceramicbasin.com\/pt\/wp-json\/wp\/v2\/comments?post=9152"}],"wp:featuredmedia":[{"embeddable":true,"href":"https:\/\/www.ceramicbasin.com\/pt\/wp-json\/wp\/v2\/media\/9154"}],"wp:attachment":[{"href":"https:\/\/www.ceramicbasin.com\/pt\/wp-json\/wp\/v2\/media?parent=9152"}],"wp:term":[{"taxonomy":"product_brand","embeddable":true,"href":"https:\/\/www.ceramicbasin.com\/pt\/wp-json\/wp\/v2\/product_brand?post=9152"},{"taxonomy":"product_cat","embeddable":true,"href":"https:\/\/www.ceramicbasin.com\/pt\/wp-json\/wp\/v2\/product_cat?post=9152"},{"taxonomy":"product_tag","embeddable":true,"href":"https:\/\/www.ceramicbasin.com\/pt\/wp-json\/wp\/v2\/product_tag?post=9152"}],"curies":[{"name":"wp","href":"https:\/\/api.w.org\/{rel}","templated":true}]}}