{"id":9159,"date":"2026-03-03T03:31:37","date_gmt":"2026-03-03T03:31:37","guid":{"rendered":"https:\/\/www.ceramicbasin.com\/?post_type=product&#038;p=9159"},"modified":"2026-03-06T03:58:31","modified_gmt":"2026-03-06T03:58:31","slug":"wholesale-porcelain-bathroom-sink","status":"publish","type":"product","link":"https:\/\/www.ceramicbasin.com\/pt\/produto\/wholesale-porcelain-bathroom-sink\/","title":{"rendered":"Lavat\u00f3rio de casa de banho de porcelana por atacado, Fornecimento de lavat\u00f3rio de bancada de hotel"},"content":{"rendered":"<div class=\"wp-block-columns is-layout-flex wp-container-core-columns-is-layout-9d6595d7 wp-block-columns-is-layout-flex\">\n<div class=\"wp-block-column is-layout-flow wp-block-column-is-layout-flow\">\n<h2 class=\"wp-block-heading\">Carater\u00edsticas do lavat\u00f3rio de casa de banho de porcelana Premium Wholesale:<\/h2>\n\n\n\n<ul class=\"wp-block-list\">\n<li><strong>Design cl\u00e1ssico de bancada oval:<\/strong> O lavat\u00f3rio de casa de banho em porcelana por atacado tem uma forma oval elegante que proporciona uma apar\u00eancia intemporal e vers\u00e1til que combina facilmente com interiores de casas de banho modernos, minimalistas ou cl\u00e1ssicos, tornando-o uma escolha popular para projectos de hotelaria e imobili\u00e1rios.<\/li>\n\n\n\n<li><strong>Superf\u00edcie lisa de vidro branco:<\/strong> O lavat\u00f3rio de casa de banho em porcelana \u00e9 acabado com um esmalte branco de alta qualidade. O lavat\u00f3rio apresenta uma superf\u00edcie lisa e n\u00e3o porosa que resiste a manchas, riscos e descolora\u00e7\u00e3o, mantendo-se f\u00e1cil de limpar e manter.<\/li>\n\n\n\n<li><strong>Ideal para projectos hoteleiros e comerciais: <\/strong>O lavat\u00f3rio de casa de banho em porcelana foi concebido para instala\u00e7\u00e3o em bancada. Este lavat\u00f3rio \u00e9 amplamente utilizado em hot\u00e9is, resorts, moradias e empreendimentos de apartamentos devido ao seu aspeto elegante e funcionalidade pr\u00e1tica.<\/li>\n\n\n\n<li><strong>Fornecimento a granel e personaliza\u00e7\u00e3o:<\/strong> A bacia de bancada de hotel pode ser fornecida por atacado com servi\u00e7o OEM\/ODM flex\u00edvel, incluindo impress\u00e3o de log\u00f3tipo, altera\u00e7\u00e3o de tamanho, personaliza\u00e7\u00e3o de embalagem e acabamento de esmalte especial para diferentes necessidades de marca.<\/li>\n\n\n\n<li><strong>Dur\u00e1vel e de f\u00e1cil limpeza: <\/strong>O corpo cer\u00e2mico denso e o acabamento vidrado impedem o crescimento de bact\u00e9rias, o que mant\u00e9m o ambiente da sua casa de banho limpo e reduz os custos de manuten\u00e7\u00e3o.<\/li>\n<\/ul>\n<\/div>\n\n\n\n<div class=\"wp-block-column is-layout-flow wp-block-column-is-layout-flow\">\n<figure class=\"wp-block-image size-full\"><img fetchpriority=\"high\" decoding=\"async\" width=\"726\" height=\"938\" src=\"https:\/\/www.ceramicbasin.com\/wp-content\/uploads\/2026\/03\/Countertop-Bathroom-Sink-for-Modern-Hotel-6.jpg\" alt=\"lavat\u00f3rio de casa de banho de porcelana por atacado - lavat\u00f3rio de bancada de hotel - 6\" class=\"wp-image-9160\" srcset=\"https:\/\/www.ceramicbasin.com\/wp-content\/uploads\/2026\/03\/Countertop-Bathroom-Sink-for-Modern-Hotel-6.jpg 726w, https:\/\/www.ceramicbasin.com\/wp-content\/uploads\/2026\/03\/Countertop-Bathroom-Sink-for-Modern-Hotel-6-232x300.jpg 232w, https:\/\/www.ceramicbasin.com\/wp-content\/uploads\/2026\/03\/Countertop-Bathroom-Sink-for-Modern-Hotel-6-9x12.jpg 9w, https:\/\/www.ceramicbasin.com\/wp-content\/uploads\/2026\/03\/Countertop-Bathroom-Sink-for-Modern-Hotel-6-285x368.jpg 285w, https:\/\/www.ceramicbasin.com\/wp-content\/uploads\/2026\/03\/Countertop-Bathroom-Sink-for-Modern-Hotel-6-511x660.jpg 511w, https:\/\/www.ceramicbasin.com\/wp-content\/uploads\/2026\/03\/Countertop-Bathroom-Sink-for-Modern-Hotel-6-116x150.jpg 116w\" sizes=\"(max-width: 726px) 100vw, 726px\" \/><\/figure>\n<\/div>\n<\/div>\n\n\n\n<p><\/p>","protected":false},"excerpt":{"rendered":"<p>Bem-vindo ao comprar este lavat\u00f3rio de casa de banho de porcelana por atacado, um design cl\u00e1ssico de bacia de bancada oval com acabamento esmaltado branco. Melhor para projetos de banheiro de hotel, espa\u00e7os comerciais e atacado, este lavat\u00f3rio oval de bancada de hotel oferece servi\u00e7o vers\u00e1til de personaliza\u00e7\u00e3o OEM \/ ODM e fornecimento a granel, trazendo sua confian\u00e7a como fornecedores e empreiteiros globais de acess\u00f3rios de banheiro.<\/p>\n<table border=\"0\" width=\"478\" cellspacing=\"0\" cellpadding=\"0\">\n<tbody>\n<tr>\n<td width=\"166\" height=\"23\">Fabricante<\/td>\n<td width=\"312\">HanYu<\/td>\n<\/tr>\n<tr>\n<td height=\"23\">Modelo n.<\/td>\n<td>HY-8263<\/td>\n<\/tr>\n<tr>\n<td height=\"23\">Tipo<\/td>\n<td width=\"312\">Lava-lou\u00e7as de bancada<\/td>\n<\/tr>\n<tr>\n<td height=\"24\">Forma<\/td>\n<td>Forma oval<\/td>\n<\/tr>\n<tr>\n<td height=\"46\">Cor<\/td>\n<td width=\"312\">preto\/branco\/azul\/cinzento\/rosa\/verde\/castanho\/caqui<\/td>\n<\/tr>\n<tr>\n<td height=\"24\">Dimens\u00e3o<\/td>\n<td width=\"312\">50.5*37*13.5<\/td>\n<\/tr>\n<tr>\n<td height=\"23\">N.W \/SET<\/td>\n<td>12 KGS\/PCS<\/td>\n<\/tr>\n<tr>\n<td height=\"23\">MOQ<\/td>\n<td>20 unidades<\/td>\n<\/tr>\n<tr>\n<td height=\"23\">Op\u00e7\u00e3o personalizada<\/td>\n<td>Cor\/Patente\/Tamanho\/Logotipo\/Embalagem<\/td>\n<\/tr>\n<\/tbody>\n<\/table>","protected":false},"featured_media":9161,"comment_status":"closed","ping_status":"closed","template":"","meta":{"_acf_changed":false},"product_brand":[],"product_cat":[50],"product_tag":[],"class_list":{"0":"post-9159","1":"product","2":"type-product","3":"status-publish","4":"has-post-thumbnail","6":"product_cat-wholesale-countertop-sinks","8":"first","9":"instock","10":"shipping-taxable","11":"product-type-simple"},"acf":[],"_links":{"self":[{"href":"https:\/\/www.ceramicbasin.com\/pt\/wp-json\/wp\/v2\/product\/9159","targetHints":{"allow":["GET"]}}],"collection":[{"href":"https:\/\/www.ceramicbasin.com\/pt\/wp-json\/wp\/v2\/product"}],"about":[{"href":"https:\/\/www.ceramicbasin.com\/pt\/wp-json\/wp\/v2\/types\/product"}],"replies":[{"embeddable":true,"href":"https:\/\/www.ceramicbasin.com\/pt\/wp-json\/wp\/v2\/comments?post=9159"}],"wp:featuredmedia":[{"embeddable":true,"href":"https:\/\/www.ceramicbasin.com\/pt\/wp-json\/wp\/v2\/media\/9161"}],"wp:attachment":[{"href":"https:\/\/www.ceramicbasin.com\/pt\/wp-json\/wp\/v2\/media?parent=9159"}],"wp:term":[{"taxonomy":"product_brand","embeddable":true,"href":"https:\/\/www.ceramicbasin.com\/pt\/wp-json\/wp\/v2\/product_brand?post=9159"},{"taxonomy":"product_cat","embeddable":true,"href":"https:\/\/www.ceramicbasin.com\/pt\/wp-json\/wp\/v2\/product_cat?post=9159"},{"taxonomy":"product_tag","embeddable":true,"href":"https:\/\/www.ceramicbasin.com\/pt\/wp-json\/wp\/v2\/product_tag?post=9159"}],"curies":[{"name":"wp","href":"https:\/\/api.w.org\/{rel}","templated":true}]}}