{"id":9168,"date":"2026-03-04T02:24:19","date_gmt":"2026-03-04T02:24:19","guid":{"rendered":"https:\/\/www.ceramicbasin.com\/?post_type=product&#038;p=9168"},"modified":"2026-03-06T03:58:43","modified_gmt":"2026-03-06T03:58:43","slug":"bulk-ceramic-vessel-sink","status":"publish","type":"product","link":"https:\/\/www.ceramicbasin.com\/pt\/produto\/bulk-ceramic-vessel-sink\/","title":{"rendered":"Lavat\u00f3rio de vaso em cer\u00e2mica a granel em forma de seixo para a casa de banho do hotel e da casa"},"content":{"rendered":"<div class=\"wp-block-columns is-layout-flex wp-container-core-columns-is-layout-9d6595d7 wp-block-columns-is-layout-flex\">\n<div class=\"wp-block-column is-layout-flow wp-block-column-is-layout-flow\">\n<h2 class=\"wp-block-heading\">Lavat\u00f3rio de vaso em cer\u00e2mica Premium Bulk Carater\u00edsticas:<\/h2>\n\n\n\n<ul class=\"wp-block-list\">\n<li><strong>Design \u00fanico em forma de seixo:<\/strong> O lava-loi\u00e7a de cer\u00e2mica bulk foi criado inspirado na forma de um seixo natural; este lava-loi\u00e7a em cer\u00e2mica tem curvas suaves e uma forma elegante e org\u00e2nica. O estilo contempor\u00e2neo torna a sua casa de banho mais atraente e \u00e9 adequado para hot\u00e9is de luxo, apartamentos e decora\u00e7\u00e3o de casas.<\/li>\n\n\n\n<li><strong>Esmalte branco premium de alto brilho:<\/strong> O lava-loi\u00e7a de cer\u00e2mica a granel tem um acabamento branco brilhante; o acabamento \u00e9 liso, brilhante e resistente a riscos e manchas. O esmalte impede a forma\u00e7\u00e3o de manchas, pelo que, mesmo ap\u00f3s uma utiliza\u00e7\u00e3o prolongada, o lava-loi\u00e7a tem um aspeto limpo e polido.<\/li>\n\n\n\n<li><strong>Instala\u00e7\u00e3o acima do balc\u00e3o:<\/strong> O lava-loi\u00e7a de cer\u00e2mica a granel pode ser instalado facilmente como um lava-loi\u00e7a por cima do balc\u00e3o. Pode combin\u00e1-lo com qualquer tipo de balc\u00e3o, quer seja de m\u00e1rmore, quartzo ou superf\u00edcie s\u00f3lida. Este tipo de instala\u00e7\u00e3o permite uma instala\u00e7\u00e3o mais f\u00e1cil e torna a sua casa de banho mais apelativa.<\/li>\n\n\n\n<li><strong>Ideal para encomendas em massa e fornecimento para projectos:<\/strong> Perfeito para projectos hoteleiros, empreendimentos imobili\u00e1rios, grossistas e distribuidores. A f\u00e1brica oferece uma capacidade de produ\u00e7\u00e3o est\u00e1vel e uma qualidade consistente para satisfazer as necessidades de aquisi\u00e7\u00e3o de grandes volumes.<\/li>\n\n\n\n<li><strong>Certificado e pronto para exporta\u00e7\u00e3o: <\/strong>Os nossos lavat\u00f3rios de cer\u00e2mica para casa de banho por atacado s\u00e3o produzidos com padr\u00f5es de alta qualidade e podem ser inspeccionados por terceiros para facilitar o neg\u00f3cio de exporta\u00e7\u00e3o de importadores, distribuidores, compradores de projectos, etc.<\/li>\n<\/ul>\n<\/div>\n\n\n\n<div class=\"wp-block-column is-layout-flow wp-block-column-is-layout-flow\">\n<figure class=\"wp-block-image size-full\"><img fetchpriority=\"high\" decoding=\"async\" width=\"621\" height=\"938\" src=\"https:\/\/www.ceramicbasin.com\/wp-content\/uploads\/2026\/03\/Vanity-Tops-Table-Tops-Ceramic-Basin-6.jpg\" alt=\"lava-loi\u00e7a de cer\u00e2mica em forma de seixo para hotel-casa de banho-6\" class=\"wp-image-9169\" srcset=\"https:\/\/www.ceramicbasin.com\/wp-content\/uploads\/2026\/03\/Vanity-Tops-Table-Tops-Ceramic-Basin-6.jpg 621w, https:\/\/www.ceramicbasin.com\/wp-content\/uploads\/2026\/03\/Vanity-Tops-Table-Tops-Ceramic-Basin-6-199x300.jpg 199w, https:\/\/www.ceramicbasin.com\/wp-content\/uploads\/2026\/03\/Vanity-Tops-Table-Tops-Ceramic-Basin-6-8x12.jpg 8w, https:\/\/www.ceramicbasin.com\/wp-content\/uploads\/2026\/03\/Vanity-Tops-Table-Tops-Ceramic-Basin-6-285x430.jpg 285w, https:\/\/www.ceramicbasin.com\/wp-content\/uploads\/2026\/03\/Vanity-Tops-Table-Tops-Ceramic-Basin-6-437x660.jpg 437w, https:\/\/www.ceramicbasin.com\/wp-content\/uploads\/2026\/03\/Vanity-Tops-Table-Tops-Ceramic-Basin-6-99x150.jpg 99w\" sizes=\"(max-width: 621px) 100vw, 621px\" \/><\/figure>\n<\/div>\n<\/div>\n\n\n\n<p><\/p>","protected":false},"excerpt":{"rendered":"<p>Bem-vindo ao comprar o nosso lavat\u00f3rio de cer\u00e2mica em forma de seixo com um acabamento branco brilhante, perfeito para a decora\u00e7\u00e3o de casas de banho de hot\u00e9is. Fabricado em cer\u00e2mica de alta cozedura, o lavat\u00f3rio \u00e9 dur\u00e1vel, resistente a n\u00f3doas e de longa dura\u00e7\u00e3o, brilhante. Por atacado da f\u00e1brica HANYU, com servi\u00e7o OEM \/ ODM, esta bacia de banheiro de cer\u00e2mica acima do balc\u00e3o \u00e9 a melhor solu\u00e7\u00e3o para trabalhos de banheiro comercial e residencial.\u00a0<\/p>\n<table border=\"0\" width=\"311\" cellspacing=\"0\" cellpadding=\"0\">\n<tbody>\n<tr>\n<td width=\"108\" height=\"17\">Fabricante<\/td>\n<td width=\"202\">HanYu<\/td>\n<\/tr>\n<tr>\n<td height=\"17\">Modelo n.<\/td>\n<td>HY-8265<\/td>\n<\/tr>\n<tr>\n<td height=\"17\">Tipo<\/td>\n<td>Lavat\u00f3rio de bancada<\/td>\n<\/tr>\n<tr>\n<td height=\"17\">Forma\u00a0 \u00a0<\/td>\n<td>Forma irregular<\/td>\n<\/tr>\n<tr>\n<td height=\"17\">Cor<\/td>\n<td>Branco<\/td>\n<\/tr>\n<tr>\n<td height=\"18\">Dimens\u00e3o<\/td>\n<td width=\"202\">41*38*13<\/td>\n<\/tr>\n<tr>\n<td height=\"17\">N.W \/SET<\/td>\n<td>10 KGS\/PCS<\/td>\n<\/tr>\n<tr>\n<td height=\"17\">MOQ<\/td>\n<td>20 unidades<\/td>\n<\/tr>\n<tr>\n<td height=\"17\">Op\u00e7\u00e3o personalizada<\/td>\n<td>Cor\/Patente\/Tamanho\/Logotipo\/Embalagem<\/td>\n<\/tr>\n<\/tbody>\n<\/table>","protected":false},"featured_media":9170,"comment_status":"closed","ping_status":"closed","template":"","meta":{"_acf_changed":false},"product_brand":[],"product_cat":[50,56],"product_tag":[],"class_list":{"0":"post-9168","1":"product","2":"type-product","3":"status-publish","4":"has-post-thumbnail","6":"product_cat-wholesale-countertop-sinks","7":"product_cat-wholesale-small-bathroom-sinks","9":"first","10":"instock","11":"shipping-taxable","12":"product-type-simple"},"acf":[],"_links":{"self":[{"href":"https:\/\/www.ceramicbasin.com\/pt\/wp-json\/wp\/v2\/product\/9168","targetHints":{"allow":["GET"]}}],"collection":[{"href":"https:\/\/www.ceramicbasin.com\/pt\/wp-json\/wp\/v2\/product"}],"about":[{"href":"https:\/\/www.ceramicbasin.com\/pt\/wp-json\/wp\/v2\/types\/product"}],"replies":[{"embeddable":true,"href":"https:\/\/www.ceramicbasin.com\/pt\/wp-json\/wp\/v2\/comments?post=9168"}],"wp:featuredmedia":[{"embeddable":true,"href":"https:\/\/www.ceramicbasin.com\/pt\/wp-json\/wp\/v2\/media\/9170"}],"wp:attachment":[{"href":"https:\/\/www.ceramicbasin.com\/pt\/wp-json\/wp\/v2\/media?parent=9168"}],"wp:term":[{"taxonomy":"product_brand","embeddable":true,"href":"https:\/\/www.ceramicbasin.com\/pt\/wp-json\/wp\/v2\/product_brand?post=9168"},{"taxonomy":"product_cat","embeddable":true,"href":"https:\/\/www.ceramicbasin.com\/pt\/wp-json\/wp\/v2\/product_cat?post=9168"},{"taxonomy":"product_tag","embeddable":true,"href":"https:\/\/www.ceramicbasin.com\/pt\/wp-json\/wp\/v2\/product_tag?post=9168"}],"curies":[{"name":"wp","href":"https:\/\/api.w.org\/{rel}","templated":true}]}}