{"id":9178,"date":"2026-03-04T05:23:29","date_gmt":"2026-03-04T05:23:29","guid":{"rendered":"https:\/\/www.ceramicbasin.com\/?post_type=product&#038;p=9178"},"modified":"2026-03-06T07:32:44","modified_gmt":"2026-03-06T07:32:44","slug":"custom-ceramic-wash-basin","status":"publish","type":"product","link":"https:\/\/www.ceramicbasin.com\/pt\/produto\/custom-ceramic-wash-basin\/","title":{"rendered":"Lavat\u00f3rio de cer\u00e2mica personalizado, lavat\u00f3rio de casa de banho irregular por atacado"},"content":{"rendered":"<div class=\"wp-block-columns is-layout-flex wp-container-core-columns-is-layout-9d6595d7 wp-block-columns-is-layout-flex\">\n<div class=\"wp-block-column is-layout-flow wp-block-column-is-layout-flow\">\n<h2 class=\"wp-block-heading\">Lavat\u00f3rio de cer\u00e2mica personalizado em forma de gota de \u00e1gua Premium Carater\u00edsticas:<\/h2>\n\n\n\n<ul class=\"wp-block-list\">\n<li><strong>Design \u00fanico inspirado na gota de \u00e1gua:<\/strong> O lavat\u00f3rio de cer\u00e2mica personalizado com uma elegante forma de gota de \u00e1gua cria uma apar\u00eancia distinta e art\u00edstica, tornando-o uma pe\u00e7a central apelativa nas casas de banho modernas. O contorno irregular aumenta o apelo visual e ajuda os designers de interiores e os retalhistas a oferecerem produtos de casa de banho mais diferenciados.<\/li>\n\n\n\n<li><strong>Superf\u00edcie vidrada lisa:<\/strong> O lavat\u00f3rio de cer\u00e2mica personalizado apresenta um acabamento vidrado liso e n\u00e3o poroso que evita manchas, riscos e acumula\u00e7\u00e3o de bact\u00e9rias. Isto torna o lavat\u00f3rio f\u00e1cil de limpar e manter, o que \u00e9 ideal para hot\u00e9is, apartamentos e projectos de hotelaria.<\/li>\n\n\n\n<li><strong>Projeto de instala\u00e7\u00e3o de bancadas:<\/strong> O lavat\u00f3rio de cer\u00e2mica personalizado, concebido como um lavat\u00f3rio de vaso para instala\u00e7\u00e3o em bancada, oferece op\u00e7\u00f5es de instala\u00e7\u00e3o flex\u00edveis e funciona bem com uma vasta gama de lavat\u00f3rios de casa de banho, torneiras e estilos de design de interiores.<\/li>\n\n\n\n<li><strong>Ideal para a distribui\u00e7\u00e3o grossista global:<\/strong> Com uma capacidade de produ\u00e7\u00e3o est\u00e1vel e um controlo de qualidade rigoroso, este lavat\u00f3rio de cer\u00e2mica \u00e9 adequado para o fornecimento por grosso em grande escala a distribuidores, marcas de casas de banho e empreiteiros de projectos em todo o mundo.<\/li>\n<\/ul>\n<\/div>\n\n\n\n<div class=\"wp-block-column is-layout-flow wp-block-column-is-layout-flow\">\n<figure class=\"wp-block-image size-full\"><img fetchpriority=\"high\" decoding=\"async\" width=\"680\" height=\"938\" src=\"https:\/\/www.ceramicbasin.com\/wp-content\/uploads\/2026\/03\/Wash-Basin-Irregular-Bathroom-Sink-6.jpg\" alt=\"lavat\u00f3rio de cer\u00e2mica-irregular para casa de banho - venda por grosso - 6\" class=\"wp-image-9179\" srcset=\"https:\/\/www.ceramicbasin.com\/wp-content\/uploads\/2026\/03\/Wash-Basin-Irregular-Bathroom-Sink-6.jpg 680w, https:\/\/www.ceramicbasin.com\/wp-content\/uploads\/2026\/03\/Wash-Basin-Irregular-Bathroom-Sink-6-217x300.jpg 217w, https:\/\/www.ceramicbasin.com\/wp-content\/uploads\/2026\/03\/Wash-Basin-Irregular-Bathroom-Sink-6-9x12.jpg 9w, https:\/\/www.ceramicbasin.com\/wp-content\/uploads\/2026\/03\/Wash-Basin-Irregular-Bathroom-Sink-6-285x393.jpg 285w, https:\/\/www.ceramicbasin.com\/wp-content\/uploads\/2026\/03\/Wash-Basin-Irregular-Bathroom-Sink-6-478x660.jpg 478w, https:\/\/www.ceramicbasin.com\/wp-content\/uploads\/2026\/03\/Wash-Basin-Irregular-Bathroom-Sink-6-109x150.jpg 109w\" sizes=\"(max-width: 680px) 100vw, 680px\" \/><\/figure>\n<\/div>\n<\/div>","protected":false},"excerpt":{"rendered":"<p>Bem-vindo \u00e0 nossa compra do nosso lavat\u00f3rio de cer\u00e2mica personalizado em forma de gota de \u00e1gua, que \u00e9 perfeitamente adequado para interiores modernos e projectos comerciais. Este lavat\u00f3rio \u00e9 fabricado em cer\u00e2mica de qualidade superior e tem um acabamento vidrado suave que o torna duradouro e de baixa manuten\u00e7\u00e3o. A melhor escolha para grossistas, marcas de casas de banho e projectos de constru\u00e7\u00e3o, cujo lavat\u00f3rio irregular suporta personaliza\u00e7\u00e3o OEM\/ODM e venda por grosso.<\/p>\n<table style=\"border-collapse: collapse; width: 358.52pt;\" border=\"0\" width=\"478\" cellspacing=\"0\" cellpadding=\"0\">\n<tbody>\n<tr style=\"height: 17.25pt;\">\n<td class=\"et3\" style=\"height: 17.25pt; width: 125.00pt;\" width=\"166\" height=\"23\">Fabricante<\/td>\n<td class=\"et3\" style=\"width: 234.15pt;\" width=\"312\">HanYu<\/td>\n<\/tr>\n<tr style=\"height: 17.25pt;\">\n<td class=\"et3\" style=\"height: 17.25pt;\" height=\"23\">Modelo n.<\/td>\n<td class=\"et4\">HY-8266<\/td>\n<\/tr>\n<tr style=\"height: 17.25pt;\">\n<td class=\"et3\" style=\"height: 17.25pt;\" height=\"23\">Tipo<\/td>\n<td class=\"et5\" style=\"width: 234.15pt;\" width=\"312\">Lava-lou\u00e7as de bancada<\/td>\n<\/tr>\n<tr style=\"height: 18.00pt;\">\n<td class=\"et3\" style=\"height: 18.00pt;\" height=\"24\">Forma\u00a0\u00a0<\/td>\n<td class=\"et3\">\u00a0Forma de tri\u00e2ngulo<\/td>\n<\/tr>\n<tr style=\"height: 34.50pt;\">\n<td class=\"et4\" style=\"height: 34.50pt;\" height=\"46\">Cor<\/td>\n<td class=\"et5\" style=\"width: 234.15pt;\" width=\"312\">preto\/branco\/azul\/cinzento\/rosa\/verde\/castanho\/caqui<\/td>\n<\/tr>\n<tr style=\"height: 18.00pt;\">\n<td class=\"et3\" style=\"height: 18.00pt;\" height=\"24\">Dimens\u00e3o<\/td>\n<td class=\"et5\" style=\"width: 234.15pt;\" width=\"312\">51*39*13<\/td>\n<\/tr>\n<tr style=\"height: 17.25pt;\">\n<td class=\"et3\" style=\"height: 17.25pt;\" height=\"23\">N.W \/SET<\/td>\n<td class=\"et3\">11 KGS\/PCS<\/td>\n<\/tr>\n<tr style=\"height: 17.25pt;\">\n<td class=\"et3\" style=\"height: 17.25pt;\" height=\"23\">MOQ<\/td>\n<td class=\"et3\">20 unidades<\/td>\n<\/tr>\n<tr style=\"height: 17.25pt;\">\n<td class=\"et3\" style=\"height: 17.25pt;\" height=\"23\">Op\u00e7\u00e3o personalizada<\/td>\n<td class=\"et3\">Cor\/Patente\/Tamanho\/Logotipo\/Embalagem<\/td>\n<\/tr>\n<\/tbody>\n<\/table>","protected":false},"featured_media":9181,"comment_status":"closed","ping_status":"closed","template":"","meta":{"_acf_changed":false},"product_brand":[],"product_cat":[50],"product_tag":[],"class_list":{"0":"post-9178","1":"product","2":"type-product","3":"status-publish","4":"has-post-thumbnail","6":"product_cat-wholesale-countertop-sinks","8":"first","9":"instock","10":"shipping-taxable","11":"product-type-simple"},"acf":[],"_links":{"self":[{"href":"https:\/\/www.ceramicbasin.com\/pt\/wp-json\/wp\/v2\/product\/9178","targetHints":{"allow":["GET"]}}],"collection":[{"href":"https:\/\/www.ceramicbasin.com\/pt\/wp-json\/wp\/v2\/product"}],"about":[{"href":"https:\/\/www.ceramicbasin.com\/pt\/wp-json\/wp\/v2\/types\/product"}],"replies":[{"embeddable":true,"href":"https:\/\/www.ceramicbasin.com\/pt\/wp-json\/wp\/v2\/comments?post=9178"}],"wp:featuredmedia":[{"embeddable":true,"href":"https:\/\/www.ceramicbasin.com\/pt\/wp-json\/wp\/v2\/media\/9181"}],"wp:attachment":[{"href":"https:\/\/www.ceramicbasin.com\/pt\/wp-json\/wp\/v2\/media?parent=9178"}],"wp:term":[{"taxonomy":"product_brand","embeddable":true,"href":"https:\/\/www.ceramicbasin.com\/pt\/wp-json\/wp\/v2\/product_brand?post=9178"},{"taxonomy":"product_cat","embeddable":true,"href":"https:\/\/www.ceramicbasin.com\/pt\/wp-json\/wp\/v2\/product_cat?post=9178"},{"taxonomy":"product_tag","embeddable":true,"href":"https:\/\/www.ceramicbasin.com\/pt\/wp-json\/wp\/v2\/product_tag?post=9178"}],"curies":[{"name":"wp","href":"https:\/\/api.w.org\/{rel}","templated":true}]}}