{"id":9233,"date":"2026-03-12T09:41:04","date_gmt":"2026-03-12T09:41:04","guid":{"rendered":"https:\/\/www.ceramicbasin.com\/?post_type=product&#038;p=9233"},"modified":"2026-03-21T08:31:15","modified_gmt":"2026-03-21T08:31:15","slug":"custom-glass-bathroom-sinks","status":"publish","type":"product","link":"https:\/\/www.ceramicbasin.com\/pt\/produto\/custom-glass-bathroom-sinks\/","title":{"rendered":"Pias de casa de banho de vidro personalizadas, pia de vidro redonda por atacado"},"content":{"rendered":"<div class=\"wp-block-columns is-layout-flex wp-container-core-columns-is-layout-9d6595d7 wp-block-columns-is-layout-flex\">\n<div class=\"wp-block-column is-layout-flow wp-block-column-is-layout-flow\">\n<h2 class=\"wp-block-heading\">Pias de casa de banho de vidro personalizadas Premium Carater\u00edsticas:<\/h2>\n\n\n\n<ul class=\"wp-block-list\">\n<li><strong>Design redondo elegante e luxuoso:<\/strong> Os lavat\u00f3rios de vidro personalizados para casa de banho, com uma forma redonda e suave e um acabamento cristalino, criam uma apar\u00eancia luxuosa e contempor\u00e2nea. Este design elegante adapta-se facilmente a casas de banho modernas, hot\u00e9is, moradias e projectos residenciais de topo de gama, acrescentando um efeito visual de primeira qualidade ao espa\u00e7o.<\/li>\n\n\n\n<li><strong>Material de vidro dur\u00e1vel: <\/strong>O lavat\u00f3rio de vidro por atacado utiliza vidro de alta qualidade, que proporciona durabilidade, baixo peso, alta transpar\u00eancia e alto brilho. Proporcionando-lhe um visual moderno e de alta qualidade, bem como uma utiliza\u00e7\u00e3o duradoura.<\/li>\n\n\n\n<li><strong>Variedade de cores:<\/strong> Estes lavat\u00f3rios de casa de banho em vidro personalizados t\u00eam uma variedade de cores dispon\u00edveis, desde o cl\u00e1ssico transparente ao colorido e moderno, para satisfazer diferentes estilos de casa de banho e prefer\u00eancias pessoais.<\/li>\n\n\n\n<li><strong>Compat\u00edvel com a instala\u00e7\u00e3o de vasos de bancada:<\/strong> Estes lavat\u00f3rios de casa de banho em vidro personalizados s\u00e3o concebidos como um lavat\u00f3rio de vasos; assentam lindamente em cima das bancadas da casa de banho. Este estilo de instala\u00e7\u00e3o simplifica a instala\u00e7\u00e3o ao mesmo tempo que melhora a est\u00e9tica geral do espa\u00e7o da casa de banho.<\/li>\n\n\n\n<li><strong>F\u00e1cil de limpar:<\/strong> A superf\u00edcie lisa do vidro \u00e9 resistente \u00e0s manchas e ao bolor, e \u00e9 f\u00e1cil de limpar e manter, garantindo higiene e arruma\u00e7\u00e3o na utiliza\u00e7\u00e3o di\u00e1ria. Bem-vindo \u00e0 compra e ao lavat\u00f3rio de vidro personalizado.<\/li>\n\n\n\n<li><strong>Op\u00e7\u00f5es de personaliza\u00e7\u00e3o para compradores de marcas:<\/strong> O nosso lavat\u00f3rio de vidro por atacado est\u00e1 dispon\u00edvel para personaliza\u00e7\u00e3o OEM e ODM, pode personalizar a cor do vidro, espessura, padr\u00e3o, tamanho e log\u00f3tipo. Esta flexibilidade permite ao revendedor, retalhista ou propriet\u00e1rio da marca criar linhas exclusivas que se adequam \u00e0 sua posi\u00e7\u00e3o no mercado.<\/li>\n<\/ul>\n<\/div>\n\n\n\n<div class=\"wp-block-column is-layout-flow wp-block-column-is-layout-flow\">\n<figure class=\"wp-block-image size-full\"><img fetchpriority=\"high\" decoding=\"async\" width=\"521\" height=\"384\" src=\"https:\/\/www.ceramicbasin.com\/wp-content\/uploads\/2026\/03\/Luxury-round-design-wholesale-glass-sink-bowl-for-cabinet-1.webp\" alt=\"lavat\u00f3rios de casa de banho em vidro \u00e0 volta de um lavat\u00f3rio de vidro \u00e0 venda por grosso-1\" class=\"wp-image-9222\" srcset=\"https:\/\/www.ceramicbasin.com\/wp-content\/uploads\/2026\/03\/Luxury-round-design-wholesale-glass-sink-bowl-for-cabinet-1.webp 521w, https:\/\/www.ceramicbasin.com\/wp-content\/uploads\/2026\/03\/Luxury-round-design-wholesale-glass-sink-bowl-for-cabinet-1-300x221.webp 300w, https:\/\/www.ceramicbasin.com\/wp-content\/uploads\/2026\/03\/Luxury-round-design-wholesale-glass-sink-bowl-for-cabinet-1-16x12.webp 16w, https:\/\/www.ceramicbasin.com\/wp-content\/uploads\/2026\/03\/Luxury-round-design-wholesale-glass-sink-bowl-for-cabinet-1-285x210.webp 285w, https:\/\/www.ceramicbasin.com\/wp-content\/uploads\/2026\/03\/Luxury-round-design-wholesale-glass-sink-bowl-for-cabinet-1-150x111.webp 150w\" sizes=\"(max-width: 521px) 100vw, 521px\" \/><\/figure>\n<\/div>\n<\/div>","protected":false},"excerpt":{"rendered":"<p>Bem-vindo a comprar os nossos lavat\u00f3rios de casa de banho em vidro personalizados, que t\u00eam um design elegante e moderno, adequado a v\u00e1rias disposi\u00e7\u00f5es de casa de banho, e real\u00e7am a beleza geral e a qualidade do espa\u00e7o. Concebidos para grossistas, distribuidores e marcas de casas de banho, permitem uma personaliza\u00e7\u00e3o total em termos de cor, tamanho e padr\u00f5es para ajudar as empresas a criar linhas de produtos diferenciadas.<\/p>\n<table style=\"border-collapse: collapse; width: 358.52pt;\" border=\"0\" width=\"478\" cellspacing=\"0\" cellpadding=\"0\">\n<tbody>\n<tr style=\"height: 17.25pt;\">\n<td class=\"et3\" style=\"height: 17.25pt; width: 125.00pt;\" width=\"166\" height=\"23\">Fabricante<\/td>\n<td class=\"et3\" style=\"width: 234.15pt;\" width=\"312\">HanYu<\/td>\n<\/tr>\n<tr style=\"height: 17.25pt;\">\n<td class=\"et3\" style=\"height: 17.25pt;\" height=\"23\">Modelo n.<\/td>\n<td class=\"et4\">HY-GL322<\/td>\n<\/tr>\n<tr style=\"height: 17.25pt;\">\n<td class=\"et3\" style=\"height: 17.25pt;\" height=\"23\">Tipo<\/td>\n<td class=\"et5\" style=\"width: 234.15pt;\" width=\"312\">Lavat\u00f3rio de vidro<\/td>\n<\/tr>\n<tr style=\"height: 18.00pt;\">\n<td class=\"et3\" style=\"height: 18.00pt;\" height=\"24\">Forma<\/td>\n<td class=\"et3\">Forma redonda<\/td>\n<\/tr>\n<tr style=\"height: 34.50pt;\">\n<td class=\"et4\" style=\"height: 34.50pt;\" height=\"46\">Cor<\/td>\n<td class=\"et5\" style=\"width: 234.15pt;\" width=\"312\">preto\/branco\/azul\/cinzento\/rosa\/verde\/castanho\/caqui<\/td>\n<\/tr>\n<tr style=\"height: 18.00pt;\">\n<td class=\"et3\" style=\"height: 18.00pt;\" height=\"24\">Dimens\u00e3o<\/td>\n<td class=\"et5\" style=\"width: 234.15pt;\" width=\"312\">40*40*14<\/td>\n<\/tr>\n<tr style=\"height: 17.25pt;\">\n<td class=\"et3\" style=\"height: 17.25pt;\" height=\"23\">N.W \/SET<\/td>\n<td class=\"et3\">8KGS\/PCS<\/td>\n<\/tr>\n<tr style=\"height: 17.25pt;\">\n<td class=\"et3\" style=\"height: 17.25pt;\" height=\"23\">MOQ<\/td>\n<td class=\"et3\">20 unidades<\/td>\n<\/tr>\n<tr style=\"height: 17.25pt;\">\n<td class=\"et3\" style=\"height: 17.25pt;\" height=\"23\">Op\u00e7\u00e3o personalizada<\/td>\n<td class=\"et3\">Cor\/Patente\/Tamanho\/Logotipo\/Embalagem<\/td>\n<\/tr>\n<\/tbody>\n<\/table>","protected":false},"featured_media":9369,"comment_status":"closed","ping_status":"closed","template":"","meta":{"_acf_changed":false},"product_brand":[],"product_cat":[52],"product_tag":[],"class_list":{"0":"post-9233","1":"product","2":"type-product","3":"status-publish","4":"has-post-thumbnail","6":"product_cat-wholesale-glass-vessel-sinks","8":"first","9":"instock","10":"shipping-taxable","11":"product-type-simple"},"acf":[],"_links":{"self":[{"href":"https:\/\/www.ceramicbasin.com\/pt\/wp-json\/wp\/v2\/product\/9233","targetHints":{"allow":["GET"]}}],"collection":[{"href":"https:\/\/www.ceramicbasin.com\/pt\/wp-json\/wp\/v2\/product"}],"about":[{"href":"https:\/\/www.ceramicbasin.com\/pt\/wp-json\/wp\/v2\/types\/product"}],"replies":[{"embeddable":true,"href":"https:\/\/www.ceramicbasin.com\/pt\/wp-json\/wp\/v2\/comments?post=9233"}],"wp:featuredmedia":[{"embeddable":true,"href":"https:\/\/www.ceramicbasin.com\/pt\/wp-json\/wp\/v2\/media\/9369"}],"wp:attachment":[{"href":"https:\/\/www.ceramicbasin.com\/pt\/wp-json\/wp\/v2\/media?parent=9233"}],"wp:term":[{"taxonomy":"product_brand","embeddable":true,"href":"https:\/\/www.ceramicbasin.com\/pt\/wp-json\/wp\/v2\/product_brand?post=9233"},{"taxonomy":"product_cat","embeddable":true,"href":"https:\/\/www.ceramicbasin.com\/pt\/wp-json\/wp\/v2\/product_cat?post=9233"},{"taxonomy":"product_tag","embeddable":true,"href":"https:\/\/www.ceramicbasin.com\/pt\/wp-json\/wp\/v2\/product_tag?post=9233"}],"curies":[{"name":"wp","href":"https:\/\/api.w.org\/{rel}","templated":true}]}}