{"id":9234,"date":"2026-03-12T09:55:50","date_gmt":"2026-03-12T09:55:50","guid":{"rendered":"https:\/\/www.ceramicbasin.com\/?post_type=product&#038;p=9234"},"modified":"2026-03-21T08:26:58","modified_gmt":"2026-03-21T08:26:58","slug":"glass-bathroom-sinks-wholesale","status":"publish","type":"product","link":"https:\/\/www.ceramicbasin.com\/pt\/produto\/glass-bathroom-sinks-wholesale\/","title":{"rendered":"Mais novo pias de banheiro de vidro por atacado, bacia de vidro personalizado"},"content":{"rendered":"<div class=\"wp-block-columns is-layout-flex wp-container-core-columns-is-layout-9d6595d7 wp-block-columns-is-layout-flex\">\n<div class=\"wp-block-column is-layout-flow wp-block-column-is-layout-flow\">\n<h2 class=\"wp-block-heading\">Pias de casa de banho de vidro Premium Carater\u00edsticas por atacado:<\/h2>\n\n\n\n<ul class=\"wp-block-list\">\n<li><strong>Design de moda: <\/strong>Os nossos lavat\u00f3rios de vidro para casa de banho por atacado t\u00eam um design moderno e elegante com linhas suaves, adequado para v\u00e1rias disposi\u00e7\u00f5es de casa de banho, e real\u00e7am a beleza geral e a qualidade do espa\u00e7o.<\/li>\n\n\n\n<li><strong>Vidro de alta qualidade Material: <\/strong>Estes lavat\u00f3rios de vidro para casa de banho por atacado s\u00e3o processados por vidro de alta qualidade com elevada transpar\u00eancia e textura fina, que tem efeitos visuais surpreendentes e traz uma atmosfera moderna, e tamb\u00e9m \u00e9 bom para a durabilidade e beleza do produto.<\/li>\n\n\n\n<li><strong>Servi\u00e7o personalizado:<\/strong> Podemos apoiar lavat\u00f3rios de vasos personalizados para satisfazer os requisitos especiais dos clientes. Quer se trate de tamanho, forma ou cor, os clientes podem personaliz\u00e1-los \u00e0 sua maneira.<\/li>\n\n\n\n<li><strong>Ideal para venda por grosso e fornecimento para projectos:<\/strong> Com uma capacidade de produ\u00e7\u00e3o est\u00e1vel e um controlo de qualidade rigoroso, estes lava-loi\u00e7as personalizados s\u00e3o adequados para encomendas a granel, fornecimento de projectos e distribui\u00e7\u00e3o grossista global, satisfazendo as necessidades de importadores, marcas de casas de banho e empreiteiros de constru\u00e7\u00e3o.<\/li>\n<\/ul>\n<\/div>\n\n\n\n<div class=\"wp-block-column is-layout-flow wp-block-column-is-layout-flow\">\n<figure class=\"wp-block-image size-full\"><img fetchpriority=\"high\" decoding=\"async\" width=\"545\" height=\"342\" src=\"https:\/\/www.ceramicbasin.com\/wp-content\/uploads\/2026\/03\/Newest-fashion-design-counter-top-glass-sinks-basin-with-multiple-colors-1.webp\" alt=\"mais recentes-lavat\u00f3rios-de-vidro-para-casa-de-banho-venda-por-grande-encomenda-lavat\u00f3rio-de-vidro-1\" class=\"wp-image-9217\" srcset=\"https:\/\/www.ceramicbasin.com\/wp-content\/uploads\/2026\/03\/Newest-fashion-design-counter-top-glass-sinks-basin-with-multiple-colors-1.webp 545w, https:\/\/www.ceramicbasin.com\/wp-content\/uploads\/2026\/03\/Newest-fashion-design-counter-top-glass-sinks-basin-with-multiple-colors-1-300x188.webp 300w, https:\/\/www.ceramicbasin.com\/wp-content\/uploads\/2026\/03\/Newest-fashion-design-counter-top-glass-sinks-basin-with-multiple-colors-1-18x12.webp 18w, https:\/\/www.ceramicbasin.com\/wp-content\/uploads\/2026\/03\/Newest-fashion-design-counter-top-glass-sinks-basin-with-multiple-colors-1-285x179.webp 285w, https:\/\/www.ceramicbasin.com\/wp-content\/uploads\/2026\/03\/Newest-fashion-design-counter-top-glass-sinks-basin-with-multiple-colors-1-150x94.webp 150w\" sizes=\"(max-width: 545px) 100vw, 545px\" \/><\/figure>\n<\/div>\n<\/div>","protected":false},"excerpt":{"rendered":"<p>Bem-vindo a comprar os nossos lavat\u00f3rios de vidro para casa de banho por atacado, que s\u00e3o feitos de vidro de alta qualidade com alta transpar\u00eancia e textura delicada, que tem excelentes efeitos visuais e um sentido moderno. Esta pia de vidro personalizada \u00e9 perfeita para hot\u00e9is, projetos residenciais e mercados de varejo de alta qualidade, ajudando os compradores B2B a aumentar o valor do produto, atrair clientes e expandir seus neg\u00f3cios de pia de banheiro.<\/p>\n<table border=\"0\" width=\"478\" cellspacing=\"0\" cellpadding=\"0\">\n<tbody>\n<tr>\n<td width=\"166\" height=\"23\">Fabricante<\/td>\n<td width=\"312\">HanYu<\/td>\n<\/tr>\n<tr>\n<td height=\"23\">Modelo n.<\/td>\n<td>HY-GL27<\/td>\n<\/tr>\n<tr>\n<td height=\"23\">Tipo<\/td>\n<td width=\"312\">Lavat\u00f3rio de vidro<\/td>\n<\/tr>\n<tr>\n<td height=\"24\">Forma<\/td>\n<td>Forma redonda<\/td>\n<\/tr>\n<tr>\n<td height=\"46\">Cor<\/td>\n<td width=\"312\">preto\/branco\/azul\/cinzento\/rosa\/verde\/castanho\/caqui<\/td>\n<\/tr>\n<tr>\n<td height=\"24\">Dimens\u00e3o<\/td>\n<td width=\"312\">46*46*12.5<\/td>\n<\/tr>\n<tr>\n<td height=\"23\">N.W \/SET<\/td>\n<td>8KGS\/PCS<\/td>\n<\/tr>\n<tr>\n<td height=\"23\">MOQ<\/td>\n<td>20 unidades<\/td>\n<\/tr>\n<tr>\n<td height=\"23\">Op\u00e7\u00e3o personalizada<\/td>\n<td>Cor\/Patente\/Tamanho\/Logotipo\/Embalagem<\/td>\n<\/tr>\n<\/tbody>\n<\/table>","protected":false},"featured_media":9376,"comment_status":"closed","ping_status":"closed","template":"","meta":{"_acf_changed":false},"product_brand":[],"product_cat":[52],"product_tag":[],"class_list":{"0":"post-9234","1":"product","2":"type-product","3":"status-publish","4":"has-post-thumbnail","6":"product_cat-wholesale-glass-vessel-sinks","8":"first","9":"instock","10":"shipping-taxable","11":"product-type-simple"},"acf":[],"_links":{"self":[{"href":"https:\/\/www.ceramicbasin.com\/pt\/wp-json\/wp\/v2\/product\/9234","targetHints":{"allow":["GET"]}}],"collection":[{"href":"https:\/\/www.ceramicbasin.com\/pt\/wp-json\/wp\/v2\/product"}],"about":[{"href":"https:\/\/www.ceramicbasin.com\/pt\/wp-json\/wp\/v2\/types\/product"}],"replies":[{"embeddable":true,"href":"https:\/\/www.ceramicbasin.com\/pt\/wp-json\/wp\/v2\/comments?post=9234"}],"wp:featuredmedia":[{"embeddable":true,"href":"https:\/\/www.ceramicbasin.com\/pt\/wp-json\/wp\/v2\/media\/9376"}],"wp:attachment":[{"href":"https:\/\/www.ceramicbasin.com\/pt\/wp-json\/wp\/v2\/media?parent=9234"}],"wp:term":[{"taxonomy":"product_brand","embeddable":true,"href":"https:\/\/www.ceramicbasin.com\/pt\/wp-json\/wp\/v2\/product_brand?post=9234"},{"taxonomy":"product_cat","embeddable":true,"href":"https:\/\/www.ceramicbasin.com\/pt\/wp-json\/wp\/v2\/product_cat?post=9234"},{"taxonomy":"product_tag","embeddable":true,"href":"https:\/\/www.ceramicbasin.com\/pt\/wp-json\/wp\/v2\/product_tag?post=9234"}],"curies":[{"name":"wp","href":"https:\/\/api.w.org\/{rel}","templated":true}]}}