{"id":9235,"date":"2026-03-12T10:08:09","date_gmt":"2026-03-12T10:08:09","guid":{"rendered":"https:\/\/www.ceramicbasin.com\/?post_type=product&#038;p=9235"},"modified":"2026-03-21T08:34:31","modified_gmt":"2026-03-21T08:34:31","slug":"glass-bowl-sink-wholesale","status":"publish","type":"product","link":"https:\/\/www.ceramicbasin.com\/pt\/produto\/glass-bowl-sink-wholesale\/","title":{"rendered":"Pia de tigela de vidro por atacado, bacia de vaso de vidro de cor personalizada"},"content":{"rendered":"<div class=\"wp-block-columns is-layout-flex wp-container-core-columns-is-layout-9d6595d7 wp-block-columns-is-layout-flex\">\n<div class=\"wp-block-column is-layout-flow wp-block-column-is-layout-flow\">\n<h2 class=\"wp-block-heading\">Lavat\u00f3rio de vidro Premium por atacado Carater\u00edsticas:<\/h2>\n\n\n\n<ul class=\"wp-block-list\">\n<li><strong>Design requintado:<\/strong> Este lavat\u00f3rio de ta\u00e7a de vidro por atacado foi concebido num estilo moderno, com linhas bonitas e adequado a todos os tipos de disposi\u00e7\u00f5es de casa de banho, promovendo a beleza do espa\u00e7o como um todo.<\/li>\n\n\n\n<li><strong>F\u00e1cil de limpar:<\/strong> Com uma superf\u00edcie de vidro lisa, este lava-loi\u00e7a de vidro por atacado \u00e9 resistente a quaisquer manchas ou bolor, f\u00e1cil de limpar e manter, garantindo higiene e arruma\u00e7\u00e3o na utiliza\u00e7\u00e3o di\u00e1ria.<\/li>\n\n\n\n<li><strong>Material de vidro de alta qualidade:<\/strong> O lava-loi\u00e7a de vidro por atacado \u00e9 feito de vidro de alta qualidade com elevada transpar\u00eancia e textura delicada, que tem excelentes efeitos visuais e sentido moderno, garantindo a durabilidade e a beleza do produto.<\/li>\n\n\n\n<li><strong>V\u00e1rias op\u00e7\u00f5es de cores: <\/strong>A nossa bacia para vasos de cor personalizada a granel oferece uma vasta gama de op\u00e7\u00f5es de cores, desde o cl\u00e1ssico transparente \u00e0s cores da moda, para satisfazer diferentes estilos de decora\u00e7\u00e3o e prefer\u00eancias pessoais, acrescentando cores \u00fanicas e personalidade \u00e0 casa de banho.<\/li>\n\n\n\n<li><strong>Suporte \u00e0 personaliza\u00e7\u00e3o por atacado:<\/strong> A nossa bacia para recipientes a cores personalizada a granel \u00e9 ideal para grossistas, distribuidores e compradores de projectos. As op\u00e7\u00f5es de personaliza\u00e7\u00e3o incluem tamanho, cor, impress\u00e3o do log\u00f3tipo, embalagem e produ\u00e7\u00e3o a granel para satisfazer as diferentes necessidades do mercado.<\/li>\n<\/ul>\n<\/div>\n\n\n\n<div class=\"wp-block-column is-layout-flow wp-block-column-is-layout-flow\">\n<figure class=\"wp-block-image size-full\"><img fetchpriority=\"high\" decoding=\"async\" width=\"532\" height=\"448\" src=\"https:\/\/www.ceramicbasin.com\/wp-content\/uploads\/2026\/03\/Wholesale-glass-sinks-bowlcustom-color-bowl-vessel-1.webp\" alt=\"lavat\u00f3rio de vidro - venda por grosso - lavat\u00f3rio de vaso de cor personalizada - 1\" class=\"wp-image-9209\" srcset=\"https:\/\/www.ceramicbasin.com\/wp-content\/uploads\/2026\/03\/Wholesale-glass-sinks-bowlcustom-color-bowl-vessel-1.webp 532w, https:\/\/www.ceramicbasin.com\/wp-content\/uploads\/2026\/03\/Wholesale-glass-sinks-bowlcustom-color-bowl-vessel-1-300x253.webp 300w, https:\/\/www.ceramicbasin.com\/wp-content\/uploads\/2026\/03\/Wholesale-glass-sinks-bowlcustom-color-bowl-vessel-1-14x12.webp 14w, https:\/\/www.ceramicbasin.com\/wp-content\/uploads\/2026\/03\/Wholesale-glass-sinks-bowlcustom-color-bowl-vessel-1-285x240.webp 285w, https:\/\/www.ceramicbasin.com\/wp-content\/uploads\/2026\/03\/Wholesale-glass-sinks-bowlcustom-color-bowl-vessel-1-150x126.webp 150w\" sizes=\"(max-width: 532px) 100vw, 532px\" \/><\/figure>\n<\/div>\n<\/div>","protected":false},"excerpt":{"rendered":"<p>Bem-vindo a comprar o nosso lava-loi\u00e7a de vidro por atacado, que oferece uma vasta gama de op\u00e7\u00f5es de cores, desde o cl\u00e1ssico transparente \u00e0s cores da moda, para satisfazer diferentes estilos de decora\u00e7\u00e3o e prefer\u00eancias pessoais, acrescentando cores \u00fanicas e personalidade \u00e0 casa de banho.<\/p>\n<table style=\"border-collapse: collapse; width: 358.52pt;\" border=\"0\" width=\"478\" cellspacing=\"0\" cellpadding=\"0\">\n<tbody>\n<tr style=\"height: 17.25pt;\">\n<td class=\"et3\" style=\"height: 17.25pt; width: 125.00pt;\" width=\"166\" height=\"23\">Fabricante<\/td>\n<td class=\"et3\" style=\"width: 234.15pt;\" width=\"312\">HanYu<\/td>\n<\/tr>\n<tr style=\"height: 17.25pt;\">\n<td class=\"et3\" style=\"height: 17.25pt;\" height=\"23\">Modelo n.<\/td>\n<td class=\"et4\">HY-GL47<\/td>\n<\/tr>\n<tr style=\"height: 17.25pt;\">\n<td class=\"et3\" style=\"height: 17.25pt;\" height=\"23\">Tipo<\/td>\n<td class=\"et5\" style=\"width: 234.15pt;\" width=\"312\">Lavat\u00f3rio de vidro<\/td>\n<\/tr>\n<tr style=\"height: 18.00pt;\">\n<td class=\"et3\" style=\"height: 18.00pt;\" height=\"24\">Forma<\/td>\n<td class=\"et3\">Forma retangular<\/td>\n<\/tr>\n<tr style=\"height: 34.50pt;\">\n<td class=\"et4\" style=\"height: 34.50pt;\" height=\"46\">Cor<\/td>\n<td class=\"et5\" style=\"width: 234.15pt;\" width=\"312\">preto\/branco\/azul\/cinzento\/rosa\/verde\/castanho\/caqui<\/td>\n<\/tr>\n<tr style=\"height: 18.00pt;\">\n<td class=\"et3\" style=\"height: 18.00pt;\" height=\"24\">Dimens\u00e3o<\/td>\n<td class=\"et5\" style=\"width: 234.15pt;\" width=\"312\">44*33*13<\/td>\n<\/tr>\n<tr style=\"height: 17.25pt;\">\n<td class=\"et3\" style=\"height: 17.25pt;\" height=\"23\">N.W \/SET<\/td>\n<td class=\"et3\">8KGS\/PCS<\/td>\n<\/tr>\n<tr style=\"height: 17.25pt;\">\n<td class=\"et3\" style=\"height: 17.25pt;\" height=\"23\">MOQ<\/td>\n<td class=\"et3\">20 unidades<\/td>\n<\/tr>\n<tr style=\"height: 17.25pt;\">\n<td class=\"et3\" style=\"height: 17.25pt;\" height=\"23\">Op\u00e7\u00e3o personalizada<\/td>\n<td class=\"et3\">Cor\/Patente\/Tamanho\/Logotipo\/Embalagem<\/td>\n<\/tr>\n<\/tbody>\n<\/table>","protected":false},"featured_media":9390,"comment_status":"closed","ping_status":"closed","template":"","meta":{"_acf_changed":false},"product_brand":[],"product_cat":[52],"product_tag":[],"class_list":{"0":"post-9235","1":"product","2":"type-product","3":"status-publish","4":"has-post-thumbnail","6":"product_cat-wholesale-glass-vessel-sinks","8":"first","9":"instock","10":"shipping-taxable","11":"product-type-simple"},"acf":[],"_links":{"self":[{"href":"https:\/\/www.ceramicbasin.com\/pt\/wp-json\/wp\/v2\/product\/9235","targetHints":{"allow":["GET"]}}],"collection":[{"href":"https:\/\/www.ceramicbasin.com\/pt\/wp-json\/wp\/v2\/product"}],"about":[{"href":"https:\/\/www.ceramicbasin.com\/pt\/wp-json\/wp\/v2\/types\/product"}],"replies":[{"embeddable":true,"href":"https:\/\/www.ceramicbasin.com\/pt\/wp-json\/wp\/v2\/comments?post=9235"}],"wp:featuredmedia":[{"embeddable":true,"href":"https:\/\/www.ceramicbasin.com\/pt\/wp-json\/wp\/v2\/media\/9390"}],"wp:attachment":[{"href":"https:\/\/www.ceramicbasin.com\/pt\/wp-json\/wp\/v2\/media?parent=9235"}],"wp:term":[{"taxonomy":"product_brand","embeddable":true,"href":"https:\/\/www.ceramicbasin.com\/pt\/wp-json\/wp\/v2\/product_brand?post=9235"},{"taxonomy":"product_cat","embeddable":true,"href":"https:\/\/www.ceramicbasin.com\/pt\/wp-json\/wp\/v2\/product_cat?post=9235"},{"taxonomy":"product_tag","embeddable":true,"href":"https:\/\/www.ceramicbasin.com\/pt\/wp-json\/wp\/v2\/product_tag?post=9235"}],"curies":[{"name":"wp","href":"https:\/\/api.w.org\/{rel}","templated":true}]}}