{"id":9236,"date":"2026-03-12T10:19:51","date_gmt":"2026-03-12T10:19:51","guid":{"rendered":"https:\/\/www.ceramicbasin.com\/?post_type=product&#038;p=9236"},"modified":"2026-03-21T08:41:22","modified_gmt":"2026-03-21T08:41:22","slug":"wholesale-glass-sink-bowl","status":"publish","type":"product","link":"https:\/\/www.ceramicbasin.com\/pt\/produto\/wholesale-glass-sink-bowl\/","title":{"rendered":"Lavat\u00f3rio de vidro por atacado, Lavat\u00f3rio de bancada colorido"},"content":{"rendered":"<div class=\"wp-block-columns is-layout-flex wp-container-core-columns-is-layout-9d6595d7 wp-block-columns-is-layout-flex\">\n<div class=\"wp-block-column is-layout-flow wp-block-column-is-layout-flow\">\n<h2 class=\"wp-block-heading\">Bacia de vidro para lavat\u00f3rio Premium Wholesale Carater\u00edsticas:<\/h2>\n\n\n\n<ul class=\"wp-block-list\">\n<li><strong>Material requintado: <\/strong>Este lavat\u00f3rio de vidro por atacado \u00e9 feito de material de vidro de alta classe, que tem alta transpar\u00eancia, brilho brilhante, e d\u00e1 um efeito visual \u00fanico e sensa\u00e7\u00e3o moderna.<\/li>\n\n\n\n<li><strong>V\u00e1rias op\u00e7\u00f5es de cores:<\/strong> A nossa bacia de vidro para lavat\u00f3rio por atacado oferece uma variedade de cores que podem complementar e combinar com a maioria das decora\u00e7\u00f5es e estilos de interiores, juntamente com as prefer\u00eancias de gosto pessoal, trazendo vibra\u00e7\u00e3o e identidade a uma casa de banho.<\/li>\n\n\n\n<li><strong>Design requintado:<\/strong> Este lava-loi\u00e7a de vidro por atacado foi concebido num estilo moderno, com linhas bonitas e adequado a todos os tipos de disposi\u00e7\u00f5es de casa de banho, promovendo o grau de beleza do espa\u00e7o como um todo.<\/li>\n\n\n\n<li><strong>F\u00e1cil de limpar:<\/strong> Com uma superf\u00edcie de vidro lisa, este lava-loi\u00e7a de vidro por atacado \u00e9 resistente a quaisquer manchas ou bolor, f\u00e1cil de limpar e manter, garantindo higiene e arruma\u00e7\u00e3o na utiliza\u00e7\u00e3o di\u00e1ria.<\/li>\n<\/ul>\n<\/div>\n\n\n\n<div class=\"wp-block-column is-layout-flow wp-block-column-is-layout-flow\">\n<figure class=\"wp-block-image size-full\"><img fetchpriority=\"high\" decoding=\"async\" width=\"710\" height=\"365\" src=\"https:\/\/www.ceramicbasin.com\/wp-content\/uploads\/2026\/03\/Modern-design-top-counter-glass-washbasin-sink-bowl-with-various-colors-9.webp\" alt=\"grossista-vidro-lava-loi\u00e7a-bacia-com-cores-balc\u00e3o-lavat\u00f3rio-9\" class=\"wp-image-9205\" srcset=\"https:\/\/www.ceramicbasin.com\/wp-content\/uploads\/2026\/03\/Modern-design-top-counter-glass-washbasin-sink-bowl-with-various-colors-9.webp 710w, https:\/\/www.ceramicbasin.com\/wp-content\/uploads\/2026\/03\/Modern-design-top-counter-glass-washbasin-sink-bowl-with-various-colors-9-300x154.webp 300w, https:\/\/www.ceramicbasin.com\/wp-content\/uploads\/2026\/03\/Modern-design-top-counter-glass-washbasin-sink-bowl-with-various-colors-9-18x9.webp 18w, https:\/\/www.ceramicbasin.com\/wp-content\/uploads\/2026\/03\/Modern-design-top-counter-glass-washbasin-sink-bowl-with-various-colors-9-285x147.webp 285w, https:\/\/www.ceramicbasin.com\/wp-content\/uploads\/2026\/03\/Modern-design-top-counter-glass-washbasin-sink-bowl-with-various-colors-9-660x339.webp 660w, https:\/\/www.ceramicbasin.com\/wp-content\/uploads\/2026\/03\/Modern-design-top-counter-glass-washbasin-sink-bowl-with-various-colors-9-150x77.webp 150w\" sizes=\"(max-width: 710px) 100vw, 710px\" \/><\/figure>\n<\/div>\n<\/div>","protected":false},"excerpt":{"rendered":"<p>Bem-vindo ao comprar o nosso lavat\u00f3rio de vidro por atacado, que apresenta uma constru\u00e7\u00e3o em vidro temperado dur\u00e1vel e um design elegante de lavat\u00f3rio, oferecendo durabilidade e est\u00e9tica moderna. Com cores, acabamentos e tamanhos personaliz\u00e1veis, este lavat\u00f3rio de cor personalizada \u00e9 ideal para grossistas, marcas de casas de banho e empreiteiros de projectos que procuram solu\u00e7\u00f5es de lavat\u00f3rio elegantes e pr\u00e1ticas.<\/p>\n<table style=\"border-collapse: collapse; width: 358.52pt;\" border=\"0\" width=\"478\" cellspacing=\"0\" cellpadding=\"0\">\n<tbody>\n<tr style=\"height: 17.25pt;\">\n<td class=\"et3\" style=\"height: 17.25pt; width: 125.00pt;\" width=\"166\" height=\"23\">Fabricante<\/td>\n<td class=\"et3\" style=\"width: 234.15pt;\" width=\"312\">HanYu<\/td>\n<\/tr>\n<tr style=\"height: 17.25pt;\">\n<td class=\"et3\" style=\"height: 17.25pt;\" height=\"23\">Modelo n.<\/td>\n<td class=\"et4\">HY-GL66<\/td>\n<\/tr>\n<tr style=\"height: 17.25pt;\">\n<td class=\"et3\" style=\"height: 17.25pt;\" height=\"23\">Tipo<\/td>\n<td class=\"et5\" style=\"width: 234.15pt;\" width=\"312\">Lavat\u00f3rio de vidro<\/td>\n<\/tr>\n<tr style=\"height: 18.00pt;\">\n<td class=\"et3\" style=\"height: 18.00pt;\" height=\"24\">Forma<\/td>\n<td class=\"et3\">Forma oval<\/td>\n<\/tr>\n<tr style=\"height: 34.50pt;\">\n<td class=\"et4\" style=\"height: 34.50pt;\" height=\"46\">Cor<\/td>\n<td class=\"et5\" style=\"width: 234.15pt;\" width=\"312\">preto\/branco\/azul\/cinzento\/rosa\/verde\/castanho\/caqui<\/td>\n<\/tr>\n<tr style=\"height: 18.00pt;\">\n<td class=\"et3\" style=\"height: 18.00pt;\" height=\"24\">Dimens\u00e3o<\/td>\n<td class=\"et5\" style=\"width: 234.15pt;\" width=\"312\">50*36*16<\/td>\n<\/tr>\n<tr style=\"height: 17.25pt;\">\n<td class=\"et3\" style=\"height: 17.25pt;\" height=\"23\">N.W \/SET<\/td>\n<td class=\"et3\">10KGS\/PCS<\/td>\n<\/tr>\n<tr style=\"height: 17.25pt;\">\n<td class=\"et3\" style=\"height: 17.25pt;\" height=\"23\">MOQ<\/td>\n<td class=\"et3\">20 unidades<\/td>\n<\/tr>\n<tr style=\"height: 17.25pt;\">\n<td class=\"et3\" style=\"height: 17.25pt;\" height=\"23\">Op\u00e7\u00e3o personalizada<\/td>\n<td class=\"et3\">Cor\/Patente\/Tamanho\/Logotipo\/Embalagem<\/td>\n<\/tr>\n<\/tbody>\n<\/table>","protected":false},"featured_media":9404,"comment_status":"closed","ping_status":"closed","template":"","meta":{"_acf_changed":false},"product_brand":[],"product_cat":[52],"product_tag":[],"class_list":{"0":"post-9236","1":"product","2":"type-product","3":"status-publish","4":"has-post-thumbnail","6":"product_cat-wholesale-glass-vessel-sinks","8":"first","9":"instock","10":"shipping-taxable","11":"product-type-simple"},"acf":[],"_links":{"self":[{"href":"https:\/\/www.ceramicbasin.com\/pt\/wp-json\/wp\/v2\/product\/9236","targetHints":{"allow":["GET"]}}],"collection":[{"href":"https:\/\/www.ceramicbasin.com\/pt\/wp-json\/wp\/v2\/product"}],"about":[{"href":"https:\/\/www.ceramicbasin.com\/pt\/wp-json\/wp\/v2\/types\/product"}],"replies":[{"embeddable":true,"href":"https:\/\/www.ceramicbasin.com\/pt\/wp-json\/wp\/v2\/comments?post=9236"}],"wp:featuredmedia":[{"embeddable":true,"href":"https:\/\/www.ceramicbasin.com\/pt\/wp-json\/wp\/v2\/media\/9404"}],"wp:attachment":[{"href":"https:\/\/www.ceramicbasin.com\/pt\/wp-json\/wp\/v2\/media?parent=9236"}],"wp:term":[{"taxonomy":"product_brand","embeddable":true,"href":"https:\/\/www.ceramicbasin.com\/pt\/wp-json\/wp\/v2\/product_brand?post=9236"},{"taxonomy":"product_cat","embeddable":true,"href":"https:\/\/www.ceramicbasin.com\/pt\/wp-json\/wp\/v2\/product_cat?post=9236"},{"taxonomy":"product_tag","embeddable":true,"href":"https:\/\/www.ceramicbasin.com\/pt\/wp-json\/wp\/v2\/product_tag?post=9236"}],"curies":[{"name":"wp","href":"https:\/\/api.w.org\/{rel}","templated":true}]}}