{"id":9249,"date":"2026-03-10T08:39:13","date_gmt":"2026-03-10T08:39:13","guid":{"rendered":"https:\/\/www.ceramicbasin.com\/?post_type=product&#038;p=9249"},"modified":"2026-03-12T17:06:40","modified_gmt":"2026-03-12T17:06:40","slug":"bathroom-vessel-sinks-wholesale","status":"publish","type":"product","link":"https:\/\/www.ceramicbasin.com\/pt\/produto\/bathroom-vessel-sinks-wholesale\/","title":{"rendered":"Pias de vaso de casa de banho por atacado, bacia vidrada azul feita \u00e0 m\u00e3o"},"content":{"rendered":"<div class=\"wp-block-columns is-layout-flex wp-container-core-columns-is-layout-9d6595d7 wp-block-columns-is-layout-flex\">\n<div class=\"wp-block-column is-layout-flow wp-block-column-is-layout-flow\">\n<h2 class=\"wp-block-heading\">Pias de vaso de casa de banho Premium Carater\u00edsticas por atacado:<\/h2>\n\n\n\n<ul class=\"wp-block-list\">\n<li><strong>Desenho de pintura chinesa feito \u00e0 m\u00e3o:<\/strong> Os lavat\u00f3rios para casa de banho por atacado s\u00e3o cuidadosamente trabalhados com t\u00e9cnicas tradicionais chinesas de pintura \u00e0 m\u00e3o. As decora\u00e7\u00f5es art\u00edsticas em azul tornam o lavat\u00f3rio numa pe\u00e7a cultural \u00fanica, ideal para hot\u00e9is boutique, casas de banho de luxo ou projectos de interiores de designers.<\/li>\n\n\n\n<li><strong>Constru\u00e7\u00e3o em cer\u00e2mica de alta qualidade:<\/strong> Os lavat\u00f3rios de casa de banho por atacado s\u00e3o feitos de material cer\u00e2mico de alta qualidade e cozidos a alta temperatura, a bacia tem boa durabilidade, resist\u00eancia a fissuras e utiliza\u00e7\u00e3o a longo prazo. O corpo cer\u00e2mico compacto garante uma baixa absor\u00e7\u00e3o de \u00e1gua e uma estrutura s\u00f3lida.<\/li>\n\n\n\n<li><strong>Superf\u00edcie vidrada azul:<\/strong> O acabamento em esmalte azul liso do lavat\u00f3rio de cer\u00e2mica personalizado melhora o aspeto visual, ao mesmo tempo que proporciona uma superf\u00edcie resistente a manchas e f\u00e1cil de limpar. O esmalte protege a obra de arte e mant\u00e9m o brilho da cor mesmo ap\u00f3s uma utiliza\u00e7\u00e3o prolongada.<\/li>\n\n\n\n<li><strong>Design do recipiente acima do balc\u00e3o:<\/strong> Criado para instala\u00e7\u00e3o acima do balc\u00e3o, o lavat\u00f3rio de cer\u00e2mica personalizado oferece um ponto focal moderno e sofisticado \u00e0s \u00e1reas de banho. Adapta-se \u00e0 maioria dos tampos de casa de banho e torneiras normais.<\/li>\n<\/ul>\n<\/div>\n\n\n\n<div class=\"wp-block-column is-layout-flow wp-block-column-is-layout-flow\">\n<figure class=\"wp-block-image size-full\"><img fetchpriority=\"high\" decoding=\"async\" width=\"800\" height=\"800\" src=\"https:\/\/www.ceramicbasin.com\/wp-content\/uploads\/2026\/03\/sink-custom\uff0cbathroom-sinks-vanity\uff0ccountertop-sinks4.webp\" alt=\"lavat\u00f3rios de casa de banho - venda por grosso - lavat\u00f3rio azul vidrado - 4\" class=\"wp-image-9254\" srcset=\"https:\/\/www.ceramicbasin.com\/wp-content\/uploads\/2026\/03\/sink-custom\uff0cbathroom-sinks-vanity\uff0ccountertop-sinks4.webp 800w, https:\/\/www.ceramicbasin.com\/wp-content\/uploads\/2026\/03\/sink-custom\uff0cbathroom-sinks-vanity\uff0ccountertop-sinks4-300x300.webp 300w, https:\/\/www.ceramicbasin.com\/wp-content\/uploads\/2026\/03\/sink-custom\uff0cbathroom-sinks-vanity\uff0ccountertop-sinks4-150x150.webp 150w, https:\/\/www.ceramicbasin.com\/wp-content\/uploads\/2026\/03\/sink-custom\uff0cbathroom-sinks-vanity\uff0ccountertop-sinks4-768x768.webp 768w, https:\/\/www.ceramicbasin.com\/wp-content\/uploads\/2026\/03\/sink-custom\uff0cbathroom-sinks-vanity\uff0ccountertop-sinks4-12x12.webp 12w, https:\/\/www.ceramicbasin.com\/wp-content\/uploads\/2026\/03\/sink-custom\uff0cbathroom-sinks-vanity\uff0ccountertop-sinks4-285x285.webp 285w, https:\/\/www.ceramicbasin.com\/wp-content\/uploads\/2026\/03\/sink-custom\uff0cbathroom-sinks-vanity\uff0ccountertop-sinks4-270x270.webp 270w, https:\/\/www.ceramicbasin.com\/wp-content\/uploads\/2026\/03\/sink-custom\uff0cbathroom-sinks-vanity\uff0ccountertop-sinks4-540x540.webp 540w, https:\/\/www.ceramicbasin.com\/wp-content\/uploads\/2026\/03\/sink-custom\uff0cbathroom-sinks-vanity\uff0ccountertop-sinks4-660x660.webp 660w\" sizes=\"(max-width: 800px) 100vw, 800px\" \/><\/figure>\n<\/div>\n<\/div>","protected":false},"excerpt":{"rendered":"<p>Bem-vindo a comprar os nossos lavat\u00f3rios de casa de banho por atacado, que apresentam um design de pintura chinesa feita \u00e0 m\u00e3o com um acabamento vidrado azul. Adequado para grossistas, distribuidores de artigos sanit\u00e1rios, designers de interiores e fornecedores de projectos de hotelaria que procuram lavat\u00f3rios de cer\u00e2mica art\u00edstica com uma forte identidade visual.<\/p>\n<table border=\"0\" width=\"311\" cellspacing=\"0\" cellpadding=\"0\">\n<tbody>\n<tr>\n<td width=\"108\" height=\"17\">Fabricante<\/td>\n<td width=\"202\">HanYu<\/td>\n<\/tr>\n<tr>\n<td height=\"17\">Modelo n.<\/td>\n<td>HY-9001<\/td>\n<\/tr>\n<tr>\n<td height=\"17\">Tipo<\/td>\n<td>Lavat\u00f3rio mate, Lavat\u00f3rio de bancada<\/td>\n<\/tr>\n<tr>\n<td height=\"17\">Forma<\/td>\n<td>Forma redonda<\/td>\n<\/tr>\n<tr>\n<td height=\"36\">Cor<\/td>\n<td width=\"202\">Preto\/branco\/azul\/cinza\/rosa\/verde\/castanho\/caqui......<\/td>\n<\/tr>\n<tr>\n<td height=\"18\">Dimens\u00e3o<\/td>\n<td width=\"202\">36*36*13<\/td>\n<\/tr>\n<tr>\n<td height=\"17\">N.W \/SET<\/td>\n<td>10KGS\/PCS<\/td>\n<\/tr>\n<tr>\n<td height=\"17\">MOQ<\/td>\n<td>20 unidades<\/td>\n<\/tr>\n<tr>\n<td height=\"17\">Op\u00e7\u00e3o personalizada<\/td>\n<td>Cor\/Patente\/Tamanho\/Logotipo\/Embalagem<\/td>\n<\/tr>\n<\/tbody>\n<\/table>","protected":false},"featured_media":9250,"comment_status":"closed","ping_status":"closed","template":"","meta":{"_acf_changed":false},"product_brand":[],"product_cat":[50,55],"product_tag":[],"class_list":{"0":"post-9249","1":"product","2":"type-product","3":"status-publish","4":"has-post-thumbnail","6":"product_cat-wholesale-countertop-sinks","7":"product_cat-wholesale-matte-sinks","9":"first","10":"instock","11":"shipping-taxable","12":"product-type-simple"},"acf":[],"_links":{"self":[{"href":"https:\/\/www.ceramicbasin.com\/pt\/wp-json\/wp\/v2\/product\/9249","targetHints":{"allow":["GET"]}}],"collection":[{"href":"https:\/\/www.ceramicbasin.com\/pt\/wp-json\/wp\/v2\/product"}],"about":[{"href":"https:\/\/www.ceramicbasin.com\/pt\/wp-json\/wp\/v2\/types\/product"}],"replies":[{"embeddable":true,"href":"https:\/\/www.ceramicbasin.com\/pt\/wp-json\/wp\/v2\/comments?post=9249"}],"wp:featuredmedia":[{"embeddable":true,"href":"https:\/\/www.ceramicbasin.com\/pt\/wp-json\/wp\/v2\/media\/9250"}],"wp:attachment":[{"href":"https:\/\/www.ceramicbasin.com\/pt\/wp-json\/wp\/v2\/media?parent=9249"}],"wp:term":[{"taxonomy":"product_brand","embeddable":true,"href":"https:\/\/www.ceramicbasin.com\/pt\/wp-json\/wp\/v2\/product_brand?post=9249"},{"taxonomy":"product_cat","embeddable":true,"href":"https:\/\/www.ceramicbasin.com\/pt\/wp-json\/wp\/v2\/product_cat?post=9249"},{"taxonomy":"product_tag","embeddable":true,"href":"https:\/\/www.ceramicbasin.com\/pt\/wp-json\/wp\/v2\/product_tag?post=9249"}],"curies":[{"name":"wp","href":"https:\/\/api.w.org\/{rel}","templated":true}]}}