{"id":9264,"date":"2026-03-11T01:55:15","date_gmt":"2026-03-11T01:55:15","guid":{"rendered":"https:\/\/www.ceramicbasin.com\/?post_type=product&#038;p=9264"},"modified":"2026-03-13T03:10:59","modified_gmt":"2026-03-13T03:10:59","slug":"vessel-bathroom-sinks-wholesale","status":"publish","type":"product","link":"https:\/\/www.ceramicbasin.com\/pt\/produto\/vessel-bathroom-sinks-wholesale\/","title":{"rendered":"Pias de casa de banho de vaso de hotel por atacado, fornecimento de bacia redonda"},"content":{"rendered":"<div class=\"wp-block-columns is-layout-flex wp-container-core-columns-is-layout-9d6595d7 wp-block-columns-is-layout-flex\">\n<div class=\"wp-block-column is-layout-flow wp-block-column-is-layout-flow\">\n<h2 class=\"wp-block-heading\">Pias de casa de banho de vaso de hotel Premium Carater\u00edsticas por atacado:<\/h2>\n\n\n\n<ul class=\"wp-block-list\">\n<li><strong>Material cer\u00e2mico de qualidade superior com esmalte duradouro:<\/strong> Os lavat\u00f3rios de casa de banho de hotel por atacado s\u00e3o fabricados em cer\u00e2mica cozida de alta qualidade; a bacia apresenta um esmalte liso e n\u00e3o poroso que resiste a manchas, riscos e desbotamento. A superf\u00edcie mant\u00e9m o seu brilho mesmo ap\u00f3s uma utiliza\u00e7\u00e3o prolongada.<\/li>\n\n\n\n<li><strong>Textura mate:<\/strong> O tratamento mate da superf\u00edcie deste lavat\u00f3rio de bancada personalizado confere-lhe um toque discreto e moderno e um toque delicado, sendo f\u00e1cil de limpar e adequado para fam\u00edlias modernas que procuram um estilo minimalista.<\/li>\n\n\n\n<li><strong>Instala\u00e7\u00e3o de vasos de bancada:<\/strong> O design em estilo de recipiente permite que o lavat\u00f3rio de bancada personalizado fique por cima da bancada, criando um ponto focal elegante e simplificando a instala\u00e7\u00e3o em compara\u00e7\u00e3o com os lavat\u00f3rios tradicionais de montagem inferior.<\/li>\n\n\n\n<li><strong>Fornecimento por grosso e op\u00e7\u00f5es de personaliza\u00e7\u00e3o:<\/strong> Os lavat\u00f3rios de casa de banho com recipiente para hotel est\u00e3o dispon\u00edveis para encomendas a granel, com suporte para servi\u00e7o de personaliza\u00e7\u00e3o OEM\/ODM, incluindo impress\u00e3o de log\u00f3tipo, ajustes de cor, design de embalagem e modifica\u00e7\u00f5es de tamanho, etc.<\/li>\n<\/ul>\n<\/div>\n\n\n\n<div class=\"wp-block-column is-layout-flow wp-block-column-is-layout-flow\">\n<figure class=\"wp-block-image size-full\"><img fetchpriority=\"high\" decoding=\"async\" width=\"800\" height=\"800\" src=\"https:\/\/www.ceramicbasin.com\/wp-content\/uploads\/2026\/03\/porcelain-vanity-sink\uff0cvanity-sinks-for-bathroom\uff0ccountertop-sinks5.webp\" alt=\"pias de casa de banho de hotel-vaso-subsist\u00eancia de lavat\u00f3rio redondo-5\" class=\"wp-image-9270\" srcset=\"https:\/\/www.ceramicbasin.com\/wp-content\/uploads\/2026\/03\/porcelain-vanity-sink\uff0cvanity-sinks-for-bathroom\uff0ccountertop-sinks5.webp 800w, https:\/\/www.ceramicbasin.com\/wp-content\/uploads\/2026\/03\/porcelain-vanity-sink\uff0cvanity-sinks-for-bathroom\uff0ccountertop-sinks5-300x300.webp 300w, https:\/\/www.ceramicbasin.com\/wp-content\/uploads\/2026\/03\/porcelain-vanity-sink\uff0cvanity-sinks-for-bathroom\uff0ccountertop-sinks5-150x150.webp 150w, https:\/\/www.ceramicbasin.com\/wp-content\/uploads\/2026\/03\/porcelain-vanity-sink\uff0cvanity-sinks-for-bathroom\uff0ccountertop-sinks5-768x768.webp 768w, https:\/\/www.ceramicbasin.com\/wp-content\/uploads\/2026\/03\/porcelain-vanity-sink\uff0cvanity-sinks-for-bathroom\uff0ccountertop-sinks5-12x12.webp 12w, https:\/\/www.ceramicbasin.com\/wp-content\/uploads\/2026\/03\/porcelain-vanity-sink\uff0cvanity-sinks-for-bathroom\uff0ccountertop-sinks5-285x285.webp 285w, https:\/\/www.ceramicbasin.com\/wp-content\/uploads\/2026\/03\/porcelain-vanity-sink\uff0cvanity-sinks-for-bathroom\uff0ccountertop-sinks5-270x270.webp 270w, https:\/\/www.ceramicbasin.com\/wp-content\/uploads\/2026\/03\/porcelain-vanity-sink\uff0cvanity-sinks-for-bathroom\uff0ccountertop-sinks5-540x540.webp 540w, https:\/\/www.ceramicbasin.com\/wp-content\/uploads\/2026\/03\/porcelain-vanity-sink\uff0cvanity-sinks-for-bathroom\uff0ccountertop-sinks5-660x660.webp 660w\" sizes=\"(max-width: 800px) 100vw, 800px\" \/><\/figure>\n<\/div>\n<\/div>","protected":false},"excerpt":{"rendered":"<p>Bem-vindo ao comprar por atacado os nossos lavat\u00f3rios de casa de banho de vasos de hotel redondos azuis de estilo americano, concebidos para projectos de hot\u00e9is, grossistas e distribuidores de casas de banho que procuram bacias de bancada de cer\u00e2mica premium. Fabricado em cer\u00e2mica vidrada de alta qualidade, \u00e9 dur\u00e1vel e f\u00e1cil de limpar, com um design elegante que complementa os interiores contempor\u00e2neos das casas de banho.<\/p>\n<table style=\"border-collapse: collapse; width: 311.02pt;\" border=\"0\" width=\"311\" cellspacing=\"0\" cellpadding=\"0\">\n<tbody>\n<tr style=\"height: 17.60pt;\">\n<td class=\"et3\" style=\"height: 17.60pt; width: 108.35pt;\" width=\"108\" height=\"17\">Fabricante<\/td>\n<td class=\"et3\" style=\"width: 202.95pt;\" width=\"202\">HanYu<\/td>\n<\/tr>\n<tr style=\"height: 17.60pt;\">\n<td class=\"et3\" style=\"height: 17.60pt;\" height=\"17\">Modelo n.<\/td>\n<td class=\"et4\">HY-9003<\/td>\n<\/tr>\n<tr style=\"height: 17.60pt;\">\n<td class=\"et3\" style=\"height: 17.60pt;\" height=\"17\">Tipo<\/td>\n<td class=\"et3\">Lavat\u00f3rio mate, Lavat\u00f3rio de bancada<\/td>\n<\/tr>\n<tr style=\"height: 17.60pt;\">\n<td class=\"et3\" style=\"height: 17.60pt;\" height=\"17\">Forma<\/td>\n<td class=\"et3\">Forma redonda<\/td>\n<\/tr>\n<tr style=\"height: 36.00pt;\">\n<td class=\"et4\" style=\"height: 36.00pt;\" height=\"36\">Cor<\/td>\n<td class=\"et5\" style=\"width: 202.95pt;\" width=\"202\">Preto\/branco\/azul\/cinza\/rosa\/verde\/castanho\/caqui......<\/td>\n<\/tr>\n<tr style=\"height: 18.00pt;\">\n<td class=\"et3\" style=\"height: 18.00pt;\" height=\"18\">Dimens\u00e3o<\/td>\n<td class=\"et5\" style=\"width: 202.95pt;\" width=\"202\">40*40*15<\/td>\n<\/tr>\n<tr style=\"height: 17.60pt;\">\n<td class=\"et3\" style=\"height: 17.60pt;\" height=\"17\">N.W \/SET<\/td>\n<td class=\"et3\">12KGS\/PCS<\/td>\n<\/tr>\n<tr style=\"height: 17.60pt;\">\n<td class=\"et3\" style=\"height: 17.60pt;\" height=\"17\">MOQ<\/td>\n<td class=\"et3\">10 unidades<\/td>\n<\/tr>\n<tr style=\"height: 17.60pt;\">\n<td class=\"et3\" style=\"height: 17.60pt;\" height=\"17\">Op\u00e7\u00e3o personalizada<\/td>\n<td class=\"et3\">Cor\/Patente\/Tamanho\/Logotipo\/Embalagem<\/td>\n<\/tr>\n<\/tbody>\n<\/table>","protected":false},"featured_media":9268,"comment_status":"closed","ping_status":"closed","template":"","meta":{"_acf_changed":false},"product_brand":[],"product_cat":[50,55],"product_tag":[],"class_list":{"0":"post-9264","1":"product","2":"type-product","3":"status-publish","4":"has-post-thumbnail","6":"product_cat-wholesale-countertop-sinks","7":"product_cat-wholesale-matte-sinks","9":"first","10":"instock","11":"shipping-taxable","12":"product-type-simple"},"acf":[],"_links":{"self":[{"href":"https:\/\/www.ceramicbasin.com\/pt\/wp-json\/wp\/v2\/product\/9264","targetHints":{"allow":["GET"]}}],"collection":[{"href":"https:\/\/www.ceramicbasin.com\/pt\/wp-json\/wp\/v2\/product"}],"about":[{"href":"https:\/\/www.ceramicbasin.com\/pt\/wp-json\/wp\/v2\/types\/product"}],"replies":[{"embeddable":true,"href":"https:\/\/www.ceramicbasin.com\/pt\/wp-json\/wp\/v2\/comments?post=9264"}],"wp:featuredmedia":[{"embeddable":true,"href":"https:\/\/www.ceramicbasin.com\/pt\/wp-json\/wp\/v2\/media\/9268"}],"wp:attachment":[{"href":"https:\/\/www.ceramicbasin.com\/pt\/wp-json\/wp\/v2\/media?parent=9264"}],"wp:term":[{"taxonomy":"product_brand","embeddable":true,"href":"https:\/\/www.ceramicbasin.com\/pt\/wp-json\/wp\/v2\/product_brand?post=9264"},{"taxonomy":"product_cat","embeddable":true,"href":"https:\/\/www.ceramicbasin.com\/pt\/wp-json\/wp\/v2\/product_cat?post=9264"},{"taxonomy":"product_tag","embeddable":true,"href":"https:\/\/www.ceramicbasin.com\/pt\/wp-json\/wp\/v2\/product_tag?post=9264"}],"curies":[{"name":"wp","href":"https:\/\/api.w.org\/{rel}","templated":true}]}}