{"id":9271,"date":"2026-03-11T02:39:19","date_gmt":"2026-03-11T02:39:19","guid":{"rendered":"https:\/\/www.ceramicbasin.com\/?post_type=product&#038;p=9271"},"modified":"2026-03-13T09:40:47","modified_gmt":"2026-03-13T09:40:47","slug":"wholesale-porcelain-wash-basin","status":"publish","type":"product","link":"https:\/\/www.ceramicbasin.com\/pt\/produto\/wholesale-porcelain-wash-basin\/","title":{"rendered":"Lavat\u00f3rio de porcelana por atacado, Fornecimento de lavat\u00f3rios de casa de banho de hotel"},"content":{"rendered":"<div class=\"wp-block-columns is-layout-flex wp-container-core-columns-is-layout-9d6595d7 wp-block-columns-is-layout-flex\">\n<div class=\"wp-block-column is-layout-flow wp-block-column-is-layout-flow\">\n<h2 class=\"wp-block-heading\">Lavat\u00f3rio de Porcelana Premium Blue Glazed Single Wholesale Carater\u00edsticas:<\/h2>\n\n\n\n<ul class=\"wp-block-list\">\n<li><strong>Conce\u00e7\u00e3o art\u00edstica: <\/strong>O lavat\u00f3rio de porcelana por atacado combina luxo e beleza art\u00edstica. O estilo retangular est\u00e1 na moda e \u00e9 requintado, possuindo uma forma \u00fanica e detalhes meticulosos, o que d\u00e1 uma sensa\u00e7\u00e3o de ornamenta\u00e7\u00e3o art\u00edstica contempor\u00e2nea ao espa\u00e7o da casa de banho.<\/li>\n\n\n\n<li><strong>Poupan\u00e7a de custos: <\/strong>O nosso lavat\u00f3rio de porcelana por atacado combina uma est\u00e9tica de design simples com uma funcionalidade pr\u00e1tica, uma escolha ideal para casas de banho com estilo. Lavat\u00f3rios de casa de banho por atacado a pre\u00e7os razo\u00e1veis e entrega r\u00e1pida para satisfazer as necessidades de grandes encomendas, assegurando simultaneamente a qualidade do produto.<\/li>\n\n\n\n<li><strong>Azul menta fresco, criando uma atmosfera confort\u00e1vel: <\/strong>Este tampo de casa de banho personalizado utiliza um esmalte mate azul menta suave, apresentando um efeito visual fresco e natural, acrescentando um toque de eleg\u00e2ncia ao espa\u00e7o de banho comercial, criando uma atmosfera relaxante e confort\u00e1vel, e \u00e9 adequado para designs de interiores modernos, n\u00f3rdicos e minimalistas.<\/li>\n\n\n\n<li><strong>Superf\u00edcie higi\u00e9nica f\u00e1cil de limpar:<\/strong> O esmalte cer\u00e2mico liso evita a acumula\u00e7\u00e3o de sujidade e torna a limpeza r\u00e1pida e f\u00e1cil, o que \u00e9 especialmente importante para ambientes de hotelaria onde a higiene e a efici\u00eancia s\u00e3o essenciais.<\/li>\n<\/ul>\n<\/div>\n\n\n\n<div class=\"wp-block-column is-layout-flow wp-block-column-is-layout-flow\">\n<figure class=\"wp-block-image size-full\"><img fetchpriority=\"high\" decoding=\"async\" width=\"800\" height=\"800\" src=\"https:\/\/www.ceramicbasin.com\/wp-content\/uploads\/2026\/03\/bathroom-sink-countertops\uff0cvanity-sinks-for-bathroom\uff0cceramic-sinks5.webp\" alt=\"grossista-porcelana-lavat\u00f3rio-hotel-pias-banheiro-fornecimento-5\" class=\"wp-image-9277\" srcset=\"https:\/\/www.ceramicbasin.com\/wp-content\/uploads\/2026\/03\/bathroom-sink-countertops\uff0cvanity-sinks-for-bathroom\uff0cceramic-sinks5.webp 800w, https:\/\/www.ceramicbasin.com\/wp-content\/uploads\/2026\/03\/bathroom-sink-countertops\uff0cvanity-sinks-for-bathroom\uff0cceramic-sinks5-300x300.webp 300w, https:\/\/www.ceramicbasin.com\/wp-content\/uploads\/2026\/03\/bathroom-sink-countertops\uff0cvanity-sinks-for-bathroom\uff0cceramic-sinks5-150x150.webp 150w, https:\/\/www.ceramicbasin.com\/wp-content\/uploads\/2026\/03\/bathroom-sink-countertops\uff0cvanity-sinks-for-bathroom\uff0cceramic-sinks5-768x768.webp 768w, https:\/\/www.ceramicbasin.com\/wp-content\/uploads\/2026\/03\/bathroom-sink-countertops\uff0cvanity-sinks-for-bathroom\uff0cceramic-sinks5-12x12.webp 12w, https:\/\/www.ceramicbasin.com\/wp-content\/uploads\/2026\/03\/bathroom-sink-countertops\uff0cvanity-sinks-for-bathroom\uff0cceramic-sinks5-285x285.webp 285w, https:\/\/www.ceramicbasin.com\/wp-content\/uploads\/2026\/03\/bathroom-sink-countertops\uff0cvanity-sinks-for-bathroom\uff0cceramic-sinks5-270x270.webp 270w, https:\/\/www.ceramicbasin.com\/wp-content\/uploads\/2026\/03\/bathroom-sink-countertops\uff0cvanity-sinks-for-bathroom\uff0cceramic-sinks5-540x540.webp 540w, https:\/\/www.ceramicbasin.com\/wp-content\/uploads\/2026\/03\/bathroom-sink-countertops\uff0cvanity-sinks-for-bathroom\uff0cceramic-sinks5-660x660.webp 660w\" sizes=\"(max-width: 800px) 100vw, 800px\" \/><\/figure>\n<\/div>\n<\/div>","protected":false},"excerpt":{"rendered":"<p>Bem-vindo ao comprar o nosso lavat\u00f3rio de porcelana por atacado, que combina uma est\u00e9tica de design simples com funcionalidade pr\u00e1tica, uma escolha ideal para projectos de hotelaria. Dispon\u00edvel para fornecimento por grosso e personaliza\u00e7\u00e3o OEM, este lavat\u00f3rio de cer\u00e2mica ajuda os compradores B2B a criar solu\u00e7\u00f5es de casa de banho topo de gama, garantindo simultaneamente uma qualidade fi\u00e1vel, pre\u00e7os competitivos e um fornecimento est\u00e1vel a granel para projectos hoteleiros e comerciais.<\/p>\n<table border=\"0\" width=\"311\" cellspacing=\"0\" cellpadding=\"0\">\n<tbody>\n<tr>\n<td width=\"108\" height=\"17\">Fabricante<\/td>\n<td width=\"202\">HanYu<\/td>\n<\/tr>\n<tr>\n<td height=\"17\">Modelo n.<\/td>\n<td>HY-9004<\/td>\n<\/tr>\n<tr>\n<td height=\"17\">Tipo<\/td>\n<td>Lavat\u00f3rio mate, Lavat\u00f3rio de bancada<\/td>\n<\/tr>\n<tr>\n<td height=\"17\">Forma<\/td>\n<td>Forma redonda<\/td>\n<\/tr>\n<tr>\n<td height=\"36\">Cor<\/td>\n<td width=\"202\">Preto\/branco\/azul\/cinza\/rosa\/verde\/castanho\/caqui......<\/td>\n<\/tr>\n<tr>\n<td height=\"18\">Dimens\u00e3o<\/td>\n<td width=\"202\">42*42*12.5<\/td>\n<\/tr>\n<tr>\n<td height=\"17\">N.W \/SET<\/td>\n<td>12KGS\/PCS<\/td>\n<\/tr>\n<tr>\n<td height=\"17\">MOQ<\/td>\n<td>10 unidades<\/td>\n<\/tr>\n<tr>\n<td height=\"17\">Op\u00e7\u00e3o personalizada<\/td>\n<td>Cor\/Patente\/Tamanho\/Logotipo\/Embalagem<\/td>\n<\/tr>\n<\/tbody>\n<\/table>","protected":false},"featured_media":9272,"comment_status":"closed","ping_status":"closed","template":"","meta":{"_acf_changed":false},"product_brand":[],"product_cat":[50,55],"product_tag":[],"class_list":{"0":"post-9271","1":"product","2":"type-product","3":"status-publish","4":"has-post-thumbnail","6":"product_cat-wholesale-countertop-sinks","7":"product_cat-wholesale-matte-sinks","9":"first","10":"instock","11":"shipping-taxable","12":"product-type-simple"},"acf":[],"_links":{"self":[{"href":"https:\/\/www.ceramicbasin.com\/pt\/wp-json\/wp\/v2\/product\/9271","targetHints":{"allow":["GET"]}}],"collection":[{"href":"https:\/\/www.ceramicbasin.com\/pt\/wp-json\/wp\/v2\/product"}],"about":[{"href":"https:\/\/www.ceramicbasin.com\/pt\/wp-json\/wp\/v2\/types\/product"}],"replies":[{"embeddable":true,"href":"https:\/\/www.ceramicbasin.com\/pt\/wp-json\/wp\/v2\/comments?post=9271"}],"wp:featuredmedia":[{"embeddable":true,"href":"https:\/\/www.ceramicbasin.com\/pt\/wp-json\/wp\/v2\/media\/9272"}],"wp:attachment":[{"href":"https:\/\/www.ceramicbasin.com\/pt\/wp-json\/wp\/v2\/media?parent=9271"}],"wp:term":[{"taxonomy":"product_brand","embeddable":true,"href":"https:\/\/www.ceramicbasin.com\/pt\/wp-json\/wp\/v2\/product_brand?post=9271"},{"taxonomy":"product_cat","embeddable":true,"href":"https:\/\/www.ceramicbasin.com\/pt\/wp-json\/wp\/v2\/product_cat?post=9271"},{"taxonomy":"product_tag","embeddable":true,"href":"https:\/\/www.ceramicbasin.com\/pt\/wp-json\/wp\/v2\/product_tag?post=9271"}],"curies":[{"name":"wp","href":"https:\/\/api.w.org\/{rel}","templated":true}]}}