{"id":9328,"date":"2026-03-21T07:54:43","date_gmt":"2026-03-21T07:54:43","guid":{"rendered":"https:\/\/www.ceramicbasin.com\/?post_type=product&#038;p=9328"},"modified":"2026-03-21T07:54:46","modified_gmt":"2026-03-21T07:54:46","slug":"wholesale-bathroom-lavatories","status":"publish","type":"product","link":"https:\/\/www.ceramicbasin.com\/pt\/produto\/wholesale-bathroom-lavatories\/","title":{"rendered":"Lavat\u00f3rios de casa de banho por atacado Lavat\u00f3rio de vaso com textura de m\u00e1rmore"},"content":{"rendered":"<div class=\"wp-block-columns is-layout-flex wp-container-core-columns-is-layout-9d6595d7 wp-block-columns-is-layout-flex\">\n<div class=\"wp-block-column is-layout-flow wp-block-column-is-layout-flow\">\n<h2 class=\"wp-block-heading\">Lavat\u00f3rios de casa de banho Premium Wholesale Carater\u00edsticas:<\/h2>\n\n\n\n<ul class=\"wp-block-list\">\n<li><strong>Padr\u00e3o cl\u00e1ssico de m\u00e1rmore de Carrara:<\/strong> Os nossos lavat\u00f3rios de casa de banho por atacado utilizam tecnologia avan\u00e7ada de impress\u00e3o por transfer\u00eancia de \u00e1gua para reproduzir fielmente a textura cl\u00e1ssica do m\u00e1rmore italiano de Carrara. Os padr\u00f5es s\u00e3o naturais e fluidos, oferecendo uma experi\u00eancia t\u00e1til requintada que confere \u00e0 casa de banho um ar de luxo discreto.<\/li>\n\n\n\n<li><strong>Design compacto e economizador de espa\u00e7o:<\/strong> Com 450 \u00d7 380 mm, estes lavat\u00f3rios art\u00edsticos por atacado foram especificamente concebidos para casas de banho mais pequenas, casas de banho de h\u00f3spedes ou projectos comerciais. Maximizam a efici\u00eancia do espa\u00e7o sem comprometer uma est\u00e9tica grandiosa e sofisticada.<\/li>\n\n\n\n<li><strong>Instala\u00e7\u00e3o c\u00f3moda na bancada:<\/strong> Com um design cl\u00e1ssico de bacia de bancada, os nossos lavat\u00f3rios de casa de banho por atacado oferecem uma instala\u00e7\u00e3o sem complica\u00e7\u00f5es que n\u00e3o requer cortes complexos na bancada. Podem ser livremente combinados com arm\u00e1rios de casa de banho ou tampos de v\u00e1rios materiais e estilos.<\/li>\n\n\n\n<li><strong>Esmalte liso e autolimpante:<\/strong> O esmalte destes lavat\u00f3rios de arte por atacado \u00e9 liso como um espelho, altamente resistente \u00e0 acumula\u00e7\u00e3o de sujidade e excecionalmente f\u00e1cil de limpar. Uma simples passagem de pano \u00e9 tudo o que \u00e9 necess\u00e1rio para os manter com um aspeto novo, reduzindo assim significativamente os custos de manuten\u00e7\u00e3o.<\/li>\n<\/ul>\n<\/div>\n\n\n\n<div class=\"wp-block-column is-layout-flow wp-block-column-is-layout-flow\">\n<figure class=\"wp-block-image size-full\"><img fetchpriority=\"high\" decoding=\"async\" width=\"1024\" height=\"1024\" src=\"https:\/\/www.ceramicbasin.com\/wp-content\/uploads\/2026\/03\/Ceramic-Rectangle-Vessel-Sink-Marble-Modern-Lavabos-Bathroom-Above-Counter-Hand-Wash-Basin-5.webp\" alt=\"Lavat\u00f3rio retangular em cer\u00e2mica, Lavabos modernos em m\u00e1rmore, Lavat\u00f3rio de casa de banho acima do balc\u00e3o\" class=\"wp-image-9334\" srcset=\"https:\/\/www.ceramicbasin.com\/wp-content\/uploads\/2026\/03\/Ceramic-Rectangle-Vessel-Sink-Marble-Modern-Lavabos-Bathroom-Above-Counter-Hand-Wash-Basin-5.webp 1024w, https:\/\/www.ceramicbasin.com\/wp-content\/uploads\/2026\/03\/Ceramic-Rectangle-Vessel-Sink-Marble-Modern-Lavabos-Bathroom-Above-Counter-Hand-Wash-Basin-5-300x300.webp 300w, https:\/\/www.ceramicbasin.com\/wp-content\/uploads\/2026\/03\/Ceramic-Rectangle-Vessel-Sink-Marble-Modern-Lavabos-Bathroom-Above-Counter-Hand-Wash-Basin-5-150x150.webp 150w, https:\/\/www.ceramicbasin.com\/wp-content\/uploads\/2026\/03\/Ceramic-Rectangle-Vessel-Sink-Marble-Modern-Lavabos-Bathroom-Above-Counter-Hand-Wash-Basin-5-768x768.webp 768w, https:\/\/www.ceramicbasin.com\/wp-content\/uploads\/2026\/03\/Ceramic-Rectangle-Vessel-Sink-Marble-Modern-Lavabos-Bathroom-Above-Counter-Hand-Wash-Basin-5-12x12.webp 12w, https:\/\/www.ceramicbasin.com\/wp-content\/uploads\/2026\/03\/Ceramic-Rectangle-Vessel-Sink-Marble-Modern-Lavabos-Bathroom-Above-Counter-Hand-Wash-Basin-5-285x285.webp 285w, https:\/\/www.ceramicbasin.com\/wp-content\/uploads\/2026\/03\/Ceramic-Rectangle-Vessel-Sink-Marble-Modern-Lavabos-Bathroom-Above-Counter-Hand-Wash-Basin-5-270x270.webp 270w, https:\/\/www.ceramicbasin.com\/wp-content\/uploads\/2026\/03\/Ceramic-Rectangle-Vessel-Sink-Marble-Modern-Lavabos-Bathroom-Above-Counter-Hand-Wash-Basin-5-540x540.webp 540w, https:\/\/www.ceramicbasin.com\/wp-content\/uploads\/2026\/03\/Ceramic-Rectangle-Vessel-Sink-Marble-Modern-Lavabos-Bathroom-Above-Counter-Hand-Wash-Basin-5-660x660.webp 660w\" sizes=\"(max-width: 1024px) 100vw, 1024px\" \/><\/figure>\n<\/div>\n<\/div>","protected":false},"excerpt":{"rendered":"<p>Bem-vindo \u00e0 compra de lavat\u00f3rios de arte por grosso. Lavat\u00f3rios de casa de banho modernos de 450 mm com aspeto de m\u00e1rmore de Carrara de primeira qualidade. Lavat\u00f3rio de cer\u00e2mica de bancada compacto, ideal para projectos elegantes de vaidade em casa ou no hotel.<\/p>\n<table style=\"border-collapse: collapse; width: 311.02pt;\" border=\"0\" width=\"311\" cellspacing=\"0\" cellpadding=\"0\">\n<tbody>\n<tr style=\"height: 17.60pt;\">\n<td class=\"et3\" style=\"height: 17.60pt; width: 108.35pt;\" width=\"108\" height=\"17\">Fabricante<\/td>\n<td class=\"et3\" style=\"width: 202.95pt;\" width=\"202\">HanYu<\/td>\n<\/tr>\n<tr style=\"height: 17.60pt;\">\n<td class=\"et3\" style=\"height: 17.60pt;\" height=\"17\">Modelo n.<\/td>\n<td class=\"et4\">HY-8064-45D99<\/td>\n<\/tr>\n<tr style=\"height: 36.00pt;\">\n<td class=\"et3\" style=\"height: 36.00pt;\" height=\"36\">Tipo<\/td>\n<td class=\"et5\" style=\"width: 202.95pt;\" width=\"202\">Lavat\u00f3rio em m\u00e1rmore, Lavat\u00f3rio de bancada<\/td>\n<\/tr>\n<tr style=\"height: 17.60pt;\">\n<td class=\"et3\" style=\"height: 17.60pt;\" height=\"17\">Forma<\/td>\n<td class=\"et3\">Forma retangular<\/td>\n<\/tr>\n<tr style=\"height: 18.00pt;\">\n<td class=\"et4\" style=\"height: 18.00pt;\" height=\"18\">Cor<\/td>\n<td class=\"et5\" style=\"width: 202.95pt;\" width=\"202\">Preto<\/td>\n<\/tr>\n<tr style=\"height: 18.00pt;\">\n<td class=\"et3\" style=\"height: 18.00pt;\" height=\"18\">Dimens\u00e3o<\/td>\n<td class=\"et5\" style=\"width: 202.95pt;\" width=\"202\">45*38*11<\/td>\n<\/tr>\n<tr style=\"height: 17.60pt;\">\n<td class=\"et3\" style=\"height: 17.60pt;\" height=\"17\">N.W \/SET<\/td>\n<td class=\"et3\">8KGS\/PCS<\/td>\n<\/tr>\n<tr style=\"height: 17.60pt;\">\n<td class=\"et3\" style=\"height: 17.60pt;\" height=\"17\">MOQ<\/td>\n<td class=\"et3\">20 unidades<\/td>\n<\/tr>\n<tr style=\"height: 17.60pt;\">\n<td class=\"et3\" style=\"height: 17.60pt;\" height=\"17\">Op\u00e7\u00e3o personalizada<\/td>\n<td class=\"et3\">Cor\/Patente\/Tamanho\/Logotipo\/Embalagem<\/td>\n<\/tr>\n<\/tbody>\n<\/table>","protected":false},"featured_media":9330,"comment_status":"closed","ping_status":"closed","template":"","meta":{"_acf_changed":false},"product_brand":[],"product_cat":[50,54],"product_tag":[],"class_list":{"0":"post-9328","1":"product","2":"type-product","3":"status-publish","4":"has-post-thumbnail","6":"product_cat-wholesale-countertop-sinks","7":"product_cat-wholesale-marble-sinks","9":"first","10":"instock","11":"shipping-taxable","12":"product-type-simple"},"acf":[],"_links":{"self":[{"href":"https:\/\/www.ceramicbasin.com\/pt\/wp-json\/wp\/v2\/product\/9328","targetHints":{"allow":["GET"]}}],"collection":[{"href":"https:\/\/www.ceramicbasin.com\/pt\/wp-json\/wp\/v2\/product"}],"about":[{"href":"https:\/\/www.ceramicbasin.com\/pt\/wp-json\/wp\/v2\/types\/product"}],"replies":[{"embeddable":true,"href":"https:\/\/www.ceramicbasin.com\/pt\/wp-json\/wp\/v2\/comments?post=9328"}],"wp:featuredmedia":[{"embeddable":true,"href":"https:\/\/www.ceramicbasin.com\/pt\/wp-json\/wp\/v2\/media\/9330"}],"wp:attachment":[{"href":"https:\/\/www.ceramicbasin.com\/pt\/wp-json\/wp\/v2\/media?parent=9328"}],"wp:term":[{"taxonomy":"product_brand","embeddable":true,"href":"https:\/\/www.ceramicbasin.com\/pt\/wp-json\/wp\/v2\/product_brand?post=9328"},{"taxonomy":"product_cat","embeddable":true,"href":"https:\/\/www.ceramicbasin.com\/pt\/wp-json\/wp\/v2\/product_cat?post=9328"},{"taxonomy":"product_tag","embeddable":true,"href":"https:\/\/www.ceramicbasin.com\/pt\/wp-json\/wp\/v2\/product_tag?post=9328"}],"curies":[{"name":"wp","href":"https:\/\/api.w.org\/{rel}","templated":true}]}}