{"id":9341,"date":"2026-03-21T07:21:29","date_gmt":"2026-03-21T07:21:29","guid":{"rendered":"https:\/\/www.ceramicbasin.com\/?post_type=product&#038;p=9341"},"modified":"2026-03-21T07:21:31","modified_gmt":"2026-03-21T07:21:31","slug":"wholesale-oval-ceramic-basin","status":"publish","type":"product","link":"https:\/\/www.ceramicbasin.com\/pt\/produto\/wholesale-oval-ceramic-basin\/","title":{"rendered":"Lavat\u00f3rio de cer\u00e2mica oval por atacado com textura de m\u00e1rmore preto"},"content":{"rendered":"<div class=\"wp-block-columns is-layout-flex wp-container-core-columns-is-layout-9d6595d7 wp-block-columns-is-layout-flex\">\n<div class=\"wp-block-column is-layout-flow wp-block-column-is-layout-flow\">\n<h2 class=\"wp-block-heading\">Bacia de cer\u00e2mica oval Premium Wholesale Carater\u00edsticas:<\/h2>\n\n\n\n<ul class=\"wp-block-list\">\n<li><strong>Design com efeito de m\u00e1rmore de qualidade superior:<\/strong> Esta bacia de cer\u00e2mica oval por atacado apresenta uma textura de m\u00e1rmore \u00fanica com uma base preta e veios brancos. Eleva a sensa\u00e7\u00e3o de luxo em qualquer casa de banho, tornando-a a primeira escolha para estilos de interiores modernos e de \u201cluxo leve\u201d.<\/li>\n\n\n\n<li><strong>Cer\u00e2mica de alta qualidade e f\u00e1cil de limpar:<\/strong> O nosso lavat\u00f3rio de cer\u00e2mica para casa de banho por atacado \u00e9 fabricado em cer\u00e2mica cozida a alta temperatura. Apresenta uma baixa absor\u00e7\u00e3o de \u00e1gua e uma superf\u00edcie dura e resistente ao desgaste que resiste ao amarelecimento ou a fissuras, garantindo uma durabilidade duradoura mesmo com uma utiliza\u00e7\u00e3o prolongada.<\/li>\n\n\n\n<li><strong>Silhueta oval e aerodin\u00e2mica:<\/strong> Com uma largura generosa de 650 mm e um design de lavat\u00f3rio profundo, este lavat\u00f3rio oval em cer\u00e2mica evita eficazmente os salpicos de \u00e1gua. Atinge um equil\u00edbrio perfeito entre funcionalidade ergon\u00f3mica e est\u00e9tica visual.<\/li>\n\n\n\n<li><strong>Revestimento f\u00e1cil de limpar e resistente a manchas:<\/strong> O esmalte deste lavat\u00f3rio de casa de banho em cer\u00e2mica por atacado \u00e9 suave e refinado, dificultando a ader\u00eancia da sujidade. Uma simples passagem de pano \u00e9 tudo o que \u00e9 necess\u00e1rio para restaurar o seu aspeto imaculado e como novo, garantindo baixos custos de manuten\u00e7\u00e3o.<\/li>\n\n\n\n<li><strong>Ideal para projectos comerciais:<\/strong> Com dimens\u00f5es padr\u00e3o compat\u00edveis com uma grande variedade de bancadas, este lavat\u00f3rio oval de cer\u00e2mica por atacado oferece uma qualidade consistente e fi\u00e1vel. \u00c9 uma excelente escolha para aquisi\u00e7\u00e3o a granel em projectos comerciais, incluindo hot\u00e9is, apartamentos e empreendimentos residenciais de topo de gama.<\/li>\n<\/ul>\n<\/div>\n\n\n\n<div class=\"wp-block-column is-layout-flow wp-block-column-is-layout-flow\">\n<figure class=\"wp-block-image size-full\"><img fetchpriority=\"high\" decoding=\"async\" width=\"1024\" height=\"1024\" src=\"https:\/\/www.ceramicbasin.com\/wp-content\/uploads\/2026\/03\/New-Modern-Designs-Counter-Top-Basin-Ceramic-Black-Color-Bathroom-Vessel-Sink-5.webp\" alt=\"Novo lavat\u00f3rio de bancada de design moderno, lavat\u00f3rio de vaso de casa de banho em cer\u00e2mica de cor preta\" class=\"wp-image-9347\" srcset=\"https:\/\/www.ceramicbasin.com\/wp-content\/uploads\/2026\/03\/New-Modern-Designs-Counter-Top-Basin-Ceramic-Black-Color-Bathroom-Vessel-Sink-5.webp 1024w, https:\/\/www.ceramicbasin.com\/wp-content\/uploads\/2026\/03\/New-Modern-Designs-Counter-Top-Basin-Ceramic-Black-Color-Bathroom-Vessel-Sink-5-300x300.webp 300w, https:\/\/www.ceramicbasin.com\/wp-content\/uploads\/2026\/03\/New-Modern-Designs-Counter-Top-Basin-Ceramic-Black-Color-Bathroom-Vessel-Sink-5-150x150.webp 150w, https:\/\/www.ceramicbasin.com\/wp-content\/uploads\/2026\/03\/New-Modern-Designs-Counter-Top-Basin-Ceramic-Black-Color-Bathroom-Vessel-Sink-5-768x768.webp 768w, https:\/\/www.ceramicbasin.com\/wp-content\/uploads\/2026\/03\/New-Modern-Designs-Counter-Top-Basin-Ceramic-Black-Color-Bathroom-Vessel-Sink-5-12x12.webp 12w, https:\/\/www.ceramicbasin.com\/wp-content\/uploads\/2026\/03\/New-Modern-Designs-Counter-Top-Basin-Ceramic-Black-Color-Bathroom-Vessel-Sink-5-285x285.webp 285w, https:\/\/www.ceramicbasin.com\/wp-content\/uploads\/2026\/03\/New-Modern-Designs-Counter-Top-Basin-Ceramic-Black-Color-Bathroom-Vessel-Sink-5-270x270.webp 270w, https:\/\/www.ceramicbasin.com\/wp-content\/uploads\/2026\/03\/New-Modern-Designs-Counter-Top-Basin-Ceramic-Black-Color-Bathroom-Vessel-Sink-5-540x540.webp 540w, https:\/\/www.ceramicbasin.com\/wp-content\/uploads\/2026\/03\/New-Modern-Designs-Counter-Top-Basin-Ceramic-Black-Color-Bathroom-Vessel-Sink-5-660x660.webp 660w\" sizes=\"(max-width: 1024px) 100vw, 1024px\" \/><\/figure>\n<\/div>\n<\/div>","protected":false},"excerpt":{"rendered":"<p>Bem-vindo \u00e0 compra de lavat\u00f3rios de cer\u00e2mica para casa de banho. O nosso lavat\u00f3rio de cer\u00e2mica oval de 650 mm com acabamento elegante em m\u00e1rmore preto. Bacia de arte de bancada dur\u00e1vel e f\u00e1cil de limpar para projectos de casas de banho modernas e luxuosas.<\/p>\n<table style=\"border-collapse: collapse; width: 311.02pt;\" border=\"0\" width=\"311\" cellspacing=\"0\" cellpadding=\"0\">\n<tbody>\n<tr style=\"height: 17.60pt;\">\n<td class=\"et3\" style=\"height: 17.60pt; width: 108.35pt;\" width=\"108\" height=\"17\">Fabricante<\/td>\n<td class=\"et3\" style=\"width: 202.95pt;\" width=\"202\">HanYu<\/td>\n<\/tr>\n<tr style=\"height: 17.60pt;\">\n<td class=\"et3\" style=\"height: 17.60pt;\" height=\"17\">Modelo n.<\/td>\n<td class=\"et4\">HY8010D94<\/td>\n<\/tr>\n<tr style=\"height: 17.60pt;\">\n<td class=\"et3\" style=\"height: 17.60pt;\" height=\"17\">Tipo<\/td>\n<td class=\"et3\">Lavat\u00f3rio de bancada<\/td>\n<\/tr>\n<tr style=\"height: 17.60pt;\">\n<td class=\"et3\" style=\"height: 17.60pt;\" height=\"17\">Forma<\/td>\n<td class=\"et2\">Forma oval<\/td>\n<\/tr>\n<tr style=\"height: 17.60pt;\">\n<td class=\"et4\" style=\"height: 17.60pt;\" height=\"17\">Cor<\/td>\n<td class=\"et3\">Preto<\/td>\n<\/tr>\n<tr style=\"height: 18.00pt;\">\n<td class=\"et3\" style=\"height: 18.00pt;\" height=\"18\">Dimens\u00e3o<\/td>\n<td class=\"et5\" style=\"width: 202.95pt;\" width=\"202\">65*44*16<\/td>\n<\/tr>\n<tr style=\"height: 17.60pt;\">\n<td class=\"et3\" style=\"height: 17.60pt;\" height=\"17\">N.W \/SET<\/td>\n<td class=\"et3\">12KGS\/PCS<\/td>\n<\/tr>\n<tr style=\"height: 17.60pt;\">\n<td class=\"et3\" style=\"height: 17.60pt;\" height=\"17\">MOQ<\/td>\n<td class=\"et3\">20 unidades<\/td>\n<\/tr>\n<tr style=\"height: 17.60pt;\">\n<td class=\"et3\" style=\"height: 17.60pt;\" height=\"17\">Op\u00e7\u00e3o personalizada<\/td>\n<td class=\"et3\">Cor\/Patente\/Tamanho\/Logotipo\/Embalagem<\/td>\n<\/tr>\n<\/tbody>\n<\/table>","protected":false},"featured_media":9342,"comment_status":"closed","ping_status":"closed","template":"","meta":{"_acf_changed":false},"product_brand":[],"product_cat":[50,54],"product_tag":[],"class_list":{"0":"post-9341","1":"product","2":"type-product","3":"status-publish","4":"has-post-thumbnail","6":"product_cat-wholesale-countertop-sinks","7":"product_cat-wholesale-marble-sinks","9":"first","10":"instock","11":"shipping-taxable","12":"product-type-simple"},"acf":[],"_links":{"self":[{"href":"https:\/\/www.ceramicbasin.com\/pt\/wp-json\/wp\/v2\/product\/9341","targetHints":{"allow":["GET"]}}],"collection":[{"href":"https:\/\/www.ceramicbasin.com\/pt\/wp-json\/wp\/v2\/product"}],"about":[{"href":"https:\/\/www.ceramicbasin.com\/pt\/wp-json\/wp\/v2\/types\/product"}],"replies":[{"embeddable":true,"href":"https:\/\/www.ceramicbasin.com\/pt\/wp-json\/wp\/v2\/comments?post=9341"}],"wp:featuredmedia":[{"embeddable":true,"href":"https:\/\/www.ceramicbasin.com\/pt\/wp-json\/wp\/v2\/media\/9342"}],"wp:attachment":[{"href":"https:\/\/www.ceramicbasin.com\/pt\/wp-json\/wp\/v2\/media?parent=9341"}],"wp:term":[{"taxonomy":"product_brand","embeddable":true,"href":"https:\/\/www.ceramicbasin.com\/pt\/wp-json\/wp\/v2\/product_brand?post=9341"},{"taxonomy":"product_cat","embeddable":true,"href":"https:\/\/www.ceramicbasin.com\/pt\/wp-json\/wp\/v2\/product_cat?post=9341"},{"taxonomy":"product_tag","embeddable":true,"href":"https:\/\/www.ceramicbasin.com\/pt\/wp-json\/wp\/v2\/product_tag?post=9341"}],"curies":[{"name":"wp","href":"https:\/\/api.w.org\/{rel}","templated":true}]}}