{"id":9538,"date":"2026-04-14T03:38:04","date_gmt":"2026-04-14T03:38:04","guid":{"rendered":"https:\/\/www.ceramicbasin.com\/?post_type=product&#038;p=9538"},"modified":"2026-04-14T03:38:11","modified_gmt":"2026-04-14T03:38:11","slug":"factory-supply-wall-hung-basin","status":"publish","type":"product","link":"https:\/\/www.ceramicbasin.com\/pt\/produto\/factory-supply-wall-hung-basin\/","title":{"rendered":"Bacia suspensa de f\u00e1brica, lavat\u00f3rio de cer\u00e2mica para casa de banho a granel"},"content":{"rendered":"<div class=\"wp-block-columns is-layout-flex wp-container-core-columns-is-layout-9d6595d7 wp-block-columns-is-layout-flex\">\n<div class=\"wp-block-column is-layout-flow wp-block-column-is-layout-flow\">\n<h2 class=\"wp-block-heading\">Bacia suspensa de fornecimento de f\u00e1brica Premium Carater\u00edsticas:<\/h2>\n\n\n\n<ul class=\"wp-block-list\">\n<li><strong>Design cl\u00e1ssico: <\/strong>A nossa bacia suspensa de f\u00e1brica apresenta um design cl\u00e1ssico intemporal com um design limpo, com uma pequena instala\u00e7\u00e3o montada na parede para maximizar a utiliza\u00e7\u00e3o de espa\u00e7o limitado.<\/li>\n\n\n\n<li><strong>Instala\u00e7\u00e3o na parede: <\/strong>O design de montagem na parede poupa espa\u00e7o e \u00e9 f\u00e1cil de limpar. Estes lavat\u00f3rios suspensos de f\u00e1brica s\u00e3o particularmente adequados para casas de banho modernas e compactas, melhorando a limpeza e a modernidade de todo o espa\u00e7o.<\/li>\n\n\n\n<li><strong>Tratamento de esmalte f\u00e1cil de limpar:<\/strong> A superf\u00edcie desta pia de banheiro de cer\u00e2mica por atacado adota uma tecnologia especial de esmalte f\u00e1cil de limpar, que \u00e9 suave e delicada, manchas para aderir e \u00e9 f\u00e1cil de limpar.<\/li>\n\n\n\n<li><strong>Desconto para compras em massa:<\/strong> Como fabricante e fornecedor profissional de bacias de cer\u00e2mica, oferecemos pre\u00e7os muito competitivos, adequados para projectos de decora\u00e7\u00e3o em grande escala, como hot\u00e9is, apartamentos, escrit\u00f3rios, etc.<\/li>\n<\/ul>\n<\/div>\n\n\n\n<div class=\"wp-block-column is-layout-flow wp-block-column-is-layout-flow\">\n<figure class=\"wp-block-image size-full\"><img fetchpriority=\"high\" decoding=\"async\" width=\"1024\" height=\"1023\" src=\"https:\/\/www.ceramicbasin.com\/wp-content\/uploads\/2026\/04\/Bathroom-basin-ceramic-wall-hung-wash-basin-factory-supply-5.webp\" alt=\"fornecimento de f\u00e1brica-lavat\u00f3rio suspenso de parede-lavat\u00f3rio de casa de banho em cer\u00e2mica-5\" class=\"wp-image-9543\" srcset=\"https:\/\/www.ceramicbasin.com\/wp-content\/uploads\/2026\/04\/Bathroom-basin-ceramic-wall-hung-wash-basin-factory-supply-5.webp 1024w, https:\/\/www.ceramicbasin.com\/wp-content\/uploads\/2026\/04\/Bathroom-basin-ceramic-wall-hung-wash-basin-factory-supply-5-300x300.webp 300w, https:\/\/www.ceramicbasin.com\/wp-content\/uploads\/2026\/04\/Bathroom-basin-ceramic-wall-hung-wash-basin-factory-supply-5-150x150.webp 150w, https:\/\/www.ceramicbasin.com\/wp-content\/uploads\/2026\/04\/Bathroom-basin-ceramic-wall-hung-wash-basin-factory-supply-5-768x767.webp 768w, https:\/\/www.ceramicbasin.com\/wp-content\/uploads\/2026\/04\/Bathroom-basin-ceramic-wall-hung-wash-basin-factory-supply-5-12x12.webp 12w, https:\/\/www.ceramicbasin.com\/wp-content\/uploads\/2026\/04\/Bathroom-basin-ceramic-wall-hung-wash-basin-factory-supply-5-285x285.webp 285w, https:\/\/www.ceramicbasin.com\/wp-content\/uploads\/2026\/04\/Bathroom-basin-ceramic-wall-hung-wash-basin-factory-supply-5-270x270.webp 270w, https:\/\/www.ceramicbasin.com\/wp-content\/uploads\/2026\/04\/Bathroom-basin-ceramic-wall-hung-wash-basin-factory-supply-5-540x540.webp 540w, https:\/\/www.ceramicbasin.com\/wp-content\/uploads\/2026\/04\/Bathroom-basin-ceramic-wall-hung-wash-basin-factory-supply-5-660x660.webp 660w\" sizes=\"(max-width: 1024px) 100vw, 1024px\" \/><\/figure>\n<\/div>\n<\/div>","protected":false},"excerpt":{"rendered":"<p>Bem-vindo ao comprar a bacia suspensa de f\u00e1brica da Hanyu, fabricada em cer\u00e2mica dur\u00e1vel. Parceria com um fabricante de confian\u00e7a para o lavat\u00f3rio de casa de banho de cer\u00e2mica por atacado. H\u00e1 uma grande quantidade de prepara\u00e7\u00e3o de estoque de pia de banheiro e servi\u00e7o de entrega r\u00e1pida para atender \u00e0s necessidades urgentes do projeto.<\/p>\n<table border=\"0\" width=\"478\" cellspacing=\"0\" cellpadding=\"0\">\n<tbody>\n<tr>\n<td width=\"166\" height=\"23\">Fabricante<\/td>\n<td width=\"312\">HanYu<\/td>\n<\/tr>\n<tr>\n<td height=\"23\">Modelo n.<\/td>\n<td>HY-3095<\/td>\n<\/tr>\n<tr>\n<td height=\"23\">Tipo<\/td>\n<td width=\"312\">Lava-loi\u00e7as de parede<\/td>\n<\/tr>\n<tr>\n<td height=\"24\">Forma<\/td>\n<td>Forma retangular<\/td>\n<\/tr>\n<tr>\n<td height=\"46\">Cor<\/td>\n<td width=\"312\">preto\/branco\/azul\/cinzento\/rosa\/verde\/castanho\/caqui<\/td>\n<\/tr>\n<tr>\n<td height=\"24\">Dimens\u00e3o<\/td>\n<td width=\"312\">36*25*10<\/td>\n<\/tr>\n<tr>\n<td height=\"23\">N.W \/SET<\/td>\n<td>6.5KGS\/PCS<\/td>\n<\/tr>\n<tr>\n<td height=\"23\">MOQ<\/td>\n<td>20 unidades<\/td>\n<\/tr>\n<tr>\n<td height=\"23\">Op\u00e7\u00e3o personalizada<\/td>\n<td>Cor\/Patente\/Tamanho\/Logotipo\/Embalagem<\/td>\n<\/tr>\n<\/tbody>\n<\/table>","protected":false},"featured_media":9539,"comment_status":"closed","ping_status":"closed","template":"","meta":{"_acf_changed":false},"product_brand":[],"product_cat":[57],"product_tag":[],"class_list":{"0":"post-9538","1":"product","2":"type-product","3":"status-publish","4":"has-post-thumbnail","6":"product_cat-wholesale-wall-mounted-sinks","8":"first","9":"instock","10":"shipping-taxable","11":"product-type-simple"},"acf":[],"_links":{"self":[{"href":"https:\/\/www.ceramicbasin.com\/pt\/wp-json\/wp\/v2\/product\/9538","targetHints":{"allow":["GET"]}}],"collection":[{"href":"https:\/\/www.ceramicbasin.com\/pt\/wp-json\/wp\/v2\/product"}],"about":[{"href":"https:\/\/www.ceramicbasin.com\/pt\/wp-json\/wp\/v2\/types\/product"}],"replies":[{"embeddable":true,"href":"https:\/\/www.ceramicbasin.com\/pt\/wp-json\/wp\/v2\/comments?post=9538"}],"wp:featuredmedia":[{"embeddable":true,"href":"https:\/\/www.ceramicbasin.com\/pt\/wp-json\/wp\/v2\/media\/9539"}],"wp:attachment":[{"href":"https:\/\/www.ceramicbasin.com\/pt\/wp-json\/wp\/v2\/media?parent=9538"}],"wp:term":[{"taxonomy":"product_brand","embeddable":true,"href":"https:\/\/www.ceramicbasin.com\/pt\/wp-json\/wp\/v2\/product_brand?post=9538"},{"taxonomy":"product_cat","embeddable":true,"href":"https:\/\/www.ceramicbasin.com\/pt\/wp-json\/wp\/v2\/product_cat?post=9538"},{"taxonomy":"product_tag","embeddable":true,"href":"https:\/\/www.ceramicbasin.com\/pt\/wp-json\/wp\/v2\/product_tag?post=9538"}],"curies":[{"name":"wp","href":"https:\/\/api.w.org\/{rel}","templated":true}]}}