{"id":9587,"date":"2026-04-20T08:29:05","date_gmt":"2026-04-20T08:29:05","guid":{"rendered":"https:\/\/www.ceramicbasin.com\/?post_type=product&#038;p=9587"},"modified":"2026-04-20T08:29:54","modified_gmt":"2026-04-20T08:29:54","slug":"wholesale-marble-countertop-sink","status":"publish","type":"product","link":"https:\/\/www.ceramicbasin.com\/pt\/produto\/wholesale-marble-countertop-sink\/","title":{"rendered":"Fornecedor grossista de lavat\u00f3rio de bancada em m\u00e1rmore, bacia de cer\u00e2mica"},"content":{"rendered":"<div class=\"wp-block-columns is-layout-flex wp-container-core-columns-is-layout-9d6595d7 wp-block-columns-is-layout-flex\">\n<div class=\"wp-block-column is-layout-flow wp-block-column-is-layout-flow\">\n<h2 class=\"wp-block-heading\">Carater\u00edsticas do lavat\u00f3rio de bancada de m\u00e1rmore Premium Wholesale:<\/h2>\n\n\n\n<ul class=\"wp-block-list\">\n<li><strong>Estilo elegante com efeito de m\u00e1rmore:<\/strong> O nosso lavat\u00f3rio de m\u00e1rmore por atacado com acabamento vidrado de m\u00e1rmore falso de alta qualidade, veios coloridos, naturais e fluidos melhora muito qualquer espa\u00e7o de casa de banho, tornando-o \u00fanico e elegante.<\/li>\n\n\n\n<li><strong>Artesanato em cer\u00e2mica de qualidade superior: <\/strong>O nosso lava-loi\u00e7a de bancada de m\u00e1rmore por atacado \u00e9 cozido a altas temperaturas, o corpo cer\u00e2mico \u00e9 excecionalmente fino e denso, apresentando uma taxa de absor\u00e7\u00e3o de \u00e1gua extremamente baixa. A superf\u00edcie \u00e9 perfeitamente lisa e plana, oferecendo excelente resist\u00eancia a arranh\u00f5es e manchas.<\/li>\n\n\n\n<li><strong>Instala\u00e7\u00e3o de bancadas modernas:<\/strong> Este lavat\u00f3rio de bancada em m\u00e1rmore foi concebido para instala\u00e7\u00e3o em bancada (estilo lavat\u00f3rio de vaso). N\u00e3o s\u00f3 o processo de instala\u00e7\u00e3o \u00e9 simples, como a sua largura generosa de 715 mm atinge um equil\u00edbrio perfeito entre a funcionalidade pr\u00e1tica e o apelo decorativo, tornando-o a escolha ideal para esquemas de design de interiores minimalistas modernos ou de \u201cluxo leve\u201d.<\/li>\n\n\n\n<li><strong>F\u00e1cil de limpar e manter: <\/strong>O design de cantos arredondados e sem costuras do lavat\u00f3rio de cer\u00e2mica para casa de banho por atacado minimiza eficazmente a acumula\u00e7\u00e3o de sujidade, enquanto o esmalte hidrof\u00f3bico garante que a \u00e1gua escorra suavemente. Uma simples limpeza \u00e9 tudo o que \u00e9 necess\u00e1rio para manter a higiene, tornando este lavat\u00f3rio uma excelente escolha tanto para propriet\u00e1rios exigentes que procuram um estilo de vida de alta qualidade como para ambientes comerciais de retalho.<\/li>\n\n\n\n<li><strong>Colorido: <\/strong>A cor de m\u00e1rmore deste lavat\u00f3rio de casa de banho por atacado \u00e9 feita por impress\u00e3o de transfer\u00eancia de \u00e1gua com base numa bacia branca brilhante comum, que \u00e9 bonita e dur\u00e1vel. Oferecemos mais de 100 cores e padr\u00f5es para escolher, e todos os modelos de lavat\u00f3rio por atacado podem ser personalizados em cor e textura.<\/li>\n<\/ul>\n<\/div>\n\n\n\n<div class=\"wp-block-column is-layout-flow wp-block-column-is-layout-flow\">\n<figure class=\"wp-block-image size-full\"><img fetchpriority=\"high\" decoding=\"async\" width=\"651\" height=\"858\" src=\"https:\/\/www.ceramicbasin.com\/wp-content\/uploads\/2026\/04\/Bathroom-ceramic-wholesale-price-suppliertop-mounted-wash-basin-sinks-5.webp\" alt=\"grossista-fornecedor-de-lava-loi\u00e7a-de-m\u00e1rmore-cer\u00e2mica-lavat\u00f3rio-5\" class=\"wp-image-9571\" srcset=\"https:\/\/www.ceramicbasin.com\/wp-content\/uploads\/2026\/04\/Bathroom-ceramic-wholesale-price-suppliertop-mounted-wash-basin-sinks-5.webp 651w, https:\/\/www.ceramicbasin.com\/wp-content\/uploads\/2026\/04\/Bathroom-ceramic-wholesale-price-suppliertop-mounted-wash-basin-sinks-5-228x300.webp 228w, https:\/\/www.ceramicbasin.com\/wp-content\/uploads\/2026\/04\/Bathroom-ceramic-wholesale-price-suppliertop-mounted-wash-basin-sinks-5-9x12.webp 9w, https:\/\/www.ceramicbasin.com\/wp-content\/uploads\/2026\/04\/Bathroom-ceramic-wholesale-price-suppliertop-mounted-wash-basin-sinks-5-285x376.webp 285w, https:\/\/www.ceramicbasin.com\/wp-content\/uploads\/2026\/04\/Bathroom-ceramic-wholesale-price-suppliertop-mounted-wash-basin-sinks-5-501x660.webp 501w, https:\/\/www.ceramicbasin.com\/wp-content\/uploads\/2026\/04\/Bathroom-ceramic-wholesale-price-suppliertop-mounted-wash-basin-sinks-5-114x150.webp 114w\" sizes=\"(max-width: 651px) 100vw, 651px\" \/><\/figure>\n<\/div>\n<\/div>","protected":false},"excerpt":{"rendered":"<p>Bem-vindo a comprar o nosso lavat\u00f3rio de bancada em m\u00e1rmore por atacado. Com uma dimens\u00e3o impressionante de 715 x 410 x 145 mm, este lavat\u00f3rio apresenta veios de m\u00e1rmore requintados que ajudam a criar uma atmosfera de alta qualidade para o espa\u00e7o da casa de banho. Como fornecedor profissional de lava-loi\u00e7as de cer\u00e2mica, oferecemos pre\u00e7os competitivos por grosso e servi\u00e7os de personaliza\u00e7\u00e3o para projectos comerciais de topo de gama, retalhistas de casas de banho de boutique e o mercado de brindes empresariais.<\/p>\n<table border=\"0\" width=\"478\" cellspacing=\"0\" cellpadding=\"0\">\n<tbody>\n<tr>\n<td width=\"166\" height=\"23\">Fabricante<\/td>\n<td width=\"312\">HanYu<\/td>\n<\/tr>\n<tr>\n<td height=\"23\">Modelo n.<\/td>\n<td>HY-5106D19<\/td>\n<\/tr>\n<tr>\n<td height=\"23\">Tipo<\/td>\n<td width=\"312\">Pias de m\u00e1rmore<\/td>\n<\/tr>\n<tr>\n<td height=\"24\">Forma<\/td>\n<td>Forma retangular<\/td>\n<\/tr>\n<tr>\n<td height=\"46\">Cor<\/td>\n<td width=\"312\">preto\/branco\/azul\/cinzento\/rosa\/verde\/castanho\/caqui<\/td>\n<\/tr>\n<tr>\n<td height=\"24\">Dimens\u00e3o<\/td>\n<td width=\"312\">71.5*41*14.5<\/td>\n<\/tr>\n<tr>\n<td height=\"23\">N.W \/SET<\/td>\n<td>16KGS\/PCS<\/td>\n<\/tr>\n<tr>\n<td height=\"23\">MOQ<\/td>\n<td>20 unidades<\/td>\n<\/tr>\n<tr>\n<td height=\"23\">Op\u00e7\u00e3o personalizada<\/td>\n<td>Cor\/Patente\/Tamanho\/Logotipo\/Embalagem<\/td>\n<\/tr>\n<\/tbody>\n<\/table>","protected":false},"featured_media":9570,"comment_status":"closed","ping_status":"closed","template":"","meta":{"_acf_changed":false},"product_brand":[],"product_cat":[54,50],"product_tag":[],"class_list":{"0":"post-9587","1":"product","2":"type-product","3":"status-publish","4":"has-post-thumbnail","6":"product_cat-wholesale-marble-sinks","7":"product_cat-wholesale-countertop-sinks","9":"first","10":"instock","11":"shipping-taxable","12":"product-type-simple"},"acf":[],"_links":{"self":[{"href":"https:\/\/www.ceramicbasin.com\/pt\/wp-json\/wp\/v2\/product\/9587","targetHints":{"allow":["GET"]}}],"collection":[{"href":"https:\/\/www.ceramicbasin.com\/pt\/wp-json\/wp\/v2\/product"}],"about":[{"href":"https:\/\/www.ceramicbasin.com\/pt\/wp-json\/wp\/v2\/types\/product"}],"replies":[{"embeddable":true,"href":"https:\/\/www.ceramicbasin.com\/pt\/wp-json\/wp\/v2\/comments?post=9587"}],"wp:featuredmedia":[{"embeddable":true,"href":"https:\/\/www.ceramicbasin.com\/pt\/wp-json\/wp\/v2\/media\/9570"}],"wp:attachment":[{"href":"https:\/\/www.ceramicbasin.com\/pt\/wp-json\/wp\/v2\/media?parent=9587"}],"wp:term":[{"taxonomy":"product_brand","embeddable":true,"href":"https:\/\/www.ceramicbasin.com\/pt\/wp-json\/wp\/v2\/product_brand?post=9587"},{"taxonomy":"product_cat","embeddable":true,"href":"https:\/\/www.ceramicbasin.com\/pt\/wp-json\/wp\/v2\/product_cat?post=9587"},{"taxonomy":"product_tag","embeddable":true,"href":"https:\/\/www.ceramicbasin.com\/pt\/wp-json\/wp\/v2\/product_tag?post=9587"}],"curies":[{"name":"wp","href":"https:\/\/api.w.org\/{rel}","templated":true}]}}